{"id":6690,"date":"2011-01-05T00:39:02","date_gmt":"2011-01-05T03:39:02","guid":{"rendered":"http:\/\/www.maroon5br.com\/"},"modified":"2014-07-16T16:45:31","modified_gmt":"2014-07-16T19:45:31","slug":"entrevista-ryan-dusick","status":"publish","type":"page","link":"https:\/\/www.maroon5br.com\/site\/especiais\/entrevistas\/entrevista-ryan-dusick\/","title":{"rendered":"Entrevista: Ryan Dusick"},"content":{"rendered":"<p style=\"text-align: center;\"><a href=\"https:\/\/www.maroon5br.com\/site\/especiais\/entrevista-ryan-dusick-english\/\">Clique AQUI para ler esta entrevista em ingl\u00eas. Click HERE for an english version of this page.<\/a><\/p>\n<p style=\"text-align: center;\"><img loading=\"lazy\" decoding=\"async\" class=\"size-full wp-image-6219   aligncenter\" title=\"ryan\" src=\"https:\/\/www.maroon5br.com\/site\/wp-content\/uploads\/2010\/09\/ryan.png\" alt=\"\" width=\"500\" height=\"257\" srcset=\"https:\/\/www.maroon5br.com\/site\/wp-content\/uploads\/2010\/09\/ryan.png 500w, https:\/\/www.maroon5br.com\/site\/wp-content\/uploads\/2010\/09\/ryan-250x129.png 250w, https:\/\/www.maroon5br.com\/site\/wp-content\/uploads\/2010\/09\/ryan-300x154.png 300w\" sizes=\"auto, (max-width: 500px) 100vw, 500px\" \/><\/p>\n<p>Em Outubro de 2010, o Maroon 5 Brasil pediu aos f\u00e3s que enviassem perguntas para o Ryan Dusick, ex-baterista do Kara&#8217;s Flowers\/Maroon 5 que deixou a banda em 2006 devido a les\u00f5es no bra\u00e7o, sendo substituido por Matt Flynn. Por e-mail, Ryan respondeu 10 perguntas e conversou sobre o in\u00edcio do Kara&#8217;s Flowers, deixar o Maroon 5 e o que ele tem feito ultimamente, confira:<\/p>\n<blockquote><p><strong>Quando voc\u00ea, Jesse, Mickey e Adam decidiram come\u00e7ar uma banda?<\/strong><em> &#8211; Mayara Viana<\/em><br \/>\n&#8212; Adam e eu nos conhecemos desde pequenos, e n\u00f3s come\u00e7amos uma banda juntos quando come\u00e7amos a tocar nossos instrumentos, mas n\u00e3o foi at\u00e9 anos depois no col\u00e9gio que come\u00e7amos o Kara&#8217;s Flowers\/Maroon 5. Eu tocava na banda da escola com muitas crian\u00e7as mais velhas que eventualmente foram para a faculdade, ent\u00e3o eu voltei a tocar com Adam quando ele estava no primeiro ano e eu estava no terceiro ano. Eu sabia que ele podia cantar, ent\u00e3o queria come\u00e7ar uma banda com ele, mas ele j\u00e1 tinha uma banda com Jesse e Mickey. Jesse me perguntou se eu pensaria em participar da banda, que eu inicialmente recusei, mas depois de tocarmos juntos na banda da escola algumas vezes, eu percebi que t\u00ednhamos uma boa qu\u00edmica juntos, ent\u00e3o come\u00e7amos o Kara&#8217;s Flowers em 5-6 de Fevereiro de 1994. N\u00f3s viramos o Maroon 5 quando James entrou no grupo.<\/p><\/blockquote>\n<p style=\"text-align: center;\"><img loading=\"lazy\" decoding=\"async\" class=\"size-full wp-image-6676   aligncenter\" title=\"ryan-karas1\" src=\"https:\/\/www.maroon5br.com\/site\/wp-content\/uploads\/2011\/01\/ryan-karas1.jpg\" alt=\"\" width=\"500\" height=\"250\" srcset=\"https:\/\/www.maroon5br.com\/site\/wp-content\/uploads\/2011\/01\/ryan-karas1.jpg 500w, https:\/\/www.maroon5br.com\/site\/wp-content\/uploads\/2011\/01\/ryan-karas1-250x125.jpg 250w, https:\/\/www.maroon5br.com\/site\/wp-content\/uploads\/2011\/01\/ryan-karas1-300x150.jpg 300w\" sizes=\"auto, (max-width: 500px) 100vw, 500px\" \/><\/p>\n<blockquote><p><strong>Voc\u00ea esperava que o Maroon 5 se tornasse um fen\u00f4meno mundial?<\/strong> &#8211;<em> Marcela Ghislandi<\/em><br \/>\n&#8212; N\u00f3s sempre fantasiamos sobre sermos a maior banda do mundo, e eu acho que como adolescentes n\u00f3s realmente acredit\u00e1vamos que isso fosse poss\u00edvel. Nossa f\u00e9 foi balan\u00e7ada um pouco depois que o Kara&#8217;s Flowers n\u00e3o decolou, mas eu acho que nossa cren\u00e7a foi renovada quando come\u00e7amos a compor as m\u00fasicas do Maroon 5, mas com uma perspectiva mais realista na \u00e9poca. Ent\u00e3o sim, Eu acho que acredit\u00e1vamos que ser\u00edamos um sucesso mundial, mas eu n\u00e3o diria que n\u00f3s &#8216;esper\u00e1vamos&#8217; por isso.<\/p><\/blockquote>\n<blockquote><p><strong>Qual foi a maior dificuldade que voc\u00ea passou quando saiu do Maroon 5? <\/strong>&#8211;<em> Rayane Fernanda<\/em><br \/>\n&#8212; Bem, na verdade, foi uma \u00e9poca muito dif\u00edcil para mim, ent\u00e3o eu n\u00e3o sei se conseguiria escolher uma emo\u00e7\u00e3o ou sentimento. Foi uma transi\u00e7\u00e3o dif\u00edcil para se acostumar com a id\u00e9ia de que eu n\u00e3o estaria mais participando na vida da banda. Nos estivemos trabalhando por tanto tempo para chegar onde chegamos, e n\u00f3s finalmente experimentamos os frutos dos nossos esfor\u00e7os, aproveitar o sucesso e tudo que vem com ele. Para ter isso afastado de alguma forma foi dif\u00edcil de engolir, mas em um retrospecto, Eu n\u00e3o acho que eu realmente estava apto para a vida de turn\u00ea constante, ent\u00e3o provavelmente foi a melhor op\u00e7\u00e3o.<\/p><\/blockquote>\n<p style=\"text-align: center;\"><img loading=\"lazy\" decoding=\"async\" class=\"aligncenter\" title=\"ryan-m52\" src=\"https:\/\/www.maroon5br.com\/site\/wp-content\/uploads\/2011\/01\/ryan-m52.jpg\" alt=\"\" width=\"500\" height=\"250\" \/><\/p>\n<blockquote><p><strong>Como \u00e9 o seu relacionamento atual com o Maroon 5?<\/strong> &#8211; <em>Alejandra Torres<\/em><br \/>\n&#8211;Eu acho que meu relacionamento com eles \u00e9 bem legal neste momento. Eles me ap\u00f3iam, e eu os ap\u00f3io, ent\u00e3o n\u00e3o teve desentendimentos nem nada do tipo. Voc\u00ea tem que lembrar que n\u00f3s eramos um grupo de melhores amigos desde muito jovens por muito tempo, ent\u00e3o nesse ponto quando eu os vejo, \u00e9 quase como ver meus irm\u00e3os. Foi dif\u00edcil entender como seria nossa rela\u00e7\u00e3o depois da minha sa\u00edda da banda, mas eu acredito que n\u00f3s somos apenas fam\u00edlia agora. Eu n\u00e3o fico tanto tempo com eles como eu gostaria, porque nossas vidas est\u00e3o em situa\u00e7\u00f5es diferentes agora, mas n\u00f3s nos vemos sempre que pudemos. Adam e eu conversamos de tempos em tempos e sempre \u00e9 sobre futilidades, como se fossemos adolescentes.<\/p><\/blockquote>\n<blockquote><p><strong>Existem planos de voc\u00ea retornar para a banda?<\/strong> &#8211; <em>Roberta Menegare<\/em><br \/>\n&#8212; N\u00e3o, n\u00e3o existem planos para que eu volte para a banda, mas eu adoraria acreditar que poder\u00edamos trabalhar junto de alguma forma menor no futuro. Eu estive trabalhando no lado da produ\u00e7\u00e3o nos \u00faltimos anos, ent\u00e3o eu certamente iria gostar da id\u00e9ia de trabalhar com eles em algum momento, mesmo que fosse estranho depois de todo esse tempo. Eu acho que n\u00f3s trabalhamos bem quando eu estava na banda, ent\u00e3o eu quero acreditar que poderia oferecer algo a eles no futuro, mas seria necess\u00e1rio um desejo s\u00e9rio de ambos os lados para que algo dessa forma acontecesse.<\/p><\/blockquote>\n<blockquote><p><strong>Voc\u00ea possui conta no Twitter?<\/strong> &#8211; <em>Priscila Martins<\/em><br \/>\n&#8212; N\u00e3o. Eu sempre sou atrasado quando se trata de tecnologia. Eu tive uma p\u00e1gina no Myspace por um tempo, e tive uma p\u00e1gina no Facebook por um tempo, mas decidi que n\u00e3o seriam \u00fateis na \u00e9poca, ent\u00e3o cencelei. N\u00e3o tentei Twitter ainda.<\/p><\/blockquote>\n<p style=\"text-align: center;\"><img loading=\"lazy\" decoding=\"async\" class=\"aligncenter\" title=\"ryan-m51\" src=\"https:\/\/www.maroon5br.com\/site\/wp-content\/uploads\/2011\/01\/ryan-m51.jpg\" alt=\"\" width=\"500\" height=\"250\" \/><\/p>\n<blockquote><p><strong>Voc\u00ea pode revelar o que significa Maroon 5? <\/strong> &#8211; <em>Amanda Marquette<\/em><br \/>\n&#8212; N\u00e3o. Infelizmente, eu jurei sigilo nesse assunto. Eu acho que vamos levar esse para o t\u00famulo.<\/p><\/blockquote>\n<blockquote><p><strong>Quais s\u00e3o seus pr\u00f3ximos projetos?<\/strong> &#8211; <em>Juliana Silva<\/em><br \/>\n&#8212; Eu produzi um \u00e1lbum para uma banda chamada The Remainers em 2010, que voc\u00ea pode encontrar no iTunes. Eu acho que ficou realmente \u00f3timo. Eles estavam em uma banda que era chamada Big City Rock, e antes disso The Siren Six. N\u00f3s tocamos com eles nas duas vezes, desde os anos 90, ent\u00e3o eles s\u00e3o velhos amigos nossos. Eles conversaram comigo sobre trabalhar em um EP com eles, e eu adorei a id\u00e9ia, ent\u00e3o trabalhamos no \u00e1lbum por alguns meses, e estamos todos felizes com o resultado. Eu estou trabalhando com outra banda chamada Former Future agora, que eu estive ajudando a desenvolver nos \u00faltimos anos. Estamos finalizando um EP com eles agora mesmo, ent\u00e3o deve estar dispon\u00edvel no iTunes em 2011. Fiquem ligados!<\/p><\/blockquote>\n<blockquote><p><strong>Voc\u00ea tem alguma hist\u00f3ria estranha de f\u00e3 para contar?<\/strong> &#8211;<em> Paulo Rocha<\/em><br \/>\n&#8212; Bem, eu tenho uma hist\u00f3ria f\u00e3\/celebridade meio engra\u00e7ada&#8230; n\u00f3s est\u00e1vamos na festa anual pr\u00e9-Grammy do Clive Davis um ano, e um cara veio at\u00e9 n\u00f3s e perguntou se gostar\u00edamos de conhecer Jimmy Page (do Led Zeppelin). Sendo grandes f\u00e3s, claro aceitamos na hora. Quando chegamos na mesa dele, ele levantou e disse, &#8220;Ei pessoal, Eu sou um grande f\u00e3 de voc\u00eas!&#8221; Isso meio que fez minha cabe\u00e7a explodir. Voc\u00ea n\u00e3o espera que um \u00eddolo seu diga que \u00e9 seu f\u00e3!<\/p><\/blockquote>\n<p style=\"text-align: center;\"><img loading=\"lazy\" decoding=\"async\" class=\"alignnone size-full wp-image-6679\" title=\"ryan-m53\" src=\"https:\/\/www.maroon5br.com\/site\/wp-content\/uploads\/2011\/01\/ryan-m53.jpg\" alt=\"\" width=\"500\" height=\"250\" srcset=\"https:\/\/www.maroon5br.com\/site\/wp-content\/uploads\/2011\/01\/ryan-m53.jpg 500w, https:\/\/www.maroon5br.com\/site\/wp-content\/uploads\/2011\/01\/ryan-m53-250x125.jpg 250w, https:\/\/www.maroon5br.com\/site\/wp-content\/uploads\/2011\/01\/ryan-m53-300x150.jpg 300w\" sizes=\"auto, (max-width: 500px) 100vw, 500px\" \/><\/p>\n<blockquote><p><strong>Qual o maior conselho que voc\u00ea j\u00e1 recebeu?<\/strong> &#8211;<em> Caroline Azulay<\/em><br \/>\n&#8212; Eu n\u00e3o sou realmente um cara de cita\u00e7\u00f5es e ditados populares, ent\u00e3o n\u00e3o vou quotar Ghandi ou qualquer coisa do tipo, mas eu vou dizer que todos caras da nossa banda tiveram pais muito bons e apoiadores, ent\u00e3o eu acho que tivemos uma perspectiva bem saud\u00e1vel na vida e onde estar\u00edamos indo. Todos n\u00f3s sab\u00edamos que seguir nossos sonhos, mas n\u00f3s aprendemos a ser realistas em rela\u00e7\u00e3o a expectativas e tentar ser boas pessoas no processo. Eu sei que isso foi meio vago, mas o que eu quero dizer \u00e9 que \u00e9 bom seguir seus sonhos, mas tamb\u00e9m \u00e9 bom ter uma perspectiva saud\u00e1vel sobre os caminhos que a vida pode ser \u00f3tima as vezes, mas tamb\u00e9m pode desapontar \u00e0s vezes. Se voc\u00ea est\u00e1 preparado para o que quer que venha, bom ou ruim, as coisas podem ser \u00f3timas no fim das contas.<\/p><\/blockquote>\n<blockquote><p><strong>Voc\u00ea pode deixar uma mensagem para o Maroon 5 Brasil?<\/strong><br \/>\n&#8212; Ol\u00e1 Maroon 5 Brasil! \u00c9 muito excitante pensar que tem uma na\u00e7\u00e3o inteira de pessoas na Am\u00e9rica do Sul que ap\u00f3ia nossa m\u00fasica, ent\u00e3o muito obrigado! Eu sei que os caras da banda se sentem da mesma forma que eu, mas eu sou meio Latino Americano, ent\u00e3o \u00e9 extra-especial para mim saber que a Am\u00e9rica Latina gosta da m\u00fasica que n\u00f3s fizemos. Muito amor!<\/p><\/blockquote>\n<p>Para saber mais sobre o The Remainers, acesse o <strong><a href=\"http:\/\/www.myspace.com\/theremainersmusic\" target=\"_blank\">Myspace<\/a><\/strong>, <a href=\"http:\/\/facebook.com\/theremainers\"><strong>Facebook<\/strong><\/a> e <a href=\"http:\/\/twitter.com\/theremainers\"><strong>Twitter<\/strong><\/a> deles.<\/p>\n<p><em>Obrigado Ryan Dusick pela honra e nossos afiliados Maroon 5 Mexico, Maroon 5 Argentina e Maroon 5 Mexico por nos ajudar a reunir as perguntas!<br \/>\n<\/em><\/p>\n","protected":false},"excerpt":{"rendered":"<p>Clique AQUI para ler esta entrevista em ingl\u00eas. Click HERE for an english version of this page. Em Outubro de 2010, o Maroon 5 Brasil pediu aos f\u00e3s que enviassem perguntas para o Ryan Dusick, ex-baterista do Kara&#8217;s Flowers\/Maroon 5 que deixou a banda em 2006 devido a les\u00f5es no bra\u00e7o, sendo substituido por Matt [&hellip;]<\/p>\n","protected":false},"author":1,"featured_media":16343,"parent":12493,"menu_order":0,"comment_status":"closed","ping_status":"closed","template":"","meta":{"_themeisle_gutenberg_block_has_review":false,"footnotes":""},"class_list":["post-6690","page","type-page","status-publish","has-post-thumbnail","hentry"],"_links":{"self":[{"href":"https:\/\/www.maroon5br.com\/site\/wp-json\/wp\/v2\/pages\/6690","targetHints":{"allow":["GET"]}}],"collection":[{"href":"https:\/\/www.maroon5br.com\/site\/wp-json\/wp\/v2\/pages"}],"about":[{"href":"https:\/\/www.maroon5br.com\/site\/wp-json\/wp\/v2\/types\/page"}],"author":[{"embeddable":true,"href":"https:\/\/www.maroon5br.com\/site\/wp-json\/wp\/v2\/users\/1"}],"replies":[{"embeddable":true,"href":"https:\/\/www.maroon5br.com\/site\/wp-json\/wp\/v2\/comments?post=6690"}],"version-history":[{"count":15,"href":"https:\/\/www.maroon5br.com\/site\/wp-json\/wp\/v2\/pages\/6690\/revisions"}],"predecessor-version":[{"id":12499,"href":"https:\/\/www.maroon5br.com\/site\/wp-json\/wp\/v2\/pages\/6690\/revisions\/12499"}],"up":[{"embeddable":true,"href":"https:\/\/www.maroon5br.com\/site\/wp-json\/wp\/v2\/pages\/12493"}],"wp:featuredmedia":[{"embeddable":true,"href":"https:\/\/www.maroon5br.com\/site\/wp-json\/wp\/v2\/media\/16343"}],"wp:attachment":[{"href":"https:\/\/www.maroon5br.com\/site\/wp-json\/wp\/v2\/media?parent=6690"}],"curies":[{"name":"wp","href":"https:\/\/api.w.org\/{rel}","templated":true}]}}