{"id":7115,"date":"2011-04-27T14:00:50","date_gmt":"2011-04-27T17:00:50","guid":{"rendered":"http:\/\/www.maroon5br.com\/?page_id=7115"},"modified":"2014-08-28T15:44:03","modified_gmt":"2014-08-28T18:44:03","slug":"nbc-the-voice","status":"publish","type":"page","link":"https:\/\/www.maroon5br.com\/site\/maroon5\/cinemaetv\/the-voice\/nbc-the-voice\/","title":{"rendered":"The Voice &#8211; 1\u00aa Temporada"},"content":{"rendered":"<p style=\"text-align: center;\"><img loading=\"lazy\" decoding=\"async\" class=\"alignnone size-full wp-image-7310\" title=\"TheVoiceHeader\" src=\"https:\/\/www.maroon5br.com\/site\/wp-content\/uploads\/2011\/04\/TheVoiceHeader.png\" alt=\"\" width=\"540\" height=\"452\" srcset=\"https:\/\/www.maroon5br.com\/site\/wp-content\/uploads\/2011\/04\/TheVoiceHeader.png 540w, https:\/\/www.maroon5br.com\/site\/wp-content\/uploads\/2011\/04\/TheVoiceHeader-179x150.png 179w, https:\/\/www.maroon5br.com\/site\/wp-content\/uploads\/2011\/04\/TheVoiceHeader-300x251.png 300w, https:\/\/www.maroon5br.com\/site\/wp-content\/uploads\/2011\/04\/TheVoiceHeader-454x380.png 454w\" sizes=\"auto, (max-width: 540px) 100vw, 540px\" \/><\/p>\n<h2><strong>O Programa<\/strong><\/h2>\n<p>Adam Levine, Blake Shelton, CeeLo e Christina Aguilera agora tem a dif\u00edcil miss\u00e3o de encontrar a nova grande voz dos Estados Unidos, com a estr\u00e9ia do programa The Voice na NBC. O reality \u00e9 produzido pela NBC e se diferencia dos outros programas de calouros a usar apenas a voz dos participantes, atrav\u00e9s de &#8220;audi\u00e7\u00f5es cegas&#8221;, onde os t\u00e9cnicos devem escolher seus favoritos com as costas viradas para o calouro. Ap\u00f3s escolherem 8 integrantes para suas equipes, os t\u00e9cnicos ir\u00e3o trein\u00e1-los para uma s\u00e9rie de duelos musicais que resultar\u00e1 em 8 finalistas, que ser\u00e3o eliminados atrav\u00e9s de voto popular. O vencedor do programa ganhar\u00e1 US$ 100.000 e um contrato com a Universal Republic.<\/p>\n<p>O The Voice \u00e9 exibido toda ter\u00e7a-feira e \u00e9 apresentado pelo ex-vj da MTV Carson Daly.<\/p>\n<h2><strong>Mentores<\/strong><\/h2>\n<blockquote><p><img decoding=\"async\" class=\"alignleft\" title=\"Adam Levine\" src=\"https:\/\/www.maroon5br.com\/site\/wp-content\/uploads\/2012\/02\/TeamAdam2.jpg\" alt=\"Adam Levine\" width=\"100px\" \/><br \/>\n<img decoding=\"async\" src=\"https:\/\/www.maroon5br.com\/site\/wp-content\/uploads\/thevoice\/1stseason\/TeamAdam-AngelaWolff.jpg\" alt=\"Angela Wolff\" \/><img decoding=\"async\" src=\"https:\/\/www.maroon5br.com\/site\/wp-content\/uploads\/thevoice\/1stseason\/TeamAdam-CaseyDesmond.jpg\" alt=\"Casey Desmond\" \/><img decoding=\"async\" src=\"https:\/\/www.maroon5br.com\/site\/wp-content\/uploads\/thevoice\/1stseason\/TeamAdam-CaseyWeston.jpg\" alt=\"Casey Weston\" \/><img decoding=\"async\" src=\"https:\/\/www.maroon5br.com\/site\/wp-content\/uploads\/thevoice\/1stseason\/TeamAdam-DevonBarley.jpg\" alt=\"Devon Barley\" \/><br \/>\n<img decoding=\"async\" src=\"https:\/\/www.maroon5br.com\/site\/wp-content\/uploads\/thevoice\/1stseason\/TeamAdam-JavierColon.jpg\" alt=\"Javier Colon\" \/><img decoding=\"async\" src=\"https:\/\/www.maroon5br.com\/site\/wp-content\/uploads\/thevoice\/1stseason\/TeamAdam-JeffJenkins.jpg\" alt=\"Jeff Jenkins\" \/><img decoding=\"async\" src=\"https:\/\/www.maroon5br.com\/site\/wp-content\/uploads\/thevoice\/1stseason\/TeamAdam-RebeccaLoebe.jpg\" alt=\"Rebecca Loebe\" \/><img decoding=\"async\" src=\"https:\/\/www.maroon5br.com\/site\/wp-content\/uploads\/thevoice\/1stseason\/TeamAdam-TimMahoney.jpg\" alt=\"Tim Mahoney\" \/><\/p><\/blockquote>\n<blockquote><p><img decoding=\"async\" class=\"alignleft\" title=\"Blake Shelton\" src=\"https:\/\/www.maroon5br.com\/site\/wp-content\/uploads\/2012\/02\/TeamBlake2.jpg\" alt=\"Blake Shelton\" width=\"100px\" \/><br \/>\n<img decoding=\"async\" src=\"https:\/\/www.maroon5br.com\/site\/wp-content\/uploads\/thevoice\/1stseason\/TeamBlake-DiaFrampton.jpg\" alt=\"Dia Frampton\" \/><img decoding=\"async\" src=\"https:\/\/www.maroon5br.com\/site\/wp-content\/uploads\/thevoice\/1stseason\/TeamBlake-Elenowen.jpg\" alt=\"Elenowen\" \/><img decoding=\"async\" src=\"https:\/\/www.maroon5br.com\/site\/wp-content\/uploads\/thevoice\/1stseason\/TeamBlake-JaredBlake.jpg\" alt=\"Jared Blake\" \/><img decoding=\"async\" src=\"https:\/\/www.maroon5br.com\/site\/wp-content\/uploads\/thevoice\/1stseason\/TeamBlake-PatrickThomas.jpg\" alt=\"Patrick Thomas\" \/><br \/>\n<img decoding=\"async\" src=\"https:\/\/www.maroon5br.com\/site\/wp-content\/uploads\/thevoice\/1stseason\/TeamBlake-SaraOromchi.jpg\" alt=\"Sara Oromchi\" \/><img decoding=\"async\" src=\"https:\/\/www.maroon5br.com\/site\/wp-content\/uploads\/thevoice\/1stseason\/TeamBlake-Serabee.jpg\" alt=\"Serabee\" \/><img decoding=\"async\" src=\"https:\/\/www.maroon5br.com\/site\/wp-content\/uploads\/thevoice\/1stseason\/TeamBlake-TylerRobinson.jpg\" alt=\"Tyler Robinson\" \/><img decoding=\"async\" src=\"https:\/\/www.maroon5br.com\/site\/wp-content\/uploads\/thevoice\/1stseason\/TeamBlake-Xenia.jpg\" alt=\"Xenia\" \/><\/p><\/blockquote>\n<blockquote><p><img decoding=\"async\" class=\"alignleft\" title=\"Cee Lo Green\" src=\"https:\/\/www.maroon5br.com\/site\/wp-content\/uploads\/2012\/02\/TeamCeelo2.jpg\" alt=\"Cee Lo Green\" width=\"100px\" \/><br \/>\n<img decoding=\"async\" src=\"https:\/\/www.maroon5br.com\/site\/wp-content\/uploads\/thevoice\/1stseason\/TeamCeelo-CurtisGrimes.jpg\" alt=\"Curtis Grimes\" \/><img decoding=\"async\" src=\"https:\/\/www.maroon5br.com\/site\/wp-content\/uploads\/thevoice\/1stseason\/TeamCeelo-EmilyValentine.jpg\" alt=\"Emily Valentine\" \/><img decoding=\"async\" src=\"https:\/\/www.maroon5br.com\/site\/wp-content\/uploads\/thevoice\/1stseason\/TeamCeelo-KelseyRey.jpg\" alt=\"Kelsey Rey\" \/><img decoding=\"async\" src=\"https:\/\/www.maroon5br.com\/site\/wp-content\/uploads\/thevoice\/1stseason\/TeamCeelo-Nakia.jpg\" alt=\"Nakia\" \/><br \/>\n<img decoding=\"async\" src=\"https:\/\/www.maroon5br.com\/site\/wp-content\/uploads\/thevoice\/1stseason\/TeamCeelo-NikiDawson.jpg\" alt=\"Niki Dawson\" \/><img decoding=\"async\" src=\"https:\/\/www.maroon5br.com\/site\/wp-content\/uploads\/thevoice\/1stseason\/TeamCeelo-TjeAustin.jpg\" alt=\"Tje Austin\" \/><img decoding=\"async\" src=\"https:\/\/www.maroon5br.com\/site\/wp-content\/uploads\/thevoice\/1stseason\/TeamCeelo-ToriandTaylorThompson.jpg\" alt=\"Tori and Taylor Thompson\" \/><img decoding=\"async\" src=\"https:\/\/www.maroon5br.com\/site\/wp-content\/uploads\/thevoice\/1stseason\/TeamCeelo-VicciMartinez.jpg\" alt=\"Vicci Martinez\" \/><\/p><\/blockquote>\n<blockquote><p><img decoding=\"async\" class=\"alignleft\" title=\"Christina Aguilera\" src=\"https:\/\/www.maroon5br.com\/site\/wp-content\/uploads\/2012\/02\/TeamXtina2.jpg\" alt=\"Christina Aguilera\" width=\"100px\" \/><br \/>\n<img decoding=\"async\" src=\"https:\/\/www.maroon5br.com\/site\/wp-content\/uploads\/thevoice\/1stseason\/TeamXtina-BeverlyMcClellan.jpg\" alt=\"Beverly McClellan\" \/><img decoding=\"async\" src=\"https:\/\/www.maroon5br.com\/site\/wp-content\/uploads\/thevoice\/1stseason\/TeamXtina-CherieOakley.jpg\" alt=\"Cherie Oakley\" \/><img decoding=\"async\" src=\"https:\/\/www.maroon5br.com\/site\/wp-content\/uploads\/thevoice\/1stseason\/TeamXtina-FrenchieDavis.jpg\" alt=\"Frenchie Davis\" \/><img decoding=\"async\" src=\"https:\/\/www.maroon5br.com\/site\/wp-content\/uploads\/thevoice\/1stseason\/TeamXtina-JuliaEason.jpg\" alt=\"Julia Eason\" \/><br \/>\n<img decoding=\"async\" src=\"https:\/\/www.maroon5br.com\/site\/wp-content\/uploads\/thevoice\/1stseason\/TeamXtina-JustinGrennan.jpg\" alt=\"Justin Grennan\" \/><img decoding=\"async\" src=\"https:\/\/www.maroon5br.com\/site\/wp-content\/uploads\/thevoice\/1stseason\/TeamXtina-LilyElise.jpg\" alt=\"Lily Elise\" \/><img decoding=\"async\" src=\"https:\/\/www.maroon5br.com\/site\/wp-content\/uploads\/thevoice\/1stseason\/TeamXtina-RaquelCastro.jpg\" alt=\"Raquel Castro\" \/><img decoding=\"async\" src=\"https:\/\/www.maroon5br.com\/site\/wp-content\/uploads\/thevoice\/1stseason\/TeamXtina-TarralynRamsey.jpg\" alt=\"Tarralyn Ramsey\" \/><\/p><\/blockquote>\n<h2><strong>Imagens promocionais<\/strong><\/h2>\n<blockquote>\n<p style=\"text-align: center;\">[cpg_albumrand:472,5]<\/p>\n<\/blockquote>\n<h2><strong>V\u00eddeos<\/strong><\/h2>\n<blockquote>\n<p style=\"text-align: center;\"><object style=\"height: 311px; width: 550px;\"><param name=\"movie\" value=\"http:\/\/www.youtube.com\/v\/licjLv5oAas?version=3\" \/><param name=\"allowFullScreen\" value=\"true\" \/><param name=\"allowScriptAccess\" value=\"always\" \/><embed type=\"application\/x-shockwave-flash\" width=\"550\" height=\"311\" src=\"http:\/\/www.youtube.com\/v\/licjLv5oAas?version=3\" allowfullscreen=\"true\" allowscriptaccess=\"always\"><\/embed><\/object><\/p>\n<p>Clique <strong><a href=\"https:\/\/www.maroon5br.com\/site\/videos\/the-voice-2011\/\">AQUI<\/a><\/strong> para acessar nossa p\u00e1gina de v\u00eddeos com todos os v\u00eddeos promocionais liberados!<\/p><\/blockquote>\n<h2><strong>Guia de Epis\u00f3dios<\/strong><\/h2>\n<blockquote><p><span style=\"color: #ff0000;\"><strong>01. Blind Auditions (Parte 1)<\/strong><\/span><br \/>\nData de exibi\u00e7\u00e3o: 26\/04\/2011<br \/>\nSinopse: Programa de estr\u00e9ia, mostrou o funcionamento do programa e iniciou os blind auditions, onde Adam Levine, Christina Aguilera, CeeLo e Blake Shelton come\u00e7avam a formar seus times.<\/p><\/blockquote>\n<blockquote><p><span style=\"color: #ff0000;\"><strong>02. Blind Auditions (Parte 2)<\/strong><\/span><br \/>\nData de exibi\u00e7\u00e3o: 04\/05\/2011<br \/>\nSinopse: Segunda parte do Blind Auditions, onde os t\u00e9cnicos completam seus times.<\/p><\/blockquote>\n<blockquote><p><span style=\"color: #ff0000;\"><strong>03. Battle Rounds (Parte 1)<\/strong><\/span><br \/>\nData de exibi\u00e7\u00e3o: 10\/05\/2011<br \/>\nSinopse: Os t\u00e9cnicos come\u00e7am a diminuir seus times, colocando os integrantes para duelarem entre si cantando a mesma m\u00fasica. No final, os t\u00e9cnicos eliminam um dos contestants de seus times.<\/p><\/blockquote>\n<blockquote><p><span style=\"color: #ff0000;\"><strong>04. Battle Rounds (Parte 2)<\/strong><\/span><br \/>\nData de exibi\u00e7\u00e3o: 18\/05\/2011<br \/>\nSinopse: Segundo dia de Battle Rounds. CeeLo, Christina, Blake e Adam diminuem seus times atrav\u00e9s de duelos vocais.<\/p><\/blockquote>\n<blockquote><p><span style=\"color: #ff0000;\"><strong>05. Battle Rounds (Parte 3)<\/strong><\/span><br \/>\nData de exibi\u00e7\u00e3o: 24\/05\/2011<br \/>\nSinopse: Pen\u00faltimo Battle Round, os t\u00e9cnicos escolhem os terceiros integrantes de seus times para os live shows.<\/p><\/blockquote>\n<blockquote><p><span style=\"color: #ff0000;\"><strong>06. Battle Rounds (Parte 4)<\/strong><\/span><br \/>\nData de exibi\u00e7\u00e3o: 31\/05\/2011<br \/>\nSinopse: Adam Levine, Blake Shelton, Christina Aguilera e CeeLo Green escolhem os \u00faltimos candidatos de seus times a participarem dos live shows.<\/p><\/blockquote>\n<blockquote><p><span style=\"color: #ff0000;\"><strong>07. Quarter Finals (Parte 1)<\/strong><\/span><br \/>\nData de exibi\u00e7\u00e3o: 07\/06\/2011<br \/>\nSinopse: Primeiro epis\u00f3dio dos Live Shows, Blake Shelton e Christina Aguilera colocam seus respectivos times  para vota\u00e7\u00e3o popular. O epis\u00f3dio traz uma performance de abertura com todos os t\u00e9cnicos cantando cl\u00e1ssicos do Queen. O Team Xtina tamb\u00e9m faz uma performance coletiva ao som de Lady Marmalade. J\u00e1 o TeamBlake surpreende e performa This Love, do Maroon 5.<\/p><\/blockquote>\n<blockquote><p><span style=\"color: #ff0000;\"><strong>08. Quarter Finals (Parte 2)<\/strong><\/span><br \/>\nData de exibi\u00e7\u00e3o: 14\/06\/2011<br \/>\nSinopse: Segundo epis\u00f3dio dos Live Shows, \u00e9 a vez do Team Adam e Team CeeLo colocarem seus respectivos times para vota\u00e7\u00e3o popular. O epis\u00f3dio traz performances coletivas do Team CeeLo ao som de &#8221; Everyday People&#8221; de Sly and The Family Stone e Team Adam com &#8220;With A Little Help From My Friends&#8221;, dos Beatles. Tamb\u00e9m d\u00e1 os resultados da vota\u00e7\u00e3o do Team Christina e Team Blake<\/p><\/blockquote>\n<blockquote><p><span style=\"color: #ff0000;\"><strong>09. Semi Finals (Performances)<\/strong><\/span><br \/>\nData de exibi\u00e7\u00e3o: 21\/06\/2011<br \/>\nSinopse: Primeiro Epis\u00f3dio das Semifinais, os oito semifinalistas entram na disputa por uma vaga na final. Maroon 5 e Christina Aguilera performam Moves Like Jagger.<\/p><\/blockquote>\n<blockquote><p><span style=\"color: #ff0000;\"><strong>10. Semi Finals (Resultados)<\/strong><\/span><br \/>\nData de exibi\u00e7\u00e3o: 22\/06\/2011<br \/>\nSinopse: Epis\u00f3dio que anuncia os finalistas do programa, al\u00e9m de contar com uma performance coletiva de &#8220;Freedom&#8221; e &#8220;Faith&#8221;, de George Michael, e uma apresenta\u00e7\u00e3o de CeeLo com &#8220;Bright Lights Bigger City&#8221;.<\/p><\/blockquote>\n<blockquote><p><span style=\"color: #ff0000;\"><strong>11. Finals (Performances)<\/strong><\/span><br \/>\nData de exibi\u00e7\u00e3o: 28\/06\/2011<br \/>\nSinopse: Os finalistas de cada Time fazem suas \u00faltimas performances, desta vez apresentando m\u00fasicas in\u00e9ditas. Al\u00e9m disso, os finalistas fazem duetos com seus mentores. PitBull e Ne-Yo performam &#8220;Give Me Everything&#8221; e Blake Shelton e Brad Paisley se apresentam com &#8220;Don&#8217;t Drink The Water&#8221;.<\/p><\/blockquote>\n<blockquote><p><span style=\"color: #ff0000;\"><strong>12. Finals (Results)<\/strong><\/span><br \/>\nData de exibi\u00e7\u00e3o: 29\/06\/2011<br \/>\nSinopse: No \u00faltimo epis\u00f3dio da temporada, cada finalista se apresenta com uma grande personalidade da m\u00fasica. Pat Monahan (Train), Stevie Nicks, Miranda Lambert e Ryan Tedder participam do epis\u00f3dio.<\/p><\/blockquote>\n","protected":false},"excerpt":{"rendered":"<p>O Programa Adam Levine, Blake Shelton, CeeLo e Christina Aguilera agora tem a dif\u00edcil miss\u00e3o de encontrar a nova grande voz dos Estados Unidos, com a estr\u00e9ia do programa The Voice na NBC. O reality \u00e9 produzido pela NBC e se diferencia dos outros programas de calouros a usar apenas a voz dos participantes, atrav\u00e9s [&hellip;]<\/p>\n","protected":false},"author":1,"featured_media":16386,"parent":16738,"menu_order":1,"comment_status":"open","ping_status":"closed","template":"","meta":{"_themeisle_gutenberg_block_has_review":false,"footnotes":""},"class_list":["post-7115","page","type-page","status-publish","has-post-thumbnail","hentry"],"_links":{"self":[{"href":"https:\/\/www.maroon5br.com\/site\/wp-json\/wp\/v2\/pages\/7115","targetHints":{"allow":["GET"]}}],"collection":[{"href":"https:\/\/www.maroon5br.com\/site\/wp-json\/wp\/v2\/pages"}],"about":[{"href":"https:\/\/www.maroon5br.com\/site\/wp-json\/wp\/v2\/types\/page"}],"author":[{"embeddable":true,"href":"https:\/\/www.maroon5br.com\/site\/wp-json\/wp\/v2\/users\/1"}],"replies":[{"embeddable":true,"href":"https:\/\/www.maroon5br.com\/site\/wp-json\/wp\/v2\/comments?post=7115"}],"version-history":[{"count":60,"href":"https:\/\/www.maroon5br.com\/site\/wp-json\/wp\/v2\/pages\/7115\/revisions"}],"predecessor-version":[{"id":11728,"href":"https:\/\/www.maroon5br.com\/site\/wp-json\/wp\/v2\/pages\/7115\/revisions\/11728"}],"up":[{"embeddable":true,"href":"https:\/\/www.maroon5br.com\/site\/wp-json\/wp\/v2\/pages\/16738"}],"wp:featuredmedia":[{"embeddable":true,"href":"https:\/\/www.maroon5br.com\/site\/wp-json\/wp\/v2\/media\/16386"}],"wp:attachment":[{"href":"https:\/\/www.maroon5br.com\/site\/wp-json\/wp\/v2\/media?parent=7115"}],"curies":[{"name":"wp","href":"https:\/\/api.w.org\/{rel}","templated":true}]}}