{"id":7695,"date":"2011-06-25T10:59:45","date_gmt":"2011-06-25T13:59:45","guid":{"rendered":"http:\/\/www.maroon5br.com\/?page_id=7695"},"modified":"2022-12-13T19:48:24","modified_gmt":"2022-12-13T22:48:24","slug":"maroon-5-no-brasil-2011","status":"publish","type":"page","link":"https:\/\/www.maroon5br.com\/site\/especiais\/hotsites\/maroon-5-no-brasil-2011\/","title":{"rendered":"Maroon 5 no Rock In Rio 2011"},"content":{"rendered":"<p>Tr\u00eas anos depois da sua \u00faltima passagem pelo Brasil com a turn\u00ea <strong>It Won&#8217;t Be Soon Before Long<\/strong>, o Maroon 5 voltou ao pa\u00eds para completar o lineup da quarta edi\u00e7\u00e3o do <strong>Rock In Rio<\/strong>, substituindo o rapper <strong>Jay-Z<\/strong>, que cancelou sua participa\u00e7\u00e3o devido a problemas pessoais.<\/p>\n<p>A banda, que se apresentou no dia <strong>01 de Outubro<\/strong>, n\u00e3o deixou a desejar e foi respons\u00e1vel pelo que foi considerado um dos melhores shows do festival, que teve na sua setlist os maiores hits dos seus tr\u00eas \u00e1lbuns de est\u00fadio e, \u00e9 claro, o hit single <strong>Moves Like Jagger<\/strong>.<\/p>\n<h3>SETLIST<\/h3>\n<blockquote><p>1.Moves Like Jagger<br \/>\n2.Harder To Breathe<br \/>\n3.Sunday Morning<br \/>\n4.If I Never See Your Face Again<br \/>\n5.Misery<br \/>\n6.Makes Me Wonder<br \/>\n7.The Sun<br \/>\n8.Won\u2019t Go Home Without You<br \/>\n9.Wake Up Call<br \/>\n10.Stutter<br \/>\n11.This Love<\/p>\n<p><b>-ENCORE-<\/b><br \/>\n12.Hands All Over<br \/>\n13.She Will Be Loved<\/p><\/blockquote>\n<h3>Webisode<\/h3>\n<p>A passagem da banda pelo Rock In Rio acabou se tornando tema de um mini-document\u00e1rio liberado pela banda em seu canal do YouTube, com dire\u00e7\u00e3o do fot\u00f3grafo Travis Schneider. O v\u00eddeo mostra cenas de bastidores do show, al\u00e9m do encontro da banda com alguns f\u00e3s no hotel e demais cenas da capital carioca.<\/p>\n<div class=\"fve-video-wrapper fve-image-embed fve-thumbnail-image youtube\" style=\"padding-bottom:75%;\">\n    <iframe loading=\"lazy\" src=\"\/\/www.youtube.com\/embed\/BGPKngU3OsY?wmode=transparent&#038;modestbranding=1&#038;autohide=1&#038;showinfo=0&#038;rel=0\" width=\"100%\" height=\"100%\" frameborder=\"0\" webkitAllowFullScreen mozallowfullscreen allowFullScreen><\/iframe>    <\/div>\n<h3>O Show<\/h3>\n<p>https:\/\/www.youtube.com\/watch?v=C0PqR03HjW4<\/p>\n","protected":false},"excerpt":{"rendered":"<p>Tr\u00eas anos depois da sua \u00faltima passagem pelo Brasil com a turn\u00ea It Won&#8217;t Be Soon Before Long, o Maroon 5 voltou ao pa\u00eds para completar o lineup da quarta edi\u00e7\u00e3o do Rock In Rio, substituindo o rapper Jay-Z, que cancelou sua participa\u00e7\u00e3o devido a problemas pessoais. A banda, que se apresentou no dia 01 [&hellip;]<\/p>\n","protected":false},"author":1,"featured_media":16349,"parent":12506,"menu_order":2,"comment_status":"open","ping_status":"closed","template":"","meta":{"_themeisle_gutenberg_block_has_review":false,"footnotes":""},"class_list":["post-7695","page","type-page","status-publish","has-post-thumbnail","hentry"],"_links":{"self":[{"href":"https:\/\/www.maroon5br.com\/site\/wp-json\/wp\/v2\/pages\/7695","targetHints":{"allow":["GET"]}}],"collection":[{"href":"https:\/\/www.maroon5br.com\/site\/wp-json\/wp\/v2\/pages"}],"about":[{"href":"https:\/\/www.maroon5br.com\/site\/wp-json\/wp\/v2\/types\/page"}],"author":[{"embeddable":true,"href":"https:\/\/www.maroon5br.com\/site\/wp-json\/wp\/v2\/users\/1"}],"replies":[{"embeddable":true,"href":"https:\/\/www.maroon5br.com\/site\/wp-json\/wp\/v2\/comments?post=7695"}],"version-history":[{"count":50,"href":"https:\/\/www.maroon5br.com\/site\/wp-json\/wp\/v2\/pages\/7695\/revisions"}],"predecessor-version":[{"id":22773,"href":"https:\/\/www.maroon5br.com\/site\/wp-json\/wp\/v2\/pages\/7695\/revisions\/22773"}],"up":[{"embeddable":true,"href":"https:\/\/www.maroon5br.com\/site\/wp-json\/wp\/v2\/pages\/12506"}],"wp:featuredmedia":[{"embeddable":true,"href":"https:\/\/www.maroon5br.com\/site\/wp-json\/wp\/v2\/media\/16349"}],"wp:attachment":[{"href":"https:\/\/www.maroon5br.com\/site\/wp-json\/wp\/v2\/media?parent=7695"}],"curies":[{"name":"wp","href":"https:\/\/api.w.org\/{rel}","templated":true}]}}