{"id":8250,"date":"2011-09-20T00:20:51","date_gmt":"2011-09-20T03:20:51","guid":{"rendered":"http:\/\/www.maroon5br.com\/?page_id=8250"},"modified":"2014-07-16T16:40:46","modified_gmt":"2014-07-16T19:40:46","slug":"entrevista-mickey-madden","status":"publish","type":"page","link":"https:\/\/www.maroon5br.com\/site\/especiais\/entrevistas\/entrevista-mickey-madden\/","title":{"rendered":"Entrevista: Mickey Madden"},"content":{"rendered":"<p style=\"text-align: center;\"><img loading=\"lazy\" decoding=\"async\" class=\"alignnone size-full wp-image-8245 aligncenter\" title=\"Mickey-Header\" src=\"https:\/\/www.maroon5br.com\/site\/wp-content\/uploads\/2011\/09\/Mickey-Header.jpg\" alt=\"\" width=\"600\" height=\"400\" srcset=\"https:\/\/www.maroon5br.com\/site\/wp-content\/uploads\/2011\/09\/Mickey-Header.jpg 600w, https:\/\/www.maroon5br.com\/site\/wp-content\/uploads\/2011\/09\/Mickey-Header-225x150.jpg 225w, https:\/\/www.maroon5br.com\/site\/wp-content\/uploads\/2011\/09\/Mickey-Header-300x200.jpg 300w, https:\/\/www.maroon5br.com\/site\/wp-content\/uploads\/2011\/09\/Mickey-Header-570x380.jpg 570w, https:\/\/www.maroon5br.com\/site\/wp-content\/uploads\/2011\/09\/Mickey-Header-290x193.jpg 290w, https:\/\/www.maroon5br.com\/site\/wp-content\/uploads\/2011\/09\/Mickey-Header-450x300.jpg 450w\" sizes=\"auto, (max-width: 600px) 100vw, 600px\" \/><\/p>\n<p><a href=\"https:\/\/www.maroon5br.com\/site\/especiais\/entrevista-mickey-madden-english\/\">To read the interview in English, please click HERE.<\/a><\/p>\n<p>A 2 semanas do show do Maroon 5 no Rock In Rio, o Maroon 5 Brasil conseguiu uma entrevista exclusiva com o baixista do Maroon 5, Mickey Madden. Por e-mail, Mickey respondeu perguntas enviadas pelos f\u00e3s e falou sobre o retorno da banda ao pa\u00eds ap\u00f3s 3 anos, m\u00fasica brasileira, e suas expectativas para o Rock In Rio, acompanhe:<\/p>\n<blockquote><p><strong>Qual \u00e9 a sensa\u00e7\u00e3o de voltar ao Brasil ap\u00f3s 3 anos?  &#8211; Nathalia Proc\u00f3pio<\/strong><br \/>\nEstamos muito felizes de voltar. O Brasil foi o primeiro pa\u00eds que visitamos na Am\u00e9rica do Sul, e n\u00f3s nos apaixonamos desde ent\u00e3o. N\u00f3s nos sentimos muito sortudos de ter a oportunidade de voltar para o seu lindo pa\u00eds.<\/p><\/blockquote>\n<blockquote><p><strong>Qual a import\u00e2ncia, para o Maroon 5, de tocar no Rock In Rio? &#8211; Demar Oliveira<\/strong><br \/>\n\u00c9 uma oportunidade maravilhosa de tocar para tantas pessoas em um evento de tantas propor\u00e7\u00f5es. Com sorte haver\u00e1 muita gente na plat\u00e9ia que nunca nos viram ao vivo e que n\u00f3s poderemos conquistar. \u00c9 sempre um grande desafio tocar em festivais.<span style=\"color: #dddddd;\">www.maroon5br.com<\/span><\/p><\/blockquote>\n<blockquote><p><strong>Quais suas expectativas para o festival? &#8211; Vinicius Lima<\/strong><br \/>\nMuito suor, muita dan\u00e7a, muitas mulheres bonitas.<\/p><\/blockquote>\n<blockquote><p><strong>Qual a melhor coisa sobre o Brasil na opini\u00e3o da banda? &#8211; Isadora Medina<\/strong><br \/>\nAs pessoas parecem colocar bastante \u00eanfase nas prioridades certas. Eu vejo que os Brasileiros amam a vida e apreciam a beleza.<\/p><\/blockquote>\n<blockquote><p><strong>O que voc\u00ea conhece da m\u00fasica brasileira? &#8211; Monica Canuto<\/strong><br \/>\nEu amo a Tropic\u00e1lia. Eu descobri o g\u00eanero atrav\u00e9s de Os Mutantes. Eu amo Jorge Ben, Tom Z\u00e9 e toda aquela cena. E claro que n\u00f3s amamos Bossa tamb\u00e9m. &#8220;She Will Be Loved&#8221; na verdade nasceu como uma parte de guitarra de bossa nova.<span style=\"color: #dddddd;\">www.maroon5br.com<\/span><\/p><\/blockquote>\n<blockquote><p><strong>A visita ao Brasil vai ter algum tipo de influ\u00eancia na cria\u00e7\u00e3o do pr\u00f3ximo album? &#8211; Adriel Sousa<\/strong><br \/>\n\u00c9 muito cedo para afirmar. Mas esperamos ter algumas experi\u00eancias que valham a pena virar m\u00fasica. Na verdade, eu tenho certeza que teremos.<\/p><\/blockquote>\n","protected":false},"excerpt":{"rendered":"<p>To read the interview in English, please click HERE. A 2 semanas do show do Maroon 5 no Rock In Rio, o Maroon 5 Brasil conseguiu uma entrevista exclusiva com o baixista do Maroon 5, Mickey Madden. Por e-mail, Mickey respondeu perguntas enviadas pelos f\u00e3s e falou sobre o retorno da banda ao pa\u00eds ap\u00f3s [&hellip;]<\/p>\n","protected":false},"author":1,"featured_media":15977,"parent":12493,"menu_order":0,"comment_status":"open","ping_status":"closed","template":"","meta":{"_themeisle_gutenberg_block_has_review":false,"footnotes":""},"class_list":["post-8250","page","type-page","status-publish","has-post-thumbnail","hentry"],"_links":{"self":[{"href":"https:\/\/www.maroon5br.com\/site\/wp-json\/wp\/v2\/pages\/8250","targetHints":{"allow":["GET"]}}],"collection":[{"href":"https:\/\/www.maroon5br.com\/site\/wp-json\/wp\/v2\/pages"}],"about":[{"href":"https:\/\/www.maroon5br.com\/site\/wp-json\/wp\/v2\/types\/page"}],"author":[{"embeddable":true,"href":"https:\/\/www.maroon5br.com\/site\/wp-json\/wp\/v2\/users\/1"}],"replies":[{"embeddable":true,"href":"https:\/\/www.maroon5br.com\/site\/wp-json\/wp\/v2\/comments?post=8250"}],"version-history":[{"count":6,"href":"https:\/\/www.maroon5br.com\/site\/wp-json\/wp\/v2\/pages\/8250\/revisions"}],"predecessor-version":[{"id":12495,"href":"https:\/\/www.maroon5br.com\/site\/wp-json\/wp\/v2\/pages\/8250\/revisions\/12495"}],"up":[{"embeddable":true,"href":"https:\/\/www.maroon5br.com\/site\/wp-json\/wp\/v2\/pages\/12493"}],"wp:featuredmedia":[{"embeddable":true,"href":"https:\/\/www.maroon5br.com\/site\/wp-json\/wp\/v2\/media\/15977"}],"wp:attachment":[{"href":"https:\/\/www.maroon5br.com\/site\/wp-json\/wp\/v2\/media?parent=8250"}],"curies":[{"name":"wp","href":"https:\/\/api.w.org\/{rel}","templated":true}]}}