{"id":8982,"date":"2012-02-06T10:14:31","date_gmt":"2012-02-06T13:14:31","guid":{"rendered":"http:\/\/www.maroon5br.com\/?page_id=8982"},"modified":"2015-08-19T11:39:52","modified_gmt":"2015-08-19T14:39:52","slug":"the-voice-2a-temporada","status":"publish","type":"page","link":"https:\/\/www.maroon5br.com\/site\/maroon5\/cinemaetv\/the-voice\/the-voice-2a-temporada\/","title":{"rendered":"The Voice &#8211; 2\u00aa Temporada"},"content":{"rendered":"<p>Pouco mais de 8 meses depois da bem-sucedida primeira temporada, o The Voice voltou a grade da NBC ainda mais grandiosa. Desta vez os mentores Adam Levine, Christina Aguilera, Blake Shelton e CeeLo Green retornam para formar times de 12 concorrentes para disputar o pr\u00eamio.<\/p>\n<p>Com o excelente retorno financeiro da primeira temporada, a NBC decidiu investir ainda mais na competi\u00e7\u00e3o, reestreiando a atra\u00e7\u00e3o no cobi\u00e7ado (e car\u00edssimo) hor\u00e1rio logo ap\u00f3s a transmiss\u00e3o do Super Bowl, o maior evento esportivo dos Estados Unidos.<\/p>\n<h3><strong>Times<\/strong><\/h3>\n<blockquote><p><img decoding=\"async\" class=\"alignleft\" title=\"Adam Levine\" src=\"https:\/\/www.maroon5br.com\/site\/wp-content\/uploads\/2012\/02\/TeamAdam2.jpg\" alt=\"Adam Levine\" width=\"100px\" \/><br \/>\n<img decoding=\"async\" src=\"https:\/\/www.maroon5br.com\/site\/wp-content\/uploads\/thevoice\/2ndseason\/teamadam-angel-taylor.jpg\" alt=\"Angel Taylor\" \/><img decoding=\"async\" src=\"https:\/\/www.maroon5br.com\/site\/wp-content\/uploads\/thevoice\/2ndseason\/teamadam-chris-cauley.jpg\" alt=\"Chris Cauley\" \/><img decoding=\"async\" src=\"https:\/\/www.maroon5br.com\/site\/wp-content\/uploads\/thevoice\/2ndseason\/teamadam-karla-davis.jpg\" alt=\"Karla Davis\" \/><img decoding=\"async\" src=\"https:\/\/www.maroon5br.com\/site\/wp-content\/uploads\/thevoice\/2ndseason\/teamadam-katrina-parker.jpg\" alt=\"Katrina Parker\" \/><img decoding=\"async\" src=\"https:\/\/www.maroon5br.com\/site\/wp-content\/uploads\/thevoice\/2ndseason\/teamadam-kim-yarbrough.jpg\" alt=\"Kim Yarbrough\" \/><img decoding=\"async\" src=\"https:\/\/www.maroon5br.com\/site\/wp-content\/uploads\/thevoice\/2ndseason\/teamadam-mathai.jpg\" alt=\"Mathai\" \/><br \/>\n<img decoding=\"async\" src=\"https:\/\/www.maroon5br.com\/site\/wp-content\/uploads\/thevoice\/2ndseason\/teamadam-nathan-parrett.jpg\" alt=\"Nathan Parrett\" \/><img decoding=\"async\" src=\"https:\/\/www.maroon5br.com\/site\/wp-content\/uploads\/thevoice\/2ndseason\/teamadam-nicolle-galyon.jpg\" alt=\"Nicolle Galyon\" \/><img decoding=\"async\" src=\"https:\/\/www.maroon5br.com\/site\/wp-content\/uploads\/thevoice\/2ndseason\/teamadam-orlando-napier.jpg\" alt=\"Orlando Napier\" \/><img decoding=\"async\" src=\"https:\/\/www.maroon5br.com\/site\/wp-content\/uploads\/thevoice\/2ndseason\/teamadam-pip.jpg\" alt=\"Pip\" \/><img decoding=\"async\" src=\"https:\/\/www.maroon5br.com\/site\/wp-content\/uploads\/thevoice\/2ndseason\/teamadam-tony-lucca.jpg\" alt=\"Tony Lucca\" \/><img decoding=\"async\" src=\"https:\/\/www.maroon5br.com\/site\/wp-content\/uploads\/thevoice\/2ndseason\/teamadam-whitney-myer.jpg\" alt=\"Whitney Myer\" \/><\/p><\/blockquote>\n<blockquote><p><img decoding=\"async\" class=\"alignleft\" title=\"Blake Shelton\" src=\"https:\/\/www.maroon5br.com\/site\/wp-content\/uploads\/2012\/02\/TeamBlake2.jpg\" alt=\"Blake Shelton\" width=\"100px\" \/><br \/>\n<img decoding=\"async\" src=\"https:\/\/www.maroon5br.com\/site\/wp-content\/uploads\/thevoice\/2ndseason\/teamblake-adley-stump.jpg\" alt=\"Adley Stump\" \/><img decoding=\"async\" src=\"https:\/\/www.maroon5br.com\/site\/wp-content\/uploads\/thevoice\/2ndseason\/teamblake-alyx.jpg\" alt=\"ALyX\" \/><img decoding=\"async\" src=\"https:\/\/www.maroon5br.com\/site\/wp-content\/uploads\/thevoice\/2ndseason\/teamblake-brian-fuente.jpg\" alt=\"Brian Fuente\" \/><img decoding=\"async\" src=\"https:\/\/www.maroon5br.com\/site\/wp-content\/uploads\/thevoice\/2ndseason\/teamblake-charlotte-sometimes.jpg\" alt=\"Charlotte Sometimes\" \/><img decoding=\"async\" src=\"https:\/\/www.maroon5br.com\/site\/wp-content\/uploads\/thevoice\/2ndseason\/teamblake-erin-willett.jpg\" alt=\"Erin Willett\" \/><img decoding=\"async\" src=\"https:\/\/www.maroon5br.com\/site\/wp-content\/uploads\/thevoice\/2ndseason\/teamblake-gwen-sebastian.jpg\" alt=\"Gwen Sebastian\" \/><br \/>\n<img decoding=\"async\" src=\"https:\/\/www.maroon5br.com\/site\/wp-content\/uploads\/thevoice\/2ndseason\/teamblake-jermaine-paul.jpg\" alt=\"Jermaine Paul\" \/><img decoding=\"async\" src=\"https:\/\/www.maroon5br.com\/site\/wp-content\/uploads\/thevoice\/2ndseason\/teamblake-jordan-rager.jpg\" alt=\"Jordan Rager\" \/><img decoding=\"async\" src=\"https:\/\/www.maroon5br.com\/site\/wp-content\/uploads\/thevoice\/2ndseason\/teamblake-jordis-unga.jpg\" alt=\"Jordis Unga\" \/><img decoding=\"async\" src=\"https:\/\/www.maroon5br.com\/site\/wp-content\/uploads\/thevoice\/2ndseason\/teamblake-lex-land.jpg\" alt=\"Lex Land\" \/><img decoding=\"async\" src=\"https:\/\/www.maroon5br.com\/site\/wp-content\/uploads\/thevoice\/2ndseason\/teamblake-naia-kete.jpg\" alt=\"Naia Kete\" \/><img decoding=\"async\" src=\"https:\/\/www.maroon5br.com\/site\/wp-content\/uploads\/thevoice\/2ndseason\/teamblake-raelynn.jpg\" alt=\"RaeLynn\" \/><\/p><\/blockquote>\n<blockquote><p><img decoding=\"async\" class=\"alignleft\" title=\"Cee Lo Green\" src=\"https:\/\/www.maroon5br.com\/site\/wp-content\/uploads\/2012\/02\/TeamCeelo2.jpg\" alt=\"Cee Lo Green\" width=\"100px\" \/><br \/>\n<img decoding=\"async\" src=\"https:\/\/www.maroon5br.com\/site\/wp-content\/uploads\/thevoice\/2ndseason\/teamceelo-angie-johnson.jpg\" alt=\"Angie Johnson\" \/><img decoding=\"async\" src=\"https:\/\/www.maroon5br.com\/site\/wp-content\/uploads\/thevoice\/2ndseason\/teamceelo-cheesa.jpg\" alt=\"Cheesa\" \/><img decoding=\"async\" src=\"https:\/\/www.maroon5br.com\/site\/wp-content\/uploads\/thevoice\/2ndseason\/teamceelo-erin-martin.jpg\" alt=\"Erin Martin\" \/><img decoding=\"async\" src=\"https:\/\/www.maroon5br.com\/site\/wp-content\/uploads\/thevoice\/2ndseason\/teamceelo-jamar-rogers.jpg\" alt=\"Jamar Rogers\" \/><img decoding=\"async\" src=\"https:\/\/www.maroon5br.com\/site\/wp-content\/uploads\/thevoice\/2ndseason\/teamceelo-james-massone.jpg\" alt=\"James Massone\" \/><img decoding=\"async\" src=\"https:\/\/www.maroon5br.com\/site\/wp-content\/uploads\/thevoice\/2ndseason\/teamceelo-jamie-lono.jpg\" alt=\"Jamie Lono\" \/><br \/>\n<img decoding=\"async\" src=\"https:\/\/www.maroon5br.com\/site\/wp-content\/uploads\/thevoice\/2ndseason\/teamceelo-juliet-simms.jpg\" alt=\"Juliet Simms\" \/><img decoding=\"async\" src=\"https:\/\/www.maroon5br.com\/site\/wp-content\/uploads\/thevoice\/2ndseason\/teamceelo-justin-hopkins.jpg\" alt=\"Justin Hopkins\" \/><img decoding=\"async\" src=\"https:\/\/www.maroon5br.com\/site\/wp-content\/uploads\/thevoice\/2ndseason\/teamceelo-sarah-golden.jpg\" alt=\"Sarah Golden\" \/><img decoding=\"async\" src=\"https:\/\/www.maroon5br.com\/site\/wp-content\/uploads\/thevoice\/2ndseason\/teamceelo-the-shields-brothers.jpg\" alt=\"The Shields Brothers\" \/><img decoding=\"async\" src=\"https:\/\/www.maroon5br.com\/site\/wp-content\/uploads\/thevoice\/2ndseason\/teamceelo-tony-vincent.jpg\" alt=\"Tony Vincent\" \/><img decoding=\"async\" src=\"https:\/\/www.maroon5br.com\/site\/wp-content\/uploads\/thevoice\/2ndseason\/teamceelo-wade.jpg\" alt=\"Wade\" \/><\/p><\/blockquote>\n<blockquote><p><img decoding=\"async\" class=\"alignleft\" title=\"Christina Aguilera\" src=\"https:\/\/www.maroon5br.com\/site\/wp-content\/uploads\/2012\/02\/TeamXtina2.jpg\" alt=\"Christina Aguilera\" width=\"100px\" \/><br \/>\n<img decoding=\"async\" src=\"https:\/\/www.maroon5br.com\/site\/wp-content\/uploads\/thevoice\/2ndseason\/teamxtina-anthony-evans.jpg\" alt=\"Anthony Evans\" \/><img decoding=\"async\" src=\"https:\/\/www.maroon5br.com\/site\/wp-content\/uploads\/thevoice\/2ndseason\/teamxtina-ashley-de-la-rosa.jpg\" alt=\"Ashley De La Rosa\" \/><img decoding=\"async\" src=\"https:\/\/www.maroon5br.com\/site\/wp-content\/uploads\/thevoice\/2ndseason\/teamxtina-chris-mann.jpg\" alt=\"Chris Mann\" \/><img decoding=\"async\" src=\"https:\/\/www.maroon5br.com\/site\/wp-content\/uploads\/thevoice\/2ndseason\/teamxtina-geoff-mcbride.jpg\" alt=\"Geoff Mcbride\" \/><img decoding=\"async\" src=\"https:\/\/www.maroon5br.com\/site\/wp-content\/uploads\/thevoice\/2ndseason\/teamxtina-jesse-campbell.jpg\" alt=\"Jesse Campbell\" \/><img decoding=\"async\" src=\"https:\/\/www.maroon5br.com\/site\/wp-content\/uploads\/thevoice\/2ndseason\/teamxtina-jonathas.jpg\" alt=\"Jonathas\" \/><br \/>\n<img decoding=\"async\" src=\"https:\/\/www.maroon5br.com\/site\/wp-content\/uploads\/thevoice\/2ndseason\/teamxtina-lee-koch.jpg\" alt=\"Lee Koch\" \/><img decoding=\"async\" src=\"https:\/\/www.maroon5br.com\/site\/wp-content\/uploads\/thevoice\/2ndseason\/teamxtina-lindsey-pavao.jpg\" alt=\"Lindsay Pavao\" \/><img decoding=\"async\" src=\"https:\/\/www.maroon5br.com\/site\/wp-content\/uploads\/thevoice\/2ndseason\/teamxtina-monique-benabou.jpg\" alt=\"Monique Benabou\" \/><img decoding=\"async\" src=\"https:\/\/www.maroon5br.com\/site\/wp-content\/uploads\/thevoice\/2ndseason\/teamxtina-moses-stone.jpg\" alt=\"Moses-Stone\" \/><img decoding=\"async\" src=\"https:\/\/www.maroon5br.com\/site\/wp-content\/uploads\/thevoice\/2ndseason\/teamxtina-sera-hill.jpg\" alt=\"Sera Hill\" \/><img decoding=\"async\" src=\"https:\/\/www.maroon5br.com\/site\/wp-content\/uploads\/thevoice\/2ndseason\/teamxtina-the-line.jpg\" alt=\"The Line\" \/><\/p><\/blockquote>\n<h3><strong>Imagens promocionais<\/strong><\/h3>\n<blockquote>\n<p style=\"text-align: center;\">[cpg_albumrand:537,10]<\/p>\n<\/blockquote>\n<h3><strong>V\u00eddeos<\/strong><\/h3>\n<blockquote>\n<p style=\"text-align: center;\"><object style=\"height: 311px; width: 550px;\" width=\"550\" height=\"311\" classid=\"clsid:d27cdb6e-ae6d-11cf-96b8-444553540000\" codebase=\"http:\/\/download.macromedia.com\/pub\/shockwave\/cabs\/flash\/swflash.cab#version=6,0,40,0\"><param name=\"allowFullScreen\" value=\"true\" \/><param name=\"allowScriptAccess\" value=\"always\" \/><param name=\"src\" value=\"http:\/\/www.youtube.com\/v\/oxSyv-U7ZjI?version=3\" \/><param name=\"allowfullscreen\" value=\"true\" \/><param name=\"allowscriptaccess\" value=\"always\" \/><embed style=\"height: 311px; width: 550px;\" width=\"550\" height=\"311\" type=\"application\/x-shockwave-flash\" src=\"http:\/\/www.youtube.com\/v\/oxSyv-U7ZjI?version=3\" allowFullScreen=\"true\" allowScriptAccess=\"always\" allowfullscreen=\"true\" allowscriptaccess=\"always\" \/><\/object><\/p>\n<\/blockquote>\n<h3>Vencedor<\/h3>\n<blockquote style=\"text-align: center;\">\n<h2>Jermaine Paul<\/h2>\n<p><em>Team Blake<\/em>\n<\/p><\/blockquote>\n","protected":false},"excerpt":{"rendered":"<p>Pouco mais de 8 meses depois da bem-sucedida primeira temporada, o The Voice voltou a grade da NBC ainda mais grandiosa. Desta vez os mentores Adam Levine, Christina Aguilera, Blake Shelton e CeeLo Green retornam para formar times de 12 concorrentes para disputar o pr\u00eamio. Com o excelente retorno financeiro da primeira temporada, a NBC [&hellip;]<\/p>\n","protected":false},"author":1,"featured_media":16390,"parent":16738,"menu_order":2,"comment_status":"open","ping_status":"closed","template":"","meta":{"_themeisle_gutenberg_block_has_review":false,"footnotes":""},"class_list":["post-8982","page","type-page","status-publish","has-post-thumbnail","hentry"],"_links":{"self":[{"href":"https:\/\/www.maroon5br.com\/site\/wp-json\/wp\/v2\/pages\/8982","targetHints":{"allow":["GET"]}}],"collection":[{"href":"https:\/\/www.maroon5br.com\/site\/wp-json\/wp\/v2\/pages"}],"about":[{"href":"https:\/\/www.maroon5br.com\/site\/wp-json\/wp\/v2\/types\/page"}],"author":[{"embeddable":true,"href":"https:\/\/www.maroon5br.com\/site\/wp-json\/wp\/v2\/users\/1"}],"replies":[{"embeddable":true,"href":"https:\/\/www.maroon5br.com\/site\/wp-json\/wp\/v2\/comments?post=8982"}],"version-history":[{"count":41,"href":"https:\/\/www.maroon5br.com\/site\/wp-json\/wp\/v2\/pages\/8982\/revisions"}],"predecessor-version":[{"id":19468,"href":"https:\/\/www.maroon5br.com\/site\/wp-json\/wp\/v2\/pages\/8982\/revisions\/19468"}],"up":[{"embeddable":true,"href":"https:\/\/www.maroon5br.com\/site\/wp-json\/wp\/v2\/pages\/16738"}],"wp:featuredmedia":[{"embeddable":true,"href":"https:\/\/www.maroon5br.com\/site\/wp-json\/wp\/v2\/media\/16390"}],"wp:attachment":[{"href":"https:\/\/www.maroon5br.com\/site\/wp-json\/wp\/v2\/media?parent=8982"}],"curies":[{"name":"wp","href":"https:\/\/api.w.org\/{rel}","templated":true}]}}