{"id":9375,"date":"2012-04-11T22:11:33","date_gmt":"2012-04-12T01:11:33","guid":{"rendered":"http:\/\/www.maroon5br.com\/?page_id=9375"},"modified":"2022-12-15T17:30:39","modified_gmt":"2022-12-15T20:30:39","slug":"overexposed","status":"publish","type":"page","link":"https:\/\/www.maroon5br.com\/site\/maroon5\/discografia\/albuns-de-estudio\/overexposed\/","title":{"rendered":"Overexposed"},"content":{"rendered":"\n<p><strong>Overexposed<\/strong>, o quarto \u00e1lbum do Maroon 5, faz jus ao t\u00edtulo. Gravado no auge da exposi\u00e7\u00e3o do vocalista Adam Levine como mentor do The Voice, da NBC, e no embalo do grandioso sucesso <strong>&#8220;Moves Like Jagger&#8221;<\/strong>, o quinteto escalou um time de produtores formado por Max Martin, Benny Blanco, Ryan Tedder e Shellback para dar forma ao disco.<\/p>\n\n\n\n<p>O novo \u00e1lbum se diferencia de tudo o que a banda fez nos discos anteriores, ao se aventurar no mundo da m\u00fasica pop.<\/p>\n\n\n\n<p><strong><em>&#8220;Moves Like Jagger foi a primeira vez que trabalhamos com um compositor de fora da banda, ent\u00e3o decidimos tentar mais isso&#8221;.<\/em><\/strong>, disse o guitarrista James Valentine. <strong><em>&#8220;Neste momento da nossa carreira eu acho que \u00e9 um elemento positivo misturar completamente nosso processo e isso deu \u00f3timos resultados ao mesmo tempo que resultou em um esp\u00edrito mais colaborativo na banda. N\u00f3s quer\u00edamos fazer algo que soasse contempor\u00e2neo, com os elementos das primeiras eras da m\u00fasica pop. Este \u00e9 o nosso \u00e1lbum mais pop e n\u00e3o estamos t\u00edmidos de realmente ir fundo nisso.&#8221;<\/em><\/strong><\/p>\n\n\n\n<p>Lan\u00e7ado em 26 de Junho de 2012, o \u00e1lbum foi lan\u00e7ado em 3 vers\u00f5es: a Standard, trazendo 12 m\u00fasicas in\u00e9ditas, a vers\u00e3o Deluxe, que tamb\u00e9m traz remixes de Payphone, a j\u00e1 conhecida Moves Like Jagger, um cover de &#8220;Kiss&#8221;, do Prince e at\u00e9 uma vers\u00e3o &#8216;renovada&#8217; de &#8220;Wasted Years&#8221;, apresentada aos f\u00e3s em 2005, durante a Honda Civic Tour. Al\u00e9m disso tamb\u00e9m foi lan\u00e7ada uma edi\u00e7\u00e3o limitada do disco, que conta com uma vers\u00e3o em Vinil e 12 cart\u00f5es postais ilustrados por <strong>Young and Sick<\/strong>.<\/p>\n\n\n\n<div class=\"wp-block-group\"><div class=\"wp-block-group__inner-container is-layout-constrained wp-block-group-is-layout-constrained\">\n<h3 class=\"wp-block-heading\">Tracklist<\/h3>\n\n\n\n<ul class=\"album-tracklist wp-block-list\">\n<li>01. One More Night<\/li>\n\n\n\n<li>02. Payphone feat. Wiz Khalifa<\/li>\n\n\n\n<li>03. Daylight<\/li>\n\n\n\n<li>04. Lucky Strike<\/li>\n\n\n\n<li>05. The Man Who Never Lied<\/li>\n\n\n\n<li>06. Love Somebody<\/li>\n\n\n\n<li>07. Lady Killer<\/li>\n\n\n\n<li>08. Fortune Teller<\/li>\n\n\n\n<li>09. Sad<\/li>\n\n\n\n<li>10. Tickets<\/li>\n\n\n\n<li>11. Doin\u2019 Dirt<\/li>\n\n\n\n<li>12. Beautiful Goodbye<\/li>\n\n\n\n<li>13. Wipe Your Eyes<\/li>\n\n\n\n<li>14. Wasted Years<\/li>\n\n\n\n<li>15. Kiss<\/li>\n<\/ul>\n<\/div><\/div>\n\n\n\n<div class=\"wp-block-group\"><div class=\"wp-block-group__inner-container is-layout-constrained wp-block-group-is-layout-constrained\">\n<h3 class=\"wp-block-heading\">Singles<\/h3>\n\n\n\n<div class=\"wp-block-columns is-layout-flex wp-container-core-columns-is-layout-9d6595d7 wp-block-columns-is-layout-flex\">\n<div class=\"wp-block-column is-layout-flow wp-block-column-is-layout-flow\">\n<figure class=\"wp-block-image alignfull size-large\"><img decoding=\"async\" src=\"https:\/\/www.maroon5br.com\/site\/wp-content\/uploads\/2012\/04\/Maroon_5_-_Payphone.jpg\" alt=\"\"\/><\/figure>\n\n\n\n<p><strong>Payphone (feat. Wiz Khalifa)<\/strong><\/p>\n\n\n\n<p><strong>Lan\u00e7amento:<\/strong> 16 de Abril de 2012<\/p>\n<\/div>\n\n\n\n<div class=\"wp-block-column is-layout-flow wp-block-column-is-layout-flow\">\n<figure class=\"wp-block-image alignfull size-large\"><img decoding=\"async\" src=\"https:\/\/www.maroon5br.com\/site\/wp-content\/uploads\/2012\/04\/Maroon_5_-_One_More_Night.jpg\" alt=\"\"\/><\/figure>\n\n\n\n<p><strong>One More Night<\/strong><\/p>\n\n\n\n<p><strong>Lan\u00e7amento:<\/strong> 19 de Junho de 2012<\/p>\n<\/div>\n\n\n\n<div class=\"wp-block-column is-layout-flow wp-block-column-is-layout-flow\">\n<figure class=\"wp-block-image alignfull size-large\"><img decoding=\"async\" src=\"https:\/\/www.maroon5br.com\/site\/wp-content\/uploads\/2012\/04\/Maroon_5_-_Daylight.png\" alt=\"\"\/><\/figure>\n\n\n\n<p><strong>Daylight<\/strong><\/p>\n\n\n\n<p><strong>Lan\u00e7amento:<\/strong> 8 de Novembro de 2012<\/p>\n<\/div>\n\n\n\n<div class=\"wp-block-column is-layout-flow wp-block-column-is-layout-flow\">\n<figure class=\"wp-block-image alignfull size-large\"><img decoding=\"async\" src=\"https:\/\/www.maroon5br.com\/site\/wp-content\/uploads\/2012\/04\/Maroon_5_-_Love_Somebody.png\" alt=\"\"\/><\/figure>\n\n\n\n<p><strong>Love Somebody<\/strong><\/p>\n\n\n\n<p><strong>Lan\u00e7amento:<\/strong> 20 de Maio de 2013<\/p>\n<\/div>\n<\/div>\n<\/div><\/div>\n\n\n\n<div class=\"wp-block-group\"><div class=\"wp-block-group__inner-container is-layout-constrained wp-block-group-is-layout-constrained\">\n<h3 class=\"wp-block-heading\">Edi\u00e7\u00e3o Especial<\/h3>\n\n\n<div class=\"wp-block-image\">\n<figure class=\"aligncenter\"><img loading=\"lazy\" decoding=\"async\" width=\"400\" height=\"600\" src=\"https:\/\/www.maroon5br.com\/site\/wp-content\/uploads\/2012\/04\/OverexposedDeluxePackage.png\" alt=\"OverexposedDeluxePackage\" class=\"wp-image-16529\" srcset=\"https:\/\/www.maroon5br.com\/site\/wp-content\/uploads\/2012\/04\/OverexposedDeluxePackage.png 400w, https:\/\/www.maroon5br.com\/site\/wp-content\/uploads\/2012\/04\/OverexposedDeluxePackage-100x150.png 100w, https:\/\/www.maroon5br.com\/site\/wp-content\/uploads\/2012\/04\/OverexposedDeluxePackage-200x300.png 200w, https:\/\/www.maroon5br.com\/site\/wp-content\/uploads\/2012\/04\/OverexposedDeluxePackage-253x380.png 253w\" sizes=\"auto, (max-width: 400px) 100vw, 400px\" \/><\/figure>\n<\/div>\n\n\n<p class=\"has-text-align-center\"><\/p>\n\n\n\n<ul class=\"album-tracklist wp-block-list\">\n<li>CD Deluxe<\/li>\n\n\n\n<li>Download Digital<\/li>\n\n\n\n<li>Vinil do &#8216;Overexposed&#8217;<\/li>\n\n\n\n<li>Camiseta Edi\u00e7\u00e3o Limitada;<\/li>\n\n\n\n<li>12 cart\u00f5es postais inspirados nas can\u00e7\u00f5es<\/li>\n<\/ul>\n<\/div><\/div>\n\n\n\n<div class=\"wp-block-group\"><div class=\"wp-block-group__inner-container is-layout-constrained wp-block-group-is-layout-constrained\">\n<h3 class=\"wp-block-heading\">Curiosidades<\/h3>\n\n\n\n<ul class=\"wp-block-list\">\n<li>Na capa o ilustrador <strong>Young &amp; Sick<\/strong>escondeu um 222, n\u00famero da sorte da banda.<\/li>\n\n\n\n<li>Em <strong>&#8220;Lady Killer&#8221;<\/strong>, a banda re-utiliza um riff de guitarra utilizado em <strong>&#8220;Pleasure Fucker.&#8221;<\/strong><\/li>\n\n\n\n<li><strong>&#8220;Wasted Years&#8221;<\/strong>, ganhou nova roupagem e novos versos para entrar como b\u00f4nus do \u00e1lbum.<\/li>\n\n\n\n<li>A vers\u00e3o finalizada de <strong>&#8220;Wipe Your Eyes&#8221;<\/strong> traz um sample de &#8220;Sabali&#8221; de Amadou &amp; Mariam. Os versos <em>&#8220;Sabali, Sabali, Sabali, yonkont\u00ea Sabali, Sabali, Sabali, kiye Ni k\u00eara m\u00f4g\u00f4&#8221;<\/em> significam <em>&#8220;Paci\u00eancia, Paci\u00eancia, Paci\u00eancia, o mundo \u00e9 feito disso. Paci\u00eancia, Paci\u00eancia, Paci\u00eancia, vamos unir nossas almas.&#8221;<\/em><\/li>\n\n\n\n<li>Para o videoclipe de <strong>&#8220;Daylight&#8221;<\/strong>, o Maroon 5 decidiu homenagear os f\u00e3s e pediu para que todos enviassem diversos v\u00eddeos, que foram editados por <strong>Jonas Akerlund<\/strong>.<\/li>\n<\/ul>\n<\/div><\/div>\n\n\n\n<div class=\"wp-block-group\"><div class=\"wp-block-group__inner-container is-layout-constrained wp-block-group-is-layout-constrained\">\n<h3 class=\"wp-block-heading\">Videoclipes<\/h3>\n\n\n\n<figure class=\"wp-block-embed is-type-video is-provider-youtube wp-block-embed-youtube wp-embed-aspect-16-9 wp-has-aspect-ratio\"><div class=\"wp-block-embed__wrapper\">\n\r\n<div class=\"fve-video-wrapper fve-image-embed fve-thumbnail-image youtube\" style=\"padding-bottom:75%;\">\r\n    <iframe loading=\"lazy\" src=\"\/\/www.youtube.com\/embed\/KRaWnd3LJfs?wmode=transparent&#038;modestbranding=1&#038;autohide=1&#038;showinfo=0&#038;rel=0\" width=\"100%\" height=\"100%\" frameborder=\"0\" webkitAllowFullScreen mozallowfullscreen allowFullScreen><\/iframe>    <\/div>\r\n\r\n\n<\/div><\/figure>\n\n\n\n<figure class=\"wp-block-embed is-type-video is-provider-youtube wp-block-embed-youtube wp-embed-aspect-16-9 wp-has-aspect-ratio\"><div class=\"wp-block-embed__wrapper\">\n\r\n<div class=\"fve-video-wrapper fve-image-embed fve-thumbnail-image youtube\" style=\"padding-bottom:75%;\">\r\n    <iframe loading=\"lazy\" src=\"\/\/www.youtube.com\/embed\/fwK7ggA3-bU?wmode=transparent&#038;modestbranding=1&#038;autohide=1&#038;showinfo=0&#038;rel=0\" width=\"100%\" height=\"100%\" frameborder=\"0\" webkitAllowFullScreen mozallowfullscreen allowFullScreen><\/iframe>    <\/div>\r\n\r\n\n<\/div><\/figure>\n\n\n\n<figure class=\"wp-block-embed is-type-video is-provider-youtube wp-block-embed-youtube wp-embed-aspect-16-9 wp-has-aspect-ratio\"><div class=\"wp-block-embed__wrapper\">\n\r\n<div class=\"fve-video-wrapper fve-image-embed fve-thumbnail-image youtube\" style=\"padding-bottom:75%;\">\r\n    <iframe loading=\"lazy\" src=\"\/\/www.youtube.com\/embed\/N17FXwRWEZs?wmode=transparent&#038;modestbranding=1&#038;autohide=1&#038;showinfo=0&#038;rel=0\" width=\"100%\" height=\"100%\" frameborder=\"0\" webkitAllowFullScreen mozallowfullscreen allowFullScreen><\/iframe>    <\/div>\r\n\r\n\n<\/div><\/figure>\n\n\n\n<figure class=\"wp-block-embed is-type-video is-provider-youtube wp-block-embed-youtube wp-embed-aspect-16-9 wp-has-aspect-ratio\"><div class=\"wp-block-embed__wrapper\">\n\r\n<div class=\"fve-video-wrapper fve-image-embed fve-thumbnail-image youtube\" style=\"padding-bottom:75%;\">\r\n    <iframe loading=\"lazy\" src=\"\/\/www.youtube.com\/embed\/MU8B4XDI3Uw?wmode=transparent&#038;modestbranding=1&#038;autohide=1&#038;showinfo=0&#038;rel=0\" width=\"100%\" height=\"100%\" frameborder=\"0\" webkitAllowFullScreen mozallowfullscreen allowFullScreen><\/iframe>    <\/div>\r\n\r\n\n<\/div><\/figure>\n<\/div><\/div>\n","protected":false},"excerpt":{"rendered":"<p>Overexposed, o quarto \u00e1lbum do Maroon 5, faz jus ao t\u00edtulo. Gravado no auge da exposi\u00e7\u00e3o do vocalista Adam Levine como mentor do The Voice, da NBC, e no embalo do grandioso sucesso &#8220;Moves Like Jagger&#8221;, o quinteto escalou um time de produtores formado por Max Martin, Benny Blanco, Ryan Tedder e Shellback para dar [&hellip;]<\/p>\n","protected":false},"author":1,"featured_media":22394,"parent":16682,"menu_order":4,"comment_status":"closed","ping_status":"closed","template":"cds.php","meta":{"_themeisle_gutenberg_block_has_review":false,"footnotes":""},"class_list":["post-9375","page","type-page","status-publish","has-post-thumbnail","hentry"],"_links":{"self":[{"href":"https:\/\/www.maroon5br.com\/site\/wp-json\/wp\/v2\/pages\/9375","targetHints":{"allow":["GET"]}}],"collection":[{"href":"https:\/\/www.maroon5br.com\/site\/wp-json\/wp\/v2\/pages"}],"about":[{"href":"https:\/\/www.maroon5br.com\/site\/wp-json\/wp\/v2\/types\/page"}],"author":[{"embeddable":true,"href":"https:\/\/www.maroon5br.com\/site\/wp-json\/wp\/v2\/users\/1"}],"replies":[{"embeddable":true,"href":"https:\/\/www.maroon5br.com\/site\/wp-json\/wp\/v2\/comments?post=9375"}],"version-history":[{"count":37,"href":"https:\/\/www.maroon5br.com\/site\/wp-json\/wp\/v2\/pages\/9375\/revisions"}],"predecessor-version":[{"id":28235,"href":"https:\/\/www.maroon5br.com\/site\/wp-json\/wp\/v2\/pages\/9375\/revisions\/28235"}],"up":[{"embeddable":true,"href":"https:\/\/www.maroon5br.com\/site\/wp-json\/wp\/v2\/pages\/16682"}],"wp:featuredmedia":[{"embeddable":true,"href":"https:\/\/www.maroon5br.com\/site\/wp-json\/wp\/v2\/media\/22394"}],"wp:attachment":[{"href":"https:\/\/www.maroon5br.com\/site\/wp-json\/wp\/v2\/media?parent=9375"}],"curies":[{"name":"wp","href":"https:\/\/api.w.org\/{rel}","templated":true}]}}