{"id":9699,"date":"2012-05-14T21:01:12","date_gmt":"2012-05-15T00:01:12","guid":{"rendered":"http:\/\/www.maroon5br.com\/?page_id=9699"},"modified":"2017-12-21T12:15:53","modified_gmt":"2017-12-21T15:15:53","slug":"csiny","status":"publish","type":"page","link":"https:\/\/www.maroon5br.com\/site\/maroon5\/cinemaetv\/televisao\/csiny\/","title":{"rendered":"CSI:NY"},"content":{"rendered":"<p>Durante a divulga\u00e7\u00e3o do \u00e1lbum <strong>It Won&#8217;t Be Soon Before Long<\/strong>, o Maroon 5 fez uma participa\u00e7\u00e3o no seriado <strong>CSI:NY<\/strong>, onde tocaram o single <strong>&#8220;Goodnight Goodnight&#8221;<\/strong> em um festival fict\u00edcio.<\/p>\n<h3>Informa\u00e7\u00f5es<\/h3>\n<blockquote><p><strong>Epis\u00f3dio:<\/strong> Page Turner (5\u00aa Temporada, Epis\u00f3dio 2)<br \/>\n<strong>Data de exibi\u00e7\u00e3o:<\/strong>\u00a01\u00ba de Outubro de 2008<\/p><\/blockquote>\n<h3>Fotos<\/h3>\n<blockquote>\n<p style=\"text-align: center;\">[cpg_albumnew:266,12]<br \/>\n<a href=\"https:\/\/www.maroon5br.com\/site\/galeria\/thumbnails.php?album=266\">Veja o \u00e1lbum completo na galeria.<\/a><\/p>\n<\/blockquote>\n<h3>V\u00eddeo<\/h3>\n<p style=\"text-align: center;\">httpv:\/\/www.youtube.com\/watch?v=C8ZjNI_b6VM<\/p>\n","protected":false},"excerpt":{"rendered":"<p>Durante a divulga\u00e7\u00e3o do \u00e1lbum It Won&#8217;t Be Soon Before Long, o Maroon 5 fez uma participa\u00e7\u00e3o no seriado CSI:NY, onde tocaram o single &#8220;Goodnight Goodnight&#8221; em um festival fict\u00edcio. Informa\u00e7\u00f5es Epis\u00f3dio: Page Turner (5\u00aa Temporada, Epis\u00f3dio 2) Data de exibi\u00e7\u00e3o:\u00a01\u00ba de Outubro de 2008 Fotos [cpg_albumnew:266,12] Veja o \u00e1lbum completo na galeria. V\u00eddeo httpv:\/\/www.youtube.com\/watch?v=C8ZjNI_b6VM<\/p>\n","protected":false},"author":1,"featured_media":16734,"parent":23803,"menu_order":2,"comment_status":"open","ping_status":"closed","template":"","meta":{"_themeisle_gutenberg_block_has_review":false,"footnotes":""},"class_list":["post-9699","page","type-page","status-publish","has-post-thumbnail","hentry"],"_links":{"self":[{"href":"https:\/\/www.maroon5br.com\/site\/wp-json\/wp\/v2\/pages\/9699","targetHints":{"allow":["GET"]}}],"collection":[{"href":"https:\/\/www.maroon5br.com\/site\/wp-json\/wp\/v2\/pages"}],"about":[{"href":"https:\/\/www.maroon5br.com\/site\/wp-json\/wp\/v2\/types\/page"}],"author":[{"embeddable":true,"href":"https:\/\/www.maroon5br.com\/site\/wp-json\/wp\/v2\/users\/1"}],"replies":[{"embeddable":true,"href":"https:\/\/www.maroon5br.com\/site\/wp-json\/wp\/v2\/comments?post=9699"}],"version-history":[{"count":8,"href":"https:\/\/www.maroon5br.com\/site\/wp-json\/wp\/v2\/pages\/9699\/revisions"}],"predecessor-version":[{"id":16735,"href":"https:\/\/www.maroon5br.com\/site\/wp-json\/wp\/v2\/pages\/9699\/revisions\/16735"}],"up":[{"embeddable":true,"href":"https:\/\/www.maroon5br.com\/site\/wp-json\/wp\/v2\/pages\/23803"}],"wp:featuredmedia":[{"embeddable":true,"href":"https:\/\/www.maroon5br.com\/site\/wp-json\/wp\/v2\/media\/16734"}],"wp:attachment":[{"href":"https:\/\/www.maroon5br.com\/site\/wp-json\/wp\/v2\/media?parent=9699"}],"curies":[{"name":"wp","href":"https:\/\/api.w.org\/{rel}","templated":true}]}}