{"id":9701,"date":"2012-05-14T21:02:36","date_gmt":"2012-05-15T00:02:36","guid":{"rendered":"http:\/\/www.maroon5br.com\/?page_id=9701"},"modified":"2017-12-21T12:15:46","modified_gmt":"2017-12-21T15:15:46","slug":"beverly-hills-90210","status":"publish","type":"page","link":"https:\/\/www.maroon5br.com\/site\/maroon5\/cinemaetv\/televisao\/beverly-hills-90210\/","title":{"rendered":"Beverly Hills 90210"},"content":{"rendered":"<p>Ainda na adolesc\u00eancia, a banda <strong>Kara&#8217;s Flowers<\/strong> fez uma participa\u00e7\u00e3o no seriado <strong>Barrados no Baile <\/strong><em>(Beverly Hills 90210)<\/em>, tocando o single &#8220;<strong>Soap Disco<\/strong>&#8220;, do <strong>&#8220;The Fourth World&#8221;<\/strong>.<\/p>\n<h3>Informa\u00e7\u00f5es<\/h3>\n<blockquote><p><strong>Epis\u00f3dio:<\/strong> Forgive and Forget (8\u00aa Temporada, Epis\u00f3dio 3)<br \/>\n<strong>Data de exibi\u00e7\u00e3o:<\/strong> 17 de Setembro de 1997<\/p><\/blockquote>\n<h3>V\u00eddeo<\/h3>\n<div class=\"fve-video-wrapper fve-image-embed fve-thumbnail-image youtube\" style=\"padding-bottom:75%;\">\n    <iframe loading=\"lazy\" src=\"\/\/www.youtube.com\/embed\/ay3vtW37hDk?wmode=transparent&#038;modestbranding=1&#038;autohide=1&#038;showinfo=0&#038;rel=0\" width=\"100%\" height=\"100%\" frameborder=\"0\" webkitAllowFullScreen mozallowfullscreen allowFullScreen><\/iframe>    <\/div>\n","protected":false},"excerpt":{"rendered":"<p>Ainda na adolesc\u00eancia, a banda Kara&#8217;s Flowers fez uma participa\u00e7\u00e3o no seriado Barrados no Baile (Beverly Hills 90210), tocando o single &#8220;Soap Disco&#8220;, do &#8220;The Fourth World&#8221;. Informa\u00e7\u00f5es Epis\u00f3dio: Forgive and Forget (8\u00aa Temporada, Epis\u00f3dio 3) Data de exibi\u00e7\u00e3o: 17 de Setembro de 1997 V\u00eddeo<\/p>\n","protected":false},"author":1,"featured_media":16732,"parent":23803,"menu_order":1,"comment_status":"open","ping_status":"closed","template":"","meta":{"_themeisle_gutenberg_block_has_review":false,"footnotes":""},"class_list":["post-9701","page","type-page","status-publish","has-post-thumbnail","hentry"],"_links":{"self":[{"href":"https:\/\/www.maroon5br.com\/site\/wp-json\/wp\/v2\/pages\/9701","targetHints":{"allow":["GET"]}}],"collection":[{"href":"https:\/\/www.maroon5br.com\/site\/wp-json\/wp\/v2\/pages"}],"about":[{"href":"https:\/\/www.maroon5br.com\/site\/wp-json\/wp\/v2\/types\/page"}],"author":[{"embeddable":true,"href":"https:\/\/www.maroon5br.com\/site\/wp-json\/wp\/v2\/users\/1"}],"replies":[{"embeddable":true,"href":"https:\/\/www.maroon5br.com\/site\/wp-json\/wp\/v2\/comments?post=9701"}],"version-history":[{"count":12,"href":"https:\/\/www.maroon5br.com\/site\/wp-json\/wp\/v2\/pages\/9701\/revisions"}],"predecessor-version":[{"id":22364,"href":"https:\/\/www.maroon5br.com\/site\/wp-json\/wp\/v2\/pages\/9701\/revisions\/22364"}],"up":[{"embeddable":true,"href":"https:\/\/www.maroon5br.com\/site\/wp-json\/wp\/v2\/pages\/23803"}],"wp:featuredmedia":[{"embeddable":true,"href":"https:\/\/www.maroon5br.com\/site\/wp-json\/wp\/v2\/media\/16732"}],"wp:attachment":[{"href":"https:\/\/www.maroon5br.com\/site\/wp-json\/wp\/v2\/media?parent=9701"}],"curies":[{"name":"wp","href":"https:\/\/api.w.org\/{rel}","templated":true}]}}