{"id":9703,"date":"2012-05-14T21:03:05","date_gmt":"2012-05-15T00:03:05","guid":{"rendered":"http:\/\/www.maroon5br.com\/?page_id=9703"},"modified":"2017-12-21T12:16:17","modified_gmt":"2017-12-21T15:16:17","slug":"the-haney-project","status":"publish","type":"page","link":"https:\/\/www.maroon5br.com\/site\/maroon5\/cinemaetv\/televisao\/the-haney-project\/","title":{"rendered":"The Haney Project"},"content":{"rendered":"<p>Em 2012, <strong>Adam Levine<\/strong> participou, ao lado do chef <strong>Mario Batali<\/strong>, do Boxeador <strong>Sugar Ray<\/strong> e da modelo <strong>Angie Everhart<\/strong>, da quarta temporada do programa<strong> &#8220;The Haney Project&#8221;<\/strong>, exibido pelo Golf Channel e composto por 8 epis\u00f3dios, onde treinaram suas jogadas de golfe com <strong>Hank Haney<\/strong>, famoso t\u00e9cnico do esporte e competiram pelo pr\u00eamio de <strong>40.000<\/strong> d\u00f3lares que seria destinado \u00e0 institui\u00e7\u00e3o de caridade da escolha do vencedor.<\/p>\n<p>Coroado vencedor do programa, Levine escolheu o projeto Teen Impact, de Los Angeles, para receber o pr\u00eamio.<strong><em> &#8220;Vencer o The Haney Project \u00e9 incr\u00edvel, eu realmente queria essa vit\u00f3ria&#8221;<\/em><\/strong>, declarou Levine ao vencer o jogo.<strong><em>&#8220;Mas n\u00e3o \u00e9 nada comparado ao que significa ser capaz de fazer isso para o Teen Impact. \u00c9 um programa importante que ajuda crian\u00e7as e fam\u00edlias a lidar com os efeitos psicol\u00f3gicos do c\u00e2ncer. Rem\u00e9dios podem trat\u00e1-los fisicamente, mas o Teen Impact ajuda a curar emocionalmente. \u00c9 humilde saber que estes fundos ajudam a fazer a diferen\u00e7a na vida de algu\u00e9m.&#8221;<\/em><\/strong><\/p>\n<h3>V\u00eddeos<\/h3>\n<div class=\"fve-video-wrapper fve-image-embed fve-thumbnail-image youtube\" style=\"padding-bottom:75%;\">\n    <iframe loading=\"lazy\" src=\"\/\/www.youtube.com\/embed\/vrgRbl-ZOpg?wmode=transparent&#038;modestbranding=1&#038;autohide=1&#038;showinfo=0&#038;rel=0\" width=\"100%\" height=\"100%\" frameborder=\"0\" webkitAllowFullScreen mozallowfullscreen allowFullScreen><\/iframe>    <\/div>\n<h3>Guia de Epis\u00f3dios<\/h3>\n<blockquote><p><strong>01. The Meeting<\/strong><br \/>\n<strong>Data de exibi\u00e7\u00e3o:<\/strong> 27\/02\/2012<\/p><\/blockquote>\n<blockquote><p><strong>02. Spotlight: Mario &amp; Sugar Ray<\/strong><br \/>\n<strong>Data de exibi\u00e7\u00e3o:<\/strong> 05\/03\/2012<\/p><\/blockquote>\n<blockquote><p><strong>03. Spotlight: Angie &amp; Adam<\/strong><br \/>\n<strong>Data de exibi\u00e7\u00e3o:<\/strong> 12\/03\/2012<\/p><\/blockquote>\n<blockquote><p><strong>04. Behind The Scenes<\/strong><br \/>\n<strong>Data de exibi\u00e7\u00e3o:<\/strong> 26\/03\/2012<\/p><\/blockquote>\n<blockquote><p><strong>05. A Golf Retreat<\/strong><br \/>\n<strong>Data de exibi\u00e7\u00e3o:<\/strong> 02\/04\/2012<\/p><\/blockquote>\n<blockquote><p><strong>06. A Busy Coach<\/strong><br \/>\n<strong>Data de exibi\u00e7\u00e3o:<\/strong> 10\/04\/2012<\/p><\/blockquote>\n<blockquote><p><strong>07. The Last Workouts<\/strong><br \/>\n<strong>Data de exibi\u00e7\u00e3o:<\/strong> 16\/04\/2012<\/p><\/blockquote>\n<blockquote><p><strong>08. The Finale<\/strong><br \/>\n<strong>Data de exibi\u00e7\u00e3o:<\/strong> 23\/04\/2012<\/p><\/blockquote>\n","protected":false},"excerpt":{"rendered":"<p>Em 2012, Adam Levine participou, ao lado do chef Mario Batali, do Boxeador Sugar Ray e da modelo Angie Everhart, da quarta temporada do programa &#8220;The Haney Project&#8221;, exibido pelo Golf Channel e composto por 8 epis\u00f3dios, onde treinaram suas jogadas de golfe com Hank Haney, famoso t\u00e9cnico do esporte e competiram pelo pr\u00eamio de [&hellip;]<\/p>\n","protected":false},"author":1,"featured_media":16736,"parent":23803,"menu_order":4,"comment_status":"open","ping_status":"closed","template":"","meta":{"_themeisle_gutenberg_block_has_review":false,"footnotes":""},"class_list":["post-9703","page","type-page","status-publish","has-post-thumbnail","hentry"],"_links":{"self":[{"href":"https:\/\/www.maroon5br.com\/site\/wp-json\/wp\/v2\/pages\/9703","targetHints":{"allow":["GET"]}}],"collection":[{"href":"https:\/\/www.maroon5br.com\/site\/wp-json\/wp\/v2\/pages"}],"about":[{"href":"https:\/\/www.maroon5br.com\/site\/wp-json\/wp\/v2\/types\/page"}],"author":[{"embeddable":true,"href":"https:\/\/www.maroon5br.com\/site\/wp-json\/wp\/v2\/users\/1"}],"replies":[{"embeddable":true,"href":"https:\/\/www.maroon5br.com\/site\/wp-json\/wp\/v2\/comments?post=9703"}],"version-history":[{"count":6,"href":"https:\/\/www.maroon5br.com\/site\/wp-json\/wp\/v2\/pages\/9703\/revisions"}],"predecessor-version":[{"id":22454,"href":"https:\/\/www.maroon5br.com\/site\/wp-json\/wp\/v2\/pages\/9703\/revisions\/22454"}],"up":[{"embeddable":true,"href":"https:\/\/www.maroon5br.com\/site\/wp-json\/wp\/v2\/pages\/23803"}],"wp:featuredmedia":[{"embeddable":true,"href":"https:\/\/www.maroon5br.com\/site\/wp-json\/wp\/v2\/media\/16736"}],"wp:attachment":[{"href":"https:\/\/www.maroon5br.com\/site\/wp-json\/wp\/v2\/media?parent=9703"}],"curies":[{"name":"wp","href":"https:\/\/api.w.org\/{rel}","templated":true}]}}