{"id":9764,"date":"2012-05-19T12:55:56","date_gmt":"2012-05-19T15:55:56","guid":{"rendered":"http:\/\/www.maroon5br.com\/?page_id=9764"},"modified":"2017-06-15T19:23:25","modified_gmt":"2017-06-15T22:23:25","slug":"it-wont-be-soon-before-long-tour","status":"publish","type":"page","link":"https:\/\/www.maroon5br.com\/site\/maroon5\/turnes\/it-wont-be-soon-before-long-tour\/","title":{"rendered":"It Won&#8217;t Be Soon Before Long Tour 2007\/2008"},"content":{"rendered":"<h3>A Turn\u00ea<\/h3>\n<p>Em Julho de 2007, um seleto grupo de jornalistas, cr\u00edticos musicais e alguns vencedores de promo\u00e7\u00f5es foram convidados a prestigiar uma apresenta\u00e7\u00e3o ao vivo do Maroon 5 no <strong>House Of Blues<\/strong>, em Los Angeles, onde a banda tocou alguns hits do \u00e1lbum de estr\u00e9ia, Songs About Jane, e tamb\u00e9m as can\u00e7\u00f5es<strong> &#8220;Makes Me Wonder&#8221; <\/strong>e<strong> &#8220;Back At Your Door&#8221;<\/strong>, do rec\u00e9m-lan\u00e7ado It Won&#8217;t Be Soon Before Long.<\/p>\n<p>Com apresenta\u00e7\u00e3o de Ryan Seacrest, a performance serviu para anunciar a turn\u00ea <strong>&#8220;It Won&#8217;t Be Soon Before Long&#8221;<\/strong> terceira do Maroon 5 e a segunda a nivel mundial. Come\u00e7ando em Outubro de 2007 e encerrando em Dezembro de 2008, foram feitos 135 shows em 38 pa\u00edses, incluindo 3 datas no Brasil.<\/p>\n<h3>Setlist<\/h3>\n<p style=\"text-align: center;\"><strong>Parte 1<\/strong><\/p>\n<blockquote>\n<p style=\"text-align: center;\">If I Never See Your Face Again<br \/>\nMakes Me Wonder<br \/>\nHarder to Breathe<br \/>\nThe Sun<br \/>\nCan&#8217;t Stop<br \/>\nSecret<br \/>\nIn the Air Tonight (Phil Collins Cover)<br \/>\nShiver<br \/>\nWake Up Call<br \/>\nSunday Morning<br \/>\nWon&#8217;t Go Home Without You<br \/>\nThis Love<br \/>\n<strong>Encore:<\/strong><br \/>\nLittle of Your Time<br \/>\nShe Will Be Loved<br \/>\nBack at Your Door<br \/>\nHappy Birthday (Mildred J. Hill Cover) (Apenas em Las Vegas)<br \/>\nPurple Rain (Prince Cover) (Apenas em Las Vegas)<\/p>\n<\/blockquote>\n<p style=\"text-align: center;\"><strong>Parte 2<\/strong><\/p>\n<blockquote>\n<p style=\"text-align: center;\">This Love<br \/>\nIf I Never See Your Face Again<br \/>\nMakes Me Wonder<br \/>\nTangled<br \/>\nShiver<br \/>\nThe Sun<br \/>\nSecret<br \/>\nSunday Morning<br \/>\nWon&#8217;t Go Home Without You<br \/>\nWake Up Call<br \/>\nWicked Game (Chris Isaak Cover)<br \/>\nShe Will Be Loved<\/p>\n<p style=\"text-align: center;\"><strong>Encore:<\/strong><br \/>\nHarder to Breathe<br \/>\nSweetest Goodbye<\/p>\n<\/blockquote>\n<h3>Poster oficial<\/h3>\n<p style=\"text-align: center;\"><img loading=\"lazy\" decoding=\"async\" data-id=\"16851\"  src=\"https:\/\/www.maroon5br.com\/site\/wp-content\/uploads\/2012\/05\/iwbs-poster.png\" alt=\"iwbs-poster\" width=\"335\" height=\"425\" class=\"alignnone size-full wp-image-16851\" srcset=\"https:\/\/www.maroon5br.com\/site\/wp-content\/uploads\/2012\/05\/iwbs-poster.png 335w, https:\/\/www.maroon5br.com\/site\/wp-content\/uploads\/2012\/05\/iwbs-poster-118x150.png 118w, https:\/\/www.maroon5br.com\/site\/wp-content\/uploads\/2012\/05\/iwbs-poster-236x300.png 236w, https:\/\/www.maroon5br.com\/site\/wp-content\/uploads\/2012\/05\/iwbs-poster-300x380.png 300w\" sizes=\"auto, (max-width: 335px) 100vw, 335px\" \/><\/p>\n<h3>Merchandise<\/h3>\n<p style=\"text-align: center;\"><img decoding=\"async\" data-id=\"16850\"  src=\"https:\/\/www.maroon5br.com\/site\/wp-content\/uploads\/2012\/05\/iwbs-merch.png\" alt=\"iwbs-merch\" width=\"550\" class=\"alignnone size-full wp-image-16850\" srcset=\"https:\/\/www.maroon5br.com\/site\/wp-content\/uploads\/2012\/05\/iwbs-merch.png 600w, https:\/\/www.maroon5br.com\/site\/wp-content\/uploads\/2012\/05\/iwbs-merch-148x150.png 148w, https:\/\/www.maroon5br.com\/site\/wp-content\/uploads\/2012\/05\/iwbs-merch-295x300.png 295w, https:\/\/www.maroon5br.com\/site\/wp-content\/uploads\/2012\/05\/iwbs-merch-374x380.png 374w\" sizes=\"(max-width: 600px) 100vw, 600px\" \/><\/p>\n<h3>V\u00eddeos<\/h3>\n<blockquote><p><strong>V\u00eddeo promocional<\/strong><br \/>\nhttpv:\/\/www.youtube.com\/watch?v=6Yd5hFb6gFU<br \/>\nhttpv:\/\/www.youtube.com\/watch?v=rTsiqBr70-o<\/p><\/blockquote>\n<h3>Datas<\/h3>\n<table width=\"650\" border=\"0\" cellspacing=\"1\" cellpadding=\"5\">\n<tbody>\n<tr>\n<th rowspan=\"1\" width=\"166\">Data<\/th>\n<th rowspan=\"1\" width=\"123\">Cidade<\/th>\n<th rowspan=\"1\" width=\"123\">Pa\u00eds<\/th>\n<th rowspan=\"1\" width=\"193\">Local<\/th>\n<\/tr>\n<tr>\n<th colspan=\"6\"><strong>Parte 1<\/strong><\/th>\n<\/tr>\n<tr>\n<th colspan=\"6\">Am\u00e9rica do Norte<\/th>\n<\/tr>\n<tr>\n<td>01 de Outubro\u00a0de\u00a02007<\/td>\n<td>St Paul<\/td>\n<td>Estados Unidos<\/td>\n<td>Xcel Energy Center<\/td>\n<\/tr>\n<tr>\n<td>02 de Outubro\u00a0de\u00a02007<\/td>\n<td>Rosemont<\/td>\n<td>Estados Unidos<\/td>\n<td>Allstate Arena<\/td>\n<\/tr>\n<tr>\n<td>04 de Outubro\u00a0de\u00a02007<\/td>\n<td>Toronto<\/td>\n<td>Canad\u00e1<\/td>\n<td>Air Canada Centre<\/td>\n<\/tr>\n<tr>\n<td>05 de Outubro\u00a0de\u00a02007<\/td>\n<td>Cleveland<\/td>\n<td>Estados Unidos<\/td>\n<td>Quickens Loans Arena<\/td>\n<\/tr>\n<tr>\n<td>07 de Outubro\u00a0de\u00a02007<\/td>\n<td>Columbus<\/td>\n<td>Estados Unidos<\/td>\n<td>Nationwide Arena<\/td>\n<\/tr>\n<tr>\n<td>08 de Outubro\u00a0de\u00a02007<\/td>\n<td>Charlottesville<\/td>\n<td>Estados Unidos<\/td>\n<td>John Paul Jones Arena<\/td>\n<\/tr>\n<tr>\n<td>10 de Outubro\u00a0de\u00a02007<\/td>\n<td>New York City<\/td>\n<td>Estados Unidos<\/td>\n<td>Madison Square Garden<\/td>\n<\/tr>\n<tr>\n<td>12 de Outubro\u00a0de\u00a02007<\/td>\n<td>Uncasville<\/td>\n<td>Estados Unidos<\/td>\n<td>Mohegan Sun Arena<\/td>\n<\/tr>\n<tr>\n<td>13 de Outubro\u00a0de\u00a02007<\/td>\n<td>Philadelphia<\/td>\n<td>Estados Unidos<\/td>\n<td>Wachovia Spectrum<\/td>\n<\/tr>\n<tr>\n<td>15 de Outubro\u00a0de\u00a02007<\/td>\n<td>Boston<\/td>\n<td>Estados Unidos<\/td>\n<td>TD Banknorth Garden<\/td>\n<\/tr>\n<tr>\n<td>16 de Outubro\u00a0de\u00a02007<\/td>\n<td>Washington<\/td>\n<td>Estados Unidos<\/td>\n<td>Verizon Center<\/td>\n<\/tr>\n<tr>\n<td>18 de Outubro\u00a0de\u00a02007<\/td>\n<td>Columbus<\/td>\n<td>Estados Unidos<\/td>\n<td>Colonial Center<\/td>\n<\/tr>\n<tr>\n<td>20 de Outubro\u00a0de\u00a02007<\/td>\n<td>Sunrise<\/td>\n<td>Estados Unidos<\/td>\n<td>BankAtlantic Center<\/td>\n<\/tr>\n<tr>\n<td>21 de Outubro\u00a0de\u00a02007<\/td>\n<td>Tampa<\/td>\n<td>Estados Unidos<\/td>\n<td>St. Pete Times Forum<\/td>\n<\/tr>\n<tr>\n<td>23 de Outubro\u00a0de\u00a02007<\/td>\n<td>Orlando<\/td>\n<td>Estados Unidos<\/td>\n<td>Amway Arena<\/td>\n<\/tr>\n<tr>\n<td>24 de Outubro\u00a0de\u00a02007<\/td>\n<td>Duluth<\/td>\n<td>Estados Unidos<\/td>\n<td>Arena at Gwinnett Center<\/td>\n<\/tr>\n<tr>\n<td>26 de Outubro\u00a0de\u00a02007<\/td>\n<td>Houston<\/td>\n<td>Estados Unidos<\/td>\n<td>Toyota Center<\/td>\n<\/tr>\n<tr>\n<td>27 de Outubro\u00a0de\u00a02007<\/td>\n<td>Forth Worth<\/td>\n<td>Estados Unidos<\/td>\n<td>Fort Worth Convention Center<\/td>\n<\/tr>\n<tr>\n<td>29 de Outubro\u00a0de\u00a02007<\/td>\n<td>Denver<\/td>\n<td>Estados Unidos<\/td>\n<td>Pepsi Center<\/td>\n<\/tr>\n<tr>\n<td>31 de Outubro\u00a0de\u00a02007<\/td>\n<td>Salt Lake City<\/td>\n<td>Estados Unidos<\/td>\n<td>Energy Solutions Arena<\/td>\n<\/tr>\n<tr>\n<td>02 de Novembro\u00a0de\u00a02007<\/td>\n<td>Portland<\/td>\n<td>Estados Unidos<\/td>\n<td>Rose Quarter-Memorial Coliseum<\/td>\n<\/tr>\n<tr>\n<td>03 de Novembro\u00a0de\u00a02007<\/td>\n<td>Vancouver<\/td>\n<td>Canad\u00e1<\/td>\n<td>Pacific Coliseum<\/td>\n<\/tr>\n<tr>\n<td>05 de Novembro\u00a0de\u00a02007<\/td>\n<td>Sacramento<\/td>\n<td>Estados Unidos<\/td>\n<td>Arco Arena<\/td>\n<\/tr>\n<tr>\n<td>06 de Novembro\u00a0de\u00a02007<\/td>\n<td>San Jose<\/td>\n<td>Estados Unidos<\/td>\n<td>HP Pavillion<\/td>\n<\/tr>\n<tr>\n<td>08 de Novembro\u00a0de\u00a02007<\/td>\n<td>Los Angeles<\/td>\n<td>Estados Unidos<\/td>\n<td>Staples Center<\/td>\n<\/tr>\n<tr>\n<td>09 de Novembro\u00a0de\u00a02007<\/td>\n<td>San Diego<\/td>\n<td>Estados Unidos<\/td>\n<td>Cox Arena<\/td>\n<\/tr>\n<tr>\n<td>10 de Novembro\u00a0de\u00a02007<\/td>\n<td>Las Vegas<\/td>\n<td>Estados Unidos<\/td>\n<td>The Pearl Concert Theater<\/td>\n<\/tr>\n<tr>\n<th colspan=\"6\">Europa<\/th>\n<\/tr>\n<tr>\n<td>25 de Novembro\u00a0de\u00a02007<\/td>\n<td>Nottingham<\/td>\n<td>Inglaterra<\/td>\n<td>Nottingham Arena<\/td>\n<\/tr>\n<tr>\n<td>27 de Novembro\u00a0de\u00a02007<\/td>\n<td>Glasgow<\/td>\n<td>Esc\u00f3cia<\/td>\n<td>S.E.C.C.<\/td>\n<\/tr>\n<tr>\n<td>28 de Novembro\u00a0de\u00a02007<\/td>\n<td>Manchester<\/td>\n<td>Inglaterra<\/td>\n<td>M.E.N. Arena<\/td>\n<\/tr>\n<tr>\n<td>29 de Novembro\u00a0de\u00a02007<\/td>\n<td rowspan=\"2\">Newcastle<\/td>\n<td>Inglaterra<\/td>\n<td rowspan=\"2\">Metro Radio Arena<\/td>\n<\/tr>\n<tr>\n<td>30 de Novembro\u00a0de\u00a02007<\/td>\n<td>Inglaterra<\/td>\n<\/tr>\n<tr>\n<td>01 de Dezembro\u00a0de\u00a02007<\/td>\n<td>Birmingham<\/td>\n<td>Inglaterra<\/td>\n<td>NEC Arena<\/td>\n<\/tr>\n<tr>\n<td>02 de Dezembro\u00a0de\u00a02007<\/td>\n<td>Londres<\/td>\n<td>Inglaterra<\/td>\n<td>Wembley Arena<\/td>\n<\/tr>\n<tr>\n<td>03 de Dezembro\u00a0de\u00a02007<\/td>\n<td>Cardiff<\/td>\n<td>Pa\u00eds de Gales<\/td>\n<td>Cardiff International Arena<\/td>\n<\/tr>\n<tr>\n<td>05 de Dezembro\u00a0de\u00a02007<\/td>\n<td rowspan=\"2\">Brighton<\/td>\n<td>Inglaterra<\/td>\n<td rowspan=\"2\">Brighton Centre<\/td>\n<\/tr>\n<tr>\n<td>06 de Dezembro\u00a0de\u00a02007<\/td>\n<td>Inglaterra<\/td>\n<\/tr>\n<tr>\n<td>07 de Dezembro\u00a0de\u00a02007<\/td>\n<td>Esch-Alzette<\/td>\n<td>Luxemburgo<\/td>\n<td>Rockhall<\/td>\n<\/tr>\n<tr>\n<td>08 de Dezembro\u00a0de\u00a02007<\/td>\n<td>&#8216;s-Hertogenbosch<\/td>\n<td>Pa\u00edses Baixos<\/td>\n<td>Brabanthallen<\/td>\n<\/tr>\n<tr>\n<td>09 de Dezembro\u00a0de\u00a02007<\/td>\n<td>Antwerp<\/td>\n<td>B\u00e9lgica<\/td>\n<td>Lotto Arena<\/td>\n<\/tr>\n<tr>\n<td>11 de Dezembro\u00a0de\u00a02007<\/td>\n<td>Copenhagen<\/td>\n<td>Dinamarca<\/td>\n<td>Forum Copenhagen<\/td>\n<\/tr>\n<tr>\n<td>12 de Dezembro\u00a0de\u00a02007<\/td>\n<td>Hamburgo<\/td>\n<td>Alemanha<\/td>\n<td>Alsterdorfer Sporthalle<\/td>\n<\/tr>\n<tr>\n<td>13 de Dezembro\u00a0de\u00a02007<\/td>\n<td>Dusseldorf<\/td>\n<td>Alemanha<\/td>\n<td>Mitsubishi Electric Halle<\/td>\n<\/tr>\n<tr>\n<td>14 de Dezembro\u00a0de\u00a02007<\/td>\n<td>Viena<\/td>\n<td>\u00c1ustria<\/td>\n<td>Wiener Stadthalle<\/td>\n<\/tr>\n<tr>\n<td>15 de Dezembro\u00a0de\u00a02007<\/td>\n<td>Munique<\/td>\n<td>Alemanha<\/td>\n<td>Zenith<\/td>\n<\/tr>\n<tr>\n<td>16 de Dezembro\u00a0de\u00a02007<\/td>\n<td>Mil\u00e3o&#8221;&gt;Mil\u00e3o<\/td>\n<td>It\u00e1lia<\/td>\n<td>Alcatraz<\/td>\n<\/tr>\n<tr>\n<td>17 de Dezembro\u00a0de\u00a02007<\/td>\n<td>Zurique<\/td>\n<td>Su\u00ed\u00e7a<\/td>\n<td>Hallenstadion<\/td>\n<\/tr>\n<tr>\n<td>18 de Dezembro\u00a0de\u00a02007<\/td>\n<td>Mil\u00e3o<\/td>\n<td>It\u00e1lia<\/td>\n<td>Paladido<\/td>\n<\/tr>\n<tr>\n<td>21 de Dezembro\u00a0de\u00a02007<\/td>\n<td>Frankfurt<\/td>\n<td>Alemanha<\/td>\n<td>Jahrhunderthalle<\/td>\n<\/tr>\n<tr>\n<td>22 de Dezembro\u00a0de\u00a02007<\/td>\n<td>Dusseldorf<\/td>\n<td>Alemanha<\/td>\n<td>Mitsubishi Electric Halle<\/td>\n<\/tr>\n<tr>\n<th colspan=\"4\">Parte 2<\/th>\n<\/tr>\n<tr>\n<th colspan=\"4\">\u00c1sia<\/th>\n<\/tr>\n<tr>\n<td>03 de Mar\u00e7o\u00a0de\u00a02008<\/td>\n<td>Bangkok<\/td>\n<td>Tail\u00e2ndia<\/td>\n<td>Impact Arena<\/td>\n<\/tr>\n<tr>\n<td>05 de Mar\u00e7o\u00a0de\u00a02008<\/td>\n<td>Quezon City<\/td>\n<td>Filipinas<\/td>\n<td>Araneta Coliseum<\/td>\n<\/tr>\n<tr>\n<td>07 de Mar\u00e7o\u00a0de\u00a02008<\/td>\n<td>Seoul<\/td>\n<td>Coreia do Sul<\/td>\n<td>Olympic Gymnasium<\/td>\n<\/tr>\n<tr>\n<td>10 de Mar\u00e7o\u00a0de\u00a02008<\/td>\n<td>T\u00f3quio<\/td>\n<td>Jap\u00e3o<\/td>\n<td>Nippon Budokan<\/td>\n<\/tr>\n<tr>\n<td>11 de Mar\u00e7o\u00a0de\u00a02008<\/td>\n<td>Osaka<\/td>\n<td>Jap\u00e3o<\/td>\n<td>Osaka Jou Hall<\/td>\n<\/tr>\n<tr>\n<td>13 de Mar\u00e7o\u00a0de\u00a02008<\/td>\n<td>Osaka<\/td>\n<td>Jap\u00e3o<\/td>\n<td>Osaka Jou Hall<\/td>\n<\/tr>\n<tr>\n<td>15 de Mar\u00e7o\u00a0de\u00a02008<\/td>\n<td>Hiroshima<\/td>\n<td>Jap\u00e3o<\/td>\n<td>Sun Plaza Arena<\/td>\n<\/tr>\n<tr>\n<td>16 de Mar\u00e7o\u00a0de\u00a02008<\/td>\n<td>Kuala Lumpur<\/td>\n<td>Mal\u00e1sia<\/td>\n<td>Kiara Equestrian Club<\/td>\n<\/tr>\n<tr>\n<td>17 de Mar\u00e7o\u00a0de\u00a02008<\/td>\n<td>T\u00f3quio<\/td>\n<td>Jap\u00e3o<\/td>\n<td>Nippon Budokan<\/td>\n<\/tr>\n<tr>\n<td>19 de Mar\u00e7o\u00a0de\u00a02008<\/td>\n<td>Hong Kong<\/td>\n<td>Hong Kong<\/td>\n<td>Asia World Arena<\/td>\n<\/tr>\n<tr>\n<td>22 de Mar\u00e7o\u00a0de\u00a02008<\/td>\n<td>Shangai<\/td>\n<td>China<\/td>\n<td>Shanghai Changning Arena<\/td>\n<\/tr>\n<tr>\n<td>25 de Mar\u00e7o\u00a0de\u00a02008<\/td>\n<td>Cingapura<\/td>\n<td>Singapura<\/td>\n<td>Singapore Indoor Stadium<\/td>\n<\/tr>\n<tr>\n<th colspan=\"4\">Oceania<\/th>\n<\/tr>\n<tr>\n<td>18 de Mar\u00e7o\u00a0de\u00a02008<\/td>\n<td>Perth<\/td>\n<td>Austr\u00e1lia<\/td>\n<td>Burswood Dome<\/td>\n<\/tr>\n<tr>\n<td>30 de Mar\u00e7o\u00a0de\u00a02008<\/td>\n<td>Melbourne<\/td>\n<td>Austr\u00e1lia<\/td>\n<td>Rod Laver Arena<\/td>\n<\/tr>\n<tr>\n<td>31 de Mar\u00e7o\u00a0de\u00a02008<\/td>\n<td>Adelaide<\/td>\n<td>Austr\u00e1lia<\/td>\n<td>Adelaide Entertainment Centre<\/td>\n<\/tr>\n<tr>\n<td>02 de Abril\u00a0de\u00a02008<\/td>\n<td>Brisbane<\/td>\n<td>Austr\u00e1lia<\/td>\n<td>Brisbane Entertainment Centre<\/td>\n<\/tr>\n<tr>\n<td>04 de Abril\u00a0de\u00a02008<\/td>\n<td>Sydney<\/td>\n<td>Austr\u00e1lia<\/td>\n<td>Acer Arena<\/td>\n<\/tr>\n<tr>\n<th colspan=\"4\">Europa<\/th>\n<\/tr>\n<tr>\n<td>24 de Maio\u00a0de\u00a02008<\/td>\n<td>Madrid<\/td>\n<td>Espanha<\/td>\n<td>Palacio de los Deportes<\/td>\n<\/tr>\n<tr>\n<td>26 de Maio\u00a0de\u00a02008<\/td>\n<td>Grenoble<\/td>\n<td>Fran\u00e7a<\/td>\n<td>Anneau de Vitesse<\/td>\n<\/tr>\n<tr>\n<td>28 de Maio\u00a0de\u00a02008<\/td>\n<td>Marseille<\/td>\n<td>Fran\u00e7a<\/td>\n<td>Place de La Mairie, Vieux Port<\/td>\n<\/tr>\n<tr>\n<td>29 de Maio\u00a0de\u00a02008<\/td>\n<td>Montpellier<\/td>\n<td>Fran\u00e7a<\/td>\n<td>Place de l&#8217;Europe<\/td>\n<\/tr>\n<tr>\n<td>30 de Maio\u00a0de\u00a02008<\/td>\n<td>Toulouse<\/td>\n<td>Fran\u00e7a<\/td>\n<td>Place du Capitole<\/td>\n<\/tr>\n<tr>\n<td>31 de Maio\u00a0de\u00a02008<\/td>\n<td>Bordeaux<\/td>\n<td>Fran\u00e7a<\/td>\n<td>Place de la Victoire<\/td>\n<\/tr>\n<tr>\n<td>03 de Junho\u00a0de\u00a02008<\/td>\n<td>Bordeaux<\/td>\n<td>Fran\u00e7a<\/td>\n<td>Place de la Victoire<\/td>\n<\/tr>\n<tr>\n<td>04 de Junho\u00a0de\u00a02008<\/td>\n<td>Nyon<\/td>\n<td>Su\u00ed\u00e7a<\/td>\n<td>Crans pr\u00e8s C\u00e9ligny<\/td>\n<\/tr>\n<tr>\n<td>06 de Junho\u00a0de\u00a02008<\/td>\n<td>Amiens<\/td>\n<td>Fran\u00e7a<\/td>\n<td>Parc de la Hotoie<\/td>\n<\/tr>\n<tr>\n<td>10 de Junho\u00a0de\u00a02008<\/td>\n<td>Dijon<\/td>\n<td>Fran\u00e7a<\/td>\n<td>Mail de Laborde<\/td>\n<\/tr>\n<tr>\n<td>13 de Junho\u00a0de\u00a02008<\/td>\n<td>Paris<\/td>\n<td>Fran\u00e7a<\/td>\n<td>l&#8217;Olympia<\/td>\n<\/tr>\n<tr>\n<td>14 de Junho\u00a0de\u00a02008<\/td>\n<td>Issy les Moulineaux<\/td>\n<td>Fran\u00e7a<\/td>\n<td>Parc d\u00e9partemental de l&#8217;\u00eele Saint Germain<\/td>\n<\/tr>\n<tr>\n<th colspan=\"6\"><strong>Am\u00e9rica do Sul<\/strong><\/th>\n<\/tr>\n<tr>\n<td>07 de Novembro\u00a0de\u00a02008<\/td>\n<td>Rio de Janeiro<\/td>\n<td>Brasil<\/td>\n<td>HSBC Arena<\/td>\n<\/tr>\n<tr>\n<td>08 de Novembro\u00a0de\u00a02008<\/td>\n<td>Belo Horizonte<\/td>\n<td>Brasil<\/td>\n<td>Mega Space<\/td>\n<\/tr>\n<tr>\n<td>09 de Novembro\u00a0de\u00a02008<\/td>\n<td>S\u00e3o Paulo<\/td>\n<td>Brasil<\/td>\n<td>Via Funchal<\/td>\n<\/tr>\n<tr>\n<td>11 de Novembro\u00a0de\u00a02008<\/td>\n<td>Buenos Aires<\/td>\n<td>Argentina<\/td>\n<td>Luna Park<\/td>\n<\/tr>\n<tr>\n<td>12 de Novembro\u00a0de\u00a02008<\/td>\n<td>Santiago<\/td>\n<td>Chile<\/td>\n<td>Arena Santiago<\/td>\n<\/tr>\n<tr>\n<td>15 de Novembro\u00a0de\u00a02008<\/td>\n<td>Caracas<\/td>\n<td>Venezuela<\/td>\n<td>Est\u00e1dio USB<\/td>\n<\/tr>\n<tr>\n<th colspan=\"6\"><strong>Am\u00e9rica Central<\/strong><\/th>\n<\/tr>\n<tr>\n<td>18 de Novembro\u00a0de\u00a02008<\/td>\n<td>Cidade do Panam\u00e1<\/td>\n<td>Panam\u00e1<\/td>\n<td>Figali Convention Center<\/td>\n<\/tr>\n<tr>\n<th colspan=\"6\"><strong>Am\u00e9rica do Sul <\/strong><\/th>\n<\/tr>\n<tr>\n<td>20 de Novembro\u00a0de\u00a02008<\/td>\n<td>Bogot\u00e1<\/td>\n<td>Col\u00f4mbia<\/td>\n<td>Coliseu Coberto El Camp\u00edn<\/td>\n<\/tr>\n<tr>\n<th colspan=\"6\"><strong>\u00c1sia <\/strong><\/th>\n<\/tr>\n<tr>\n<td>10 de Dezembro\u00a0de\u00a02008<\/td>\n<td>Dubai<\/td>\n<td>Emirados \u00c1rabes Unidos<\/td>\n<td>Palladium at the Dubai Media City<\/td>\n<\/tr>\n<tr>\n<th colspan=\"6\"><strong>\u00c1frica <\/strong><\/th>\n<\/tr>\n<tr>\n<td>13 de Dezembro\u00a0de\u00a02008<\/td>\n<td>Johannesburgo<\/td>\n<td>\u00c1frica do Sul<\/td>\n<td>Coca-Cola Dome<\/td>\n<\/tr>\n<tr>\n<td>14 de Dezembro\u00a0de\u00a02008<\/td>\n<td>Durban<\/td>\n<td>\u00c1frica do Sul<\/td>\n<td>ICC Durban Arena<\/td>\n<\/tr>\n<tr>\n<td>17 de Dezembro\u00a0de\u00a02008<\/td>\n<td>Cidade do Cabo<\/td>\n<td>\u00c1frica do Sul<\/td>\n<td>Grand Arena<\/td>\n<\/tr>\n<\/tbody>\n<\/table>\n","protected":false},"excerpt":{"rendered":"<p>A Turn\u00ea Em Julho de 2007, um seleto grupo de jornalistas, cr\u00edticos musicais e alguns vencedores de promo\u00e7\u00f5es foram convidados a prestigiar uma apresenta\u00e7\u00e3o ao vivo do Maroon 5 no House Of Blues, em Los Angeles, onde a banda tocou alguns hits do \u00e1lbum de estr\u00e9ia, Songs About Jane, e tamb\u00e9m as can\u00e7\u00f5es &#8220;Makes Me [&hellip;]<\/p>\n","protected":false},"author":1,"featured_media":16369,"parent":9750,"menu_order":3,"comment_status":"open","ping_status":"closed","template":"","meta":{"_themeisle_gutenberg_block_has_review":false,"footnotes":""},"class_list":["post-9764","page","type-page","status-publish","has-post-thumbnail","hentry"],"_links":{"self":[{"href":"https:\/\/www.maroon5br.com\/site\/wp-json\/wp\/v2\/pages\/9764","targetHints":{"allow":["GET"]}}],"collection":[{"href":"https:\/\/www.maroon5br.com\/site\/wp-json\/wp\/v2\/pages"}],"about":[{"href":"https:\/\/www.maroon5br.com\/site\/wp-json\/wp\/v2\/types\/page"}],"author":[{"embeddable":true,"href":"https:\/\/www.maroon5br.com\/site\/wp-json\/wp\/v2\/users\/1"}],"replies":[{"embeddable":true,"href":"https:\/\/www.maroon5br.com\/site\/wp-json\/wp\/v2\/comments?post=9764"}],"version-history":[{"count":31,"href":"https:\/\/www.maroon5br.com\/site\/wp-json\/wp\/v2\/pages\/9764\/revisions"}],"predecessor-version":[{"id":22431,"href":"https:\/\/www.maroon5br.com\/site\/wp-json\/wp\/v2\/pages\/9764\/revisions\/22431"}],"up":[{"embeddable":true,"href":"https:\/\/www.maroon5br.com\/site\/wp-json\/wp\/v2\/pages\/9750"}],"wp:featuredmedia":[{"embeddable":true,"href":"https:\/\/www.maroon5br.com\/site\/wp-json\/wp\/v2\/media\/16369"}],"wp:attachment":[{"href":"https:\/\/www.maroon5br.com\/site\/wp-json\/wp\/v2\/media?parent=9764"}],"curies":[{"name":"wp","href":"https:\/\/api.w.org\/{rel}","templated":true}]}}