{"id":9766,"date":"2012-05-19T12:56:42","date_gmt":"2012-05-19T15:56:42","guid":{"rendered":"http:\/\/www.maroon5br.com\/?page_id=9766"},"modified":"2017-06-15T19:23:55","modified_gmt":"2017-06-15T22:23:55","slug":"maroon-5-counting-crows-summer-tour-2008","status":"publish","type":"page","link":"https:\/\/www.maroon5br.com\/site\/maroon5\/turnes\/maroon-5-counting-crows-summer-tour-2008\/","title":{"rendered":"Maroon 5 \/ Counting Crows Summer Tour 2008"},"content":{"rendered":"<h3>A Turn\u00ea<\/h3>\n<p>Em Mar\u00e7o de 2008, uma imagem com as inscri\u00e7\u00f5es <strong>M5\/CC<\/strong> foi revelada e gerou diversas especula\u00e7\u00f5es entre os f\u00e3s. Pouco tempo depois, foi revelado que a imagem era um teaser da nova turn\u00ea de ver\u00e3o da banda, em parceria com o <strong>Counting Crows<\/strong>, e com n\u00famero de abertura de <strong>Sara Bareilles<\/strong>.<\/p>\n<p>Com 38 datas, as duas bandas se revezavam na ordem das apresenta\u00e7\u00f5es, motivo pelo qual foram produzidas duas vers\u00f5es do material promocional.<\/p>\n<p>Nesta turn\u00ea, o Maroon 5 e o Counting Crows fecharam uma parceria com a ong <strong>Reverb<\/strong>, focada em deixar o show mais ecol\u00f3gico e diminuir o impacto ambiental do equipamento.<\/p>\n<h3>Material Promocional<\/h3>\n<p style=\"text-align:center;\"><img decoding=\"async\" data-id=\"16835\"  src=\"https:\/\/www.maroon5br.com\/site\/wp-content\/uploads\/2012\/05\/m5cc-posters.png\" alt=\"m5cc-posters\" width=\"550\" class=\"alignnone size-full wp-image-16835\" srcset=\"https:\/\/www.maroon5br.com\/site\/wp-content\/uploads\/2012\/05\/m5cc-posters.png 650w, https:\/\/www.maroon5br.com\/site\/wp-content\/uploads\/2012\/05\/m5cc-posters-229x150.png 229w, https:\/\/www.maroon5br.com\/site\/wp-content\/uploads\/2012\/05\/m5cc-posters-300x196.png 300w, https:\/\/www.maroon5br.com\/site\/wp-content\/uploads\/2012\/05\/m5cc-posters-581x380.png 581w\" sizes=\"(max-width: 650px) 100vw, 650px\" \/><\/p>\n<h3>V\u00eddeos<\/h3>\n<blockquote><p><strong>V\u00eddeo promocional<\/strong><br \/>\nhttpv:\/\/www.youtube.com\/watch?v=l6J8s0TuYtA<\/p><\/blockquote>\n<blockquote><p><strong>Sequ\u00eancia M5\/CC<\/strong><br \/>\nhttpv:\/\/www.youtube.com\/watch?v=eCcr59R_ECs<\/p><\/blockquote>\n<blockquote><p><strong>Sobre a parceria com a Reverb:<\/strong><br \/>\nhttpv:\/\/www.youtube.com\/watch?v=EN65-ZztNfg<\/p><\/blockquote>\n<blockquote><p><strong>Counting Crows anuncia a turn\u00ea:<\/strong><br \/>\nhttpv:\/\/www.youtube.com\/watch?v=x2e4qrCsKo8<\/p><\/blockquote>\n<h3>Datas<\/h3>\n<table class=\"tourdates\" width=\"650\">\n<tbody>\n<tr>\n<th rowspan=\"1\">Data<\/th>\n<th rowspan=\"1\">Cidade<\/th>\n<th rowspan=\"1\">Local<\/th>\n<\/tr>\n<tr>\n<td>25 de Julho de 2008<\/td>\n<td>Virginia Beach, VA<\/td>\n<td>Verizon Wireless Virginia Beach Amphitheater<\/td>\n<\/tr>\n<tr>\n<td>26 de Julho de 2008<\/td>\n<td>Scranton, PA<\/td>\n<td>Toyota Pavilion at Montage Mountain<\/td>\n<\/tr>\n<tr>\n<td>28 de Julho de 2008<\/td>\n<td>Charlotte, NC<\/td>\n<td>Verizon Wireless Amphitheatre Charlotte<\/td>\n<\/tr>\n<tr>\n<td>29 de Julho de 2008<\/td>\n<td>Raleigh, NC<\/td>\n<td>Time Warner Cable Music Pavilion at Walnut Creek<\/td>\n<\/tr>\n<tr>\n<td>31 de Julho de 2008<\/td>\n<td>Wantagh, NY<\/td>\n<td>Nikon at Jones Beach Theater<\/td>\n<\/tr>\n<tr>\n<td>2 de Agosto de 2008<\/td>\n<td>Boston, MA<\/td>\n<td>Tweeter Center for the Performing Arts<\/td>\n<\/tr>\n<tr>\n<td>5 de Agosto de 2008<\/td>\n<td>Hershey, PA<\/td>\n<td>Hersheypark Stadium de Agosto de 2008amp; Star Pavilion<\/td>\n<\/tr>\n<tr>\n<td>7 de Agosto de 2008<\/td>\n<td>Holmdel, NJ<\/td>\n<td>PNC Bank Arts Center<\/td>\n<\/tr>\n<tr>\n<td>9 de Agosto de 2008<\/td>\n<td>Camden, NJ<\/td>\n<td>Susquehanna\u00a0Bank\u00a0Center<\/td>\n<\/tr>\n<tr>\n<td>12 de Agosto de 2008<\/td>\n<td>SaratogaSprings, NY<\/td>\n<td>Saratoga Performing Arts Center<\/td>\n<\/tr>\n<tr>\n<td>13 de Agosto de 2008<\/td>\n<td>Bethel, NY<\/td>\n<td>Bethel Woods Center for The Arts<\/td>\n<\/tr>\n<tr>\n<td>15 de Agosto de 2008<\/td>\n<td>Hartford, CT<\/td>\n<td>New England Dodge Music Center<\/td>\n<\/tr>\n<tr>\n<td>16 de Agosto de 2008<\/td>\n<td>Washington, DC<\/td>\n<td>Nissan Pavilion<\/td>\n<\/tr>\n<tr>\n<td>18 de Agosto de 2008<\/td>\n<td>Buffalo, NY<\/td>\n<td>Darien Lake Performing Arts Center<\/td>\n<\/tr>\n<tr>\n<td>19 de Agosto de 2008<\/td>\n<td>Toronto, ON<\/td>\n<td>Molson Amphitheatre<\/td>\n<\/tr>\n<tr>\n<td>21 de Agosto de 2008<\/td>\n<td>Pittsburgh, PA<\/td>\n<td>Post-Gazette Pavilion<\/td>\n<\/tr>\n<tr>\n<td>22 de Agosto de 2008<\/td>\n<td>Chicago, IL<\/td>\n<td>First Midwest Bank Amphitheatre<\/td>\n<\/tr>\n<tr>\n<td>23 de Agosto de 2008<\/td>\n<td>Milwaukee, WI<\/td>\n<td>Marcus Amphitheater<\/td>\n<\/tr>\n<tr>\n<td>26 de Agosto de 2008<\/td>\n<td>Cleveland, OH<\/td>\n<td>Blossom Music Center<\/td>\n<\/tr>\n<tr>\n<td>28 de Agosto de 2008<\/td>\n<td>Indianapolis, IN<\/td>\n<td>Verizon Wireless Music Center Indianapolis<\/td>\n<\/tr>\n<tr>\n<td>29 de Agosto de 2008<\/td>\n<td>Detroit, MI<\/td>\n<td>DTE Energy Music Theatre<\/td>\n<\/tr>\n<tr>\n<td>30 de Agosto de 2008<\/td>\n<td>Cincinnati, OH<\/td>\n<td>Riverbend\u00a0Music\u00a0Center<\/td>\n<\/tr>\n<tr>\n<td>5 de Setembro de 2008<\/td>\n<td>Houston, TX<\/td>\n<td>Cynthia Woods Mitchell Pavilion<\/td>\n<\/tr>\n<tr>\n<td>6 de Setembro de 2008<\/td>\n<td>Dallas, TX<\/td>\n<td>Superpages.com Center<\/td>\n<\/tr>\n<tr>\n<td>9 de Setembro de 2008<\/td>\n<td>Albuquerque, NM<\/td>\n<td>Journal Pavilion<\/td>\n<\/tr>\n<tr>\n<td>10 de Setembro de 2008<\/td>\n<td>Phoenix, AZ<\/td>\n<td>Cricket Wireless Pavilion<\/td>\n<\/tr>\n<tr>\n<td>12 de Setembro de 2008<\/td>\n<td>Irvine, CA<\/td>\n<td>Verizon\u00a0Wireless\u00a0Amphitheater<\/td>\n<\/tr>\n<tr>\n<td>13 de Setembro de 2008<\/td>\n<td>San Diego, CA<\/td>\n<td>Coors Amphitheatre<\/td>\n<\/tr>\n<tr>\n<td>17 de Setembro de 2008<\/td>\n<td>Mountain View, CA<\/td>\n<td>Shoreline Amphitheatre at Mountain View<\/td>\n<\/tr>\n<tr>\n<td>18 de Setembro de 2008<\/td>\n<td>Concord, CA<\/td>\n<td>Sleep Train Pavilion<\/td>\n<\/tr>\n<tr>\n<td>20 de Setembro de 2008<\/td>\n<td>Ridgefield, WA<\/td>\n<td>Amphitheater at Clark County<\/td>\n<\/tr>\n<tr>\n<td>21 de Setembro de 2008<\/td>\n<td>Seattle, WA<\/td>\n<td>White River Amphitheatre<\/td>\n<\/tr>\n<tr>\n<td>24 de Setembro de 2008<\/td>\n<td>Denver, CO<\/td>\n<td>Coors Amphitheatre at Fiddler\u2019s Green<\/td>\n<\/tr>\n<tr>\n<td>26 de Setembro de 2008<\/td>\n<td>Kansas City, MO<\/td>\n<td>Starlight Theatre<\/td>\n<\/tr>\n<tr>\n<td>27 de Setembro de 2008<\/td>\n<td>St. Louis, MO<\/td>\n<td>Verizon Wireless Amphitheater St. Louis<\/td>\n<\/tr>\n<tr>\n<td>30 de Setembro de 2008<\/td>\n<td>Birmingham, AL<\/td>\n<td>Verizon Wireless Music Center Birmingham<\/td>\n<\/tr>\n<tr>\n<td>1 de Outubro de 2008<\/td>\n<td>Atlanta, GA<\/td>\n<td>Lakewood Amphitheatre<\/td>\n<\/tr>\n<tr>\n<td>3 de Outubro de 2008<\/td>\n<td>Tampa, FL<\/td>\n<td>Ford Amphitheatre<\/td>\n<\/tr>\n<tr>\n<td>4 de Outubro de 2008<\/td>\n<td>W. Palm Beach, FL<\/td>\n<td>Cruzan Amphitheatre<\/td>\n<\/tr>\n<\/tbody>\n<\/table>\n","protected":false},"excerpt":{"rendered":"<p>A Turn\u00ea Em Mar\u00e7o de 2008, uma imagem com as inscri\u00e7\u00f5es M5\/CC foi revelada e gerou diversas especula\u00e7\u00f5es entre os f\u00e3s. Pouco tempo depois, foi revelado que a imagem era um teaser da nova turn\u00ea de ver\u00e3o da banda, em parceria com o Counting Crows, e com n\u00famero de abertura de Sara Bareilles. Com 38 [&hellip;]<\/p>\n","protected":false},"author":1,"featured_media":16368,"parent":9750,"menu_order":4,"comment_status":"open","ping_status":"closed","template":"","meta":{"_themeisle_gutenberg_block_has_review":false,"footnotes":""},"class_list":["post-9766","page","type-page","status-publish","has-post-thumbnail","hentry"],"_links":{"self":[{"href":"https:\/\/www.maroon5br.com\/site\/wp-json\/wp\/v2\/pages\/9766","targetHints":{"allow":["GET"]}}],"collection":[{"href":"https:\/\/www.maroon5br.com\/site\/wp-json\/wp\/v2\/pages"}],"about":[{"href":"https:\/\/www.maroon5br.com\/site\/wp-json\/wp\/v2\/types\/page"}],"author":[{"embeddable":true,"href":"https:\/\/www.maroon5br.com\/site\/wp-json\/wp\/v2\/users\/1"}],"replies":[{"embeddable":true,"href":"https:\/\/www.maroon5br.com\/site\/wp-json\/wp\/v2\/comments?post=9766"}],"version-history":[{"count":19,"href":"https:\/\/www.maroon5br.com\/site\/wp-json\/wp\/v2\/pages\/9766\/revisions"}],"predecessor-version":[{"id":22432,"href":"https:\/\/www.maroon5br.com\/site\/wp-json\/wp\/v2\/pages\/9766\/revisions\/22432"}],"up":[{"embeddable":true,"href":"https:\/\/www.maroon5br.com\/site\/wp-json\/wp\/v2\/pages\/9750"}],"wp:featuredmedia":[{"embeddable":true,"href":"https:\/\/www.maroon5br.com\/site\/wp-json\/wp\/v2\/media\/16368"}],"wp:attachment":[{"href":"https:\/\/www.maroon5br.com\/site\/wp-json\/wp\/v2\/media?parent=9766"}],"curies":[{"name":"wp","href":"https:\/\/api.w.org\/{rel}","templated":true}]}}