{"id":9768,"date":"2012-05-19T12:57:19","date_gmt":"2012-05-19T15:57:19","guid":{"rendered":"http:\/\/www.maroon5br.com\/?page_id=9768"},"modified":"2017-06-15T19:24:30","modified_gmt":"2017-06-15T22:24:30","slug":"back-to-school-tour-2009","status":"publish","type":"page","link":"https:\/\/www.maroon5br.com\/site\/maroon5\/turnes\/back-to-school-tour-2009\/","title":{"rendered":"Back To School Tour 2009"},"content":{"rendered":"<h3>A Turn\u00ea<\/h3>\n<p>Em setembro de 2009, ap\u00f3s uma temporada na Su\u00ed\u00e7a onde gravaram o terceiro \u00e1lbum de est\u00fadio, o Maroon 5 anunciou uma pequena turn\u00ea por algumas faculdades americanas onde al\u00e9m de desfilar alguns hits j\u00e1 conhecidos pelo p\u00fablico, aproveitaram para dar um gostinho do que a banda estava preparando para o \u00e1lbum sucessor do <strong>&#8220;It Won&#8217;t Be Soon Before Long&#8221;<\/strong>.<\/p>\n<p><strong><em>\u201c\u00c9 animador para n\u00f3s voltarmos ao palco juntos e tamb\u00e9m \u00e9 a chance de lan\u00e7ar algumas novas m\u00fasicas que estivemos gravando para nossos f\u00e3s\u201d<\/em><\/strong>, revelou o vocalista Adam Levine ao anunciar a turn\u00ea, que contou com opening act do rapper <strong>K&#8217;Naan.<\/strong><\/p>\n<h3>Setlist<\/h3>\n<blockquote>\n<p style=\"text-align: center;\">1.Wake Up Call<br \/>\n2.Harder to Breathe<br \/>\n3.If I Never See Your Face Again<br \/>\n4.Through With You<br \/>\n5.Can&#8217;t Stop<br \/>\n6.Secret<br \/>\n7.The Sun<br \/>\n8.Makes Me Wonder<br \/>\n9.Won&#8217;t Go Home<br \/>\n10.Last Chance<br \/>\n11.Shiver<br \/>\n12.She Will Be Loved<br \/>\n13.Sunday Morning<br \/>\n14.If I Ain&#8217;t Got You (Cover Alicia Keys)<br \/>\n15.This Love<\/p>\n<\/blockquote>\n<h3>Poster oficial<\/h3>\n<p style=\"text-align: center;\"><img loading=\"lazy\" decoding=\"async\" data-id=\"16847\"  src=\"https:\/\/www.maroon5br.com\/site\/wp-content\/uploads\/2012\/05\/back2school-poster.png\" alt=\"back2school-poster\" width=\"335\" height=\"425\" class=\"alignnone size-full wp-image-16847\" srcset=\"https:\/\/www.maroon5br.com\/site\/wp-content\/uploads\/2012\/05\/back2school-poster.png 335w, https:\/\/www.maroon5br.com\/site\/wp-content\/uploads\/2012\/05\/back2school-poster-118x150.png 118w, https:\/\/www.maroon5br.com\/site\/wp-content\/uploads\/2012\/05\/back2school-poster-236x300.png 236w, https:\/\/www.maroon5br.com\/site\/wp-content\/uploads\/2012\/05\/back2school-poster-300x380.png 300w\" sizes=\"auto, (max-width: 335px) 100vw, 335px\" \/><\/p>\n<h3>V\u00eddeos<\/h3>\n<p style=\"text-align: center;\">[tubepress mode=&#8221;playlist&#8221; playlistValue=&#8221;A9BAE1BCCD09FC8A&#8221;]<\/p>\n<h3>Datas<\/h3>\n<table class=\"tourdates\" width=\"650\">\n<tbody>\n<tr>\n<th rowspan=\"1\">Data<\/th>\n<th rowspan=\"1\">Cidade<\/th>\n<th rowspan=\"1\">Local<\/th>\n<\/tr>\n<tr>\n<td>02 de Novembro de 2009<\/td>\n<td>Murray, KY<\/td>\n<td>Regional Events Center Murray State University<\/td>\n<\/tr>\n<tr>\n<td>03 de Novembro de 2009<\/td>\n<td>Louisville, KY<\/td>\n<td>Knights Hall Bellarmine University<\/td>\n<\/tr>\n<tr>\n<td>06 de Novembro de 2009<\/td>\n<td>Rochester, NY<\/td>\n<td>Gordon Fieldhouse Rochester Institute of Technology<\/td>\n<\/tr>\n<tr>\n<td>08 de Novembro de 2009<\/td>\n<td>Ithaca, NY<\/td>\n<td>Barton Hall Cornell University<\/td>\n<\/tr>\n<tr>\n<td>10 de Novembro de 2009<\/td>\n<td>Blacksburg, VA<\/td>\n<td>Burruss Auditorium Virginia Tech<\/td>\n<\/tr>\n<tr>\n<td>12 de Novembro de 2009<\/td>\n<td>Fairfield, CT<\/td>\n<td>William Pitt Center Sacred Heart University<\/td>\n<\/tr>\n<tr>\n<td>14 de Novembro de 2009<\/td>\n<td>Lewisburg, PA<\/td>\n<td>Sojka Pavillion Bucknell University<\/td>\n<\/tr>\n<tr>\n<td>16 de Novembro de 2009<\/td>\n<td>Newark, DE<\/td>\n<td>Bob Carpenter Center Univ. of Delware<\/td>\n<\/tr>\n<tr>\n<td>18 de Novembro de 2009<\/td>\n<td>Peoria, IL<\/td>\n<td>Peoria Civic Center Bradley University<\/td>\n<\/tr>\n<tr>\n<td>21 de Novembro de 2009<\/td>\n<td>San Angelo, TX<\/td>\n<td>Junell Center\/Stephens Arena Angelo State University<\/td>\n<\/tr>\n<tr>\n<td>22 de Novembro de 2009<\/td>\n<td>Wichita, KS<\/td>\n<td>Charles Koch Arena Wichita State Univ.<\/td>\n<\/tr>\n<\/tbody>\n<\/table>\n","protected":false},"excerpt":{"rendered":"<p>A Turn\u00ea Em setembro de 2009, ap\u00f3s uma temporada na Su\u00ed\u00e7a onde gravaram o terceiro \u00e1lbum de est\u00fadio, o Maroon 5 anunciou uma pequena turn\u00ea por algumas faculdades americanas onde al\u00e9m de desfilar alguns hits j\u00e1 conhecidos pelo p\u00fablico, aproveitaram para dar um gostinho do que a banda estava preparando para o \u00e1lbum sucessor do [&hellip;]<\/p>\n","protected":false},"author":1,"featured_media":16365,"parent":9750,"menu_order":5,"comment_status":"open","ping_status":"closed","template":"","meta":{"_themeisle_gutenberg_block_has_review":false,"footnotes":""},"class_list":["post-9768","page","type-page","status-publish","has-post-thumbnail","hentry"],"_links":{"self":[{"href":"https:\/\/www.maroon5br.com\/site\/wp-json\/wp\/v2\/pages\/9768","targetHints":{"allow":["GET"]}}],"collection":[{"href":"https:\/\/www.maroon5br.com\/site\/wp-json\/wp\/v2\/pages"}],"about":[{"href":"https:\/\/www.maroon5br.com\/site\/wp-json\/wp\/v2\/types\/page"}],"author":[{"embeddable":true,"href":"https:\/\/www.maroon5br.com\/site\/wp-json\/wp\/v2\/users\/1"}],"replies":[{"embeddable":true,"href":"https:\/\/www.maroon5br.com\/site\/wp-json\/wp\/v2\/comments?post=9768"}],"version-history":[{"count":13,"href":"https:\/\/www.maroon5br.com\/site\/wp-json\/wp\/v2\/pages\/9768\/revisions"}],"predecessor-version":[{"id":22433,"href":"https:\/\/www.maroon5br.com\/site\/wp-json\/wp\/v2\/pages\/9768\/revisions\/22433"}],"up":[{"embeddable":true,"href":"https:\/\/www.maroon5br.com\/site\/wp-json\/wp\/v2\/pages\/9750"}],"wp:featuredmedia":[{"embeddable":true,"href":"https:\/\/www.maroon5br.com\/site\/wp-json\/wp\/v2\/media\/16365"}],"wp:attachment":[{"href":"https:\/\/www.maroon5br.com\/site\/wp-json\/wp\/v2\/media?parent=9768"}],"curies":[{"name":"wp","href":"https:\/\/api.w.org\/{rel}","templated":true}]}}