{"id":9770,"date":"2012-05-19T12:57:57","date_gmt":"2012-05-19T15:57:57","guid":{"rendered":"http:\/\/www.maroon5br.com\/?page_id=9770"},"modified":"2014-08-27T00:10:08","modified_gmt":"2014-08-27T03:10:08","slug":"hands-all-over-tour","status":"publish","type":"page","link":"https:\/\/www.maroon5br.com\/site\/maroon5\/turnes\/hands-all-over-tour\/","title":{"rendered":"Hands All Over Tour 2010\/2011"},"content":{"rendered":"<h3>A Turn\u00ea<\/h3>\n<p>A Hands All Over World Tour \u00e9 a s\u00e9tima turn\u00ea americana do Maroon 5, e a terceira a nivel mundial. Anunciado em conjunto com o terceiro \u00e1lbum da banda, a turn\u00ea circulou pelos 5 continentes com um setlist que misturavam os antigos sucessos da banda com as m\u00fasicas do novo disco.<\/p>\n<p>Para abrir os shows, a banda trouxe artistas como <strong>Bruno Mars, One Republic, Owl City<\/strong> e a queridinha <strong>Sara Bareilles<\/strong>.<\/p>\n<h3>Setlist<\/h3>\n<blockquote>\n<p style=\"text-align: center;\"><strong>Parte 1<\/strong><\/p>\n<p style=\"text-align: center;\">1.Misery<br \/>\n2.If I Never See Your Face Again<br \/>\n3.Harder to Breathe<br \/>\n4.Give a Little More<br \/>\n5.The Sun<br \/>\n6.Won&#8217;t Go Home Without You<br \/>\n7.If I Ain&#8217;t Got You (Alicia Keys cover)<br \/>\n8.Secret \/ What&#8217;s Love Got to Do With It<br \/>\n9.She Will Be Loved<br \/>\n10.Wake Up Call<br \/>\n11.Shiver<br \/>\n12.Stutter<br \/>\n13.This Love<br \/>\n14.Makes Me Wonder<br \/>\n15.Sunday Morning<\/p>\n<\/blockquote>\n<blockquote>\n<p style=\"text-align: center;\"><strong>Parte 2<\/strong><\/p>\n<p style=\"text-align: center;\">1.Moves Like Jagger<br \/>\n2.Harder to Breathe<br \/>\n3.Sunday Morning<br \/>\n4.If I Never See Your Face Again<br \/>\n5.Misery<br \/>\n6.Makes Me Wonder<br \/>\n7.Give a Little More<br \/>\n8.The Sun<br \/>\n9.Secret<br \/>\n10.Never Gonna Leave This Bed<br \/>\n11.Wake Up Call<br \/>\n12.Stutter<br \/>\n13.This Love<br \/>\n14.Hands All Over<br \/>\n15.She Will Be Loved<\/p>\n<\/blockquote>\n<h3>Poster oficial<\/h3>\n<p style=\"text-align: center;\"><img decoding=\"async\" data-id=\"16848\"  src=\"https:\/\/www.maroon5br.com\/site\/wp-content\/uploads\/2012\/05\/haot-poster.png\" alt=\"haot-poster\" width=\"550\" class=\"alignnone size-full wp-image-16848\" srcset=\"https:\/\/www.maroon5br.com\/site\/wp-content\/uploads\/2012\/05\/haot-poster.png 650w, https:\/\/www.maroon5br.com\/site\/wp-content\/uploads\/2012\/05\/haot-poster-229x150.png 229w, https:\/\/www.maroon5br.com\/site\/wp-content\/uploads\/2012\/05\/haot-poster-300x196.png 300w, https:\/\/www.maroon5br.com\/site\/wp-content\/uploads\/2012\/05\/haot-poster-581x380.png 581w\" sizes=\"(max-width: 650px) 100vw, 650px\" \/><\/p>\n<h3>Videos<\/h3>\n<blockquote><p>httpv:\/\/www.youtube.com\/watch?v=EnQp1WIjdf0<br \/>\nhttpv:\/\/www.youtube.com\/watch?v=BGPKngU3OsY<\/p><\/blockquote>\n<h3>Datas<\/h3>\n<table>\n<tbody>\n<tr>\n<th>Data<\/th>\n<th>Cidade<\/th>\n<th>Pa\u00eds<\/th>\n<th>Local<\/th>\n<\/tr>\n<tr>\n<th colspan=\"4\">Parte 1<\/th>\n<\/tr>\n<tr>\n<th colspan=\"4\">Am\u00e9rica Central<\/th>\n<\/tr>\n<tr>\n<td>28 de Dezembro de 2010<\/td>\n<td>Santo Domingo<\/td>\n<td>Rep\u00fablica Dominicana<\/td>\n<td>Estadio Ol\u00edmpico F\u00e9lix S\u00e1nchez<\/td>\n<\/tr>\n<tr>\n<td>30 de Dezembro de 2010<\/td>\n<td>Port of Spain<\/td>\n<td>Trinidad e Tobago<\/td>\n<td>Est\u00e1dio Halsey Crawford<\/td>\n<\/tr>\n<tr>\n<th colspan=\"4\">Am\u00e9rica do Norte<\/th>\n<\/tr>\n<tr>\n<td>31 de Dezembro de 2010<\/td>\n<td>Atlantic City<\/td>\n<td>Estados Unidos<\/td>\n<td>House of Blues<\/td>\n<\/tr>\n<tr>\n<td>01 de Janeiro de 2011<\/td>\n<td>Windsor<\/td>\n<td>Estados Unidos<\/td>\n<td>The Colosseum at the Caesars Windsor<\/td>\n<\/tr>\n<tr>\n<th colspan=\"4\">Am\u00e9rica Central<\/th>\n<\/tr>\n<tr>\n<td>28 de Janeiro de 2011<\/td>\n<td>Trelawny<\/td>\n<td>Jamaica<\/td>\n<td>Trelawny Multi-Purpose Stadium<\/td>\n<\/tr>\n<tr>\n<th colspan=\"4\">Am\u00e9rica do Norte<\/th>\n<\/tr>\n<tr>\n<td>30 de Janeiro de 2011<\/td>\n<td>San Juan<\/td>\n<td>Porto Rico<\/td>\n<td>Coliseum of Puerto Rico<\/td>\n<\/tr>\n<tr>\n<td>05 de Fevereiro de 2011<\/td>\n<td>Dallas<\/td>\n<td>Estados Unidos<\/td>\n<td>Victory Park<\/td>\n<\/tr>\n<tr>\n<th colspan=\"4\">Europa<\/th>\n<\/tr>\n<tr>\n<td>16 de Fevereiro de 2011<\/td>\n<td>Bristol<\/td>\n<td>Inglaterra<\/td>\n<td>Colston Hall<\/td>\n<\/tr>\n<tr>\n<td>17 de Fevereiro de 2011<\/td>\n<td>Londres<\/td>\n<td>Inglaterra<\/td>\n<td>O2 Academy Brixton<\/td>\n<\/tr>\n<tr>\n<td>18 de Fevereiro de 2011<\/td>\n<td>Londres<\/td>\n<td>Inglaterra<\/td>\n<td>O2 Academy Brixton<\/td>\n<\/tr>\n<tr>\n<td>20 de Fevereiro de 2011<\/td>\n<td>Birmingham<\/td>\n<td>Inglaterra<\/td>\n<td>O2 Academy<\/td>\n<\/tr>\n<tr>\n<td>21 de Fevereiro de 2011<\/td>\n<td>Manchester<\/td>\n<td>Inglaterra<\/td>\n<td>O2 Apollo<\/td>\n<\/tr>\n<tr>\n<td>22 de Fevereiro de 2011<\/td>\n<td>Glasgow<\/td>\n<td>Irlanda do Norte<\/td>\n<td>O2 Academy<\/td>\n<\/tr>\n<tr>\n<td>24 de Fevereiro de 2011<\/td>\n<td>Dublin<\/td>\n<td>Irlanda<\/td>\n<td>Grand Canal Theatre<\/td>\n<\/tr>\n<tr>\n<td>26 de Fevereiro de 2011<\/td>\n<td>Luxemburgo<\/td>\n<td>Luxemburgo<\/td>\n<td>Rockhal Box<\/td>\n<\/tr>\n<tr>\n<td>27 de Fevereiro de 2011<\/td>\n<td>Cologne<\/td>\n<td>Alemanha<\/td>\n<td>Live Music Hall<\/td>\n<\/tr>\n<tr>\n<td>28 de Fevereiro de 2011<\/td>\n<td>Amsterd\u00e3<\/td>\n<td>Pa\u00edses Baixos<\/td>\n<td>Heineken Music Hall<\/td>\n<\/tr>\n<tr>\n<td>02 de Mar\u00e7o de 2011<\/td>\n<td>Paris<\/td>\n<td>Fran\u00e7a<\/td>\n<td>Casino de Paris<\/td>\n<\/tr>\n<tr>\n<td>03 de Mar\u00e7o de 2011<\/td>\n<td>Offenbach<\/td>\n<td>Alemanha<\/td>\n<td>Capitol<\/td>\n<\/tr>\n<tr>\n<td>15 de Abril de 2011<\/td>\n<td>Istambul<\/td>\n<td>Turquia<\/td>\n<td>Turkcell Kurucesme Arena<\/td>\n<\/tr>\n<tr>\n<th colspan=\"4\">\u00c1sia<\/th>\n<\/tr>\n<tr>\n<td>21 de Abril de 2011<\/td>\n<td>Dubai<\/td>\n<td>Emirados \u00c1rabes Unidos<\/td>\n<td>Dubai World Trade Centre<\/td>\n<\/tr>\n<tr>\n<td>23 de Abril de 2011<\/td>\n<td>Bangkok<\/td>\n<td>Tail\u00e2ndia<\/td>\n<td>Impact Arena<\/td>\n<\/tr>\n<tr>\n<td>25 de Abril de 2011<\/td>\n<td>Cingapura<\/td>\n<td>Singapura<\/td>\n<td>SIngapore Indoor Stadium<\/td>\n<\/tr>\n<tr>\n<td>27 de Abril de 2011<\/td>\n<td>Jakarta<\/td>\n<td>\u00cdndia<\/td>\n<td>Istora Senayan<\/td>\n<\/tr>\n<tr>\n<td>29 de Abril de 2011<\/td>\n<td>Kuala Lumpur<\/td>\n<td>Mal\u00e1sia<\/td>\n<td>Putra<\/td>\n<\/tr>\n<tr>\n<th colspan=\"4\">Oceania<\/th>\n<\/tr>\n<tr>\n<td>05 de Maio de 2011<\/td>\n<td>Melbourne<\/td>\n<td>Austr\u00e1lia<\/td>\n<td>Rod Laver Arena<\/td>\n<\/tr>\n<tr>\n<td>06 de Maio de 2011<\/td>\n<td>Sydney<\/td>\n<td>Austr\u00e1lia<\/td>\n<td>Acer Arena<\/td>\n<\/tr>\n<tr>\n<td>07 de Maio de 2011<\/td>\n<td>Brisbane<\/td>\n<td>Austr\u00e1lia<\/td>\n<td>Brisbane Entertainment Centre<\/td>\n<\/tr>\n<tr>\n<th colspan=\"4\">\u00c1sia<\/th>\n<\/tr>\n<tr>\n<td>12 de Maio de 2011<\/td>\n<td>Osaka<\/td>\n<td>Jap\u00e3o<\/td>\n<td>Castle Hall<\/td>\n<\/tr>\n<tr>\n<td>13 de Maio de 2011<\/td>\n<td>Nagoya<\/td>\n<td>Jap\u00e3o<\/td>\n<td>Century Hall<\/td>\n<\/tr>\n<tr>\n<td>15 de Maio de 2011<\/td>\n<td>Yokohama<\/td>\n<td>Jap\u00e3o<\/td>\n<td>Pacifico Yokohama Hall<\/td>\n<\/tr>\n<tr>\n<td>16 de Maio de 2011<\/td>\n<td>T\u00f3quio<\/td>\n<td>Jap\u00e3o<\/td>\n<td>Budokan<\/td>\n<\/tr>\n<tr>\n<td>17 de Maio de 2011<\/td>\n<td>T\u00f3quio<\/td>\n<td>Jap\u00e3o<\/td>\n<td>Budokan<\/td>\n<\/tr>\n<tr>\n<td>19 de Maio de 2011<\/td>\n<td>Taipei<\/td>\n<td>Taiwan<\/td>\n<td>Taipei Nangang Exhibition Center<\/td>\n<\/tr>\n<tr>\n<td>21 de Maio de 2011<\/td>\n<td>Hong Kong<\/td>\n<td>Hong Kong<\/td>\n<td>Asia World Arena<\/td>\n<\/tr>\n<tr>\n<td>23 de Maio de 2011<\/td>\n<td>Manila<\/td>\n<td>Filipinas<\/td>\n<td>SMX Convention Center<\/td>\n<\/tr>\n<tr>\n<td>25 de Maio de 2011<\/td>\n<td>Seoul<\/td>\n<td>Coreia do Sul<\/td>\n<td>Olympic Gymnasium<\/td>\n<\/tr>\n<tr>\n<td>26 de Maio de 2011<\/td>\n<td>Busan<\/td>\n<td>Coreia do Sul<\/td>\n<td>KBS Hall<\/td>\n<\/tr>\n<tr>\n<th colspan=\"4\">\u00a0Parte 2<\/th>\n<\/tr>\n<tr>\n<td>24 de Junho\u00a0de\u00a02011<\/td>\n<td>Binghamton<\/td>\n<td>Estados Unidos<\/td>\n<td>Dick\u2019s Sporting Goods Open<\/td>\n<\/tr>\n<tr>\n<td>30 de Junho\u00a0de\u00a02011<\/td>\n<td>Highland Park<\/td>\n<td>Estados Unidos<\/td>\n<td>The Pavilion<\/td>\n<\/tr>\n<tr>\n<td>01 de Julho\u00a0de\u00a02011<\/td>\n<td>Highland Park<\/td>\n<td>Estados Unidos<\/td>\n<td>The Pavilion<\/td>\n<\/tr>\n<tr>\n<td>02 de Julho\u00a0de\u00a02011<\/td>\n<td>Milwaukee<\/td>\n<td>Estados Unidos<\/td>\n<td>Marcus Amphitheatre<\/td>\n<\/tr>\n<tr>\n<td>03 de Julho\u00a0de\u00a02011<\/td>\n<td>St Louis<\/td>\n<td>Estados Unidos<\/td>\n<td>Jefferson National Expansion Memorial<\/td>\n<\/tr>\n<tr>\n<td>22 de Julho\u00a0de\u00a02011<\/td>\n<td>Chula Vista<\/td>\n<td>Estados Unidos<\/td>\n<td>Cricket Wireless Amphitheatre<\/td>\n<\/tr>\n<tr>\n<td>23 de Julho\u00a0de\u00a02011<\/td>\n<td>Paso Robles<\/td>\n<td>Estados Unidos<\/td>\n<td>Paso Robles Event Center<\/td>\n<\/tr>\n<tr>\n<td>25 de Julho\u00a0de\u00a02011<\/td>\n<td>Los Angeles<\/td>\n<td>Estados Unidos<\/td>\n<td>Hollywood Bowl<\/td>\n<\/tr>\n<tr>\n<td>27 de Julho\u00a0de\u00a02011<\/td>\n<td>Albuquerque<\/td>\n<td>Estados Unidos<\/td>\n<td>Sandia Casino<\/td>\n<\/tr>\n<tr>\n<td>28 de Julho\u00a0de\u00a02011<\/td>\n<td>Morrison<\/td>\n<td>Estados Unidos<\/td>\n<td>Red Rocks Amphitheatre<\/td>\n<\/tr>\n<tr>\n<td>31 de Julho\u00a0de\u00a02011<\/td>\n<td>Mt Pleasant<\/td>\n<td>Estados Unidos<\/td>\n<td>Soaring Eagle Casino Resort<\/td>\n<\/tr>\n<tr>\n<td>02 de Agosto\u00a0de\u00a02011<\/td>\n<td>Charlotte<\/td>\n<td>Estados Unidos<\/td>\n<td>Verizon Wireless Amphitheater<\/td>\n<\/tr>\n<tr>\n<td>03 de Agosto\u00a0de\u00a02011<\/td>\n<td>Virginia Beach<\/td>\n<td>Estados Unidos<\/td>\n<td>Farm Bureau Live<\/td>\n<\/tr>\n<tr>\n<td>05 de Agosto\u00a0de\u00a02011<\/td>\n<td>Camden<\/td>\n<td>Estados Unidos<\/td>\n<td>Susquehanna Bank Center<\/td>\n<\/tr>\n<tr>\n<td>06 de Agosto\u00a0de\u00a02011<\/td>\n<td>Bethelem<\/td>\n<td>Estados Unidos<\/td>\n<td>SteelStacks Center<\/td>\n<\/tr>\n<tr>\n<td>07 de Agosto\u00a0de\u00a02011<\/td>\n<td>Estados Unidos<\/td>\n<td>Mashantucket<\/td>\n<td>MGM Grand at Foxwoods<\/td>\n<\/tr>\n<tr>\n<td>09 de Agosto\u00a0de\u00a02011<\/td>\n<td>Saratoga Springs<\/td>\n<td>Estados Unidos<\/td>\n<td>Saratoga Performing Arts Center<\/td>\n<\/tr>\n<tr>\n<td>12 de Agosto\u00a0de\u00a02011<\/td>\n<td>Wantagh<\/td>\n<td>Estados Unidos<\/td>\n<td>Nikon at Jones Beach Theater<\/td>\n<\/tr>\n<tr>\n<td>13 de Agosto\u00a0de\u00a02011<\/td>\n<td>Mansfield<\/td>\n<td>Estados Unidos<\/td>\n<td>Comcast Center<\/td>\n<\/tr>\n<tr>\n<td>15 de Agosto\u00a0de\u00a02011<\/td>\n<td>Hershey<\/td>\n<td>Estados Unidos<\/td>\n<td>Hershey Park Pavilion<\/td>\n<\/tr>\n<tr>\n<td>17 de Agosto\u00a0de\u00a02011<\/td>\n<td>Nashville<\/td>\n<td>Estados Unidos<\/td>\n<td>Bridgestone Arena<\/td>\n<\/tr>\n<tr>\n<td>18 de Agosto\u00a0de\u00a02011<\/td>\n<td>Indianapolis<\/td>\n<td>Estados Unidos<\/td>\n<td>Pepsi Coliseum<\/td>\n<\/tr>\n<tr>\n<td>19 de Agosto\u00a0de\u00a02011<\/td>\n<td>Des Moines<\/td>\n<td>Estados Unidos<\/td>\n<td>The Fairgrounds<\/td>\n<\/tr>\n<tr>\n<td>21 de Agosto\u00a0de\u00a02011<\/td>\n<td>Clarkston<\/td>\n<td>Estados Unidos<\/td>\n<td>DTE Energy Music Theatre<\/td>\n<\/tr>\n<tr>\n<td>22 de Agosto\u00a0de\u00a02011<\/td>\n<td>Toronto<\/td>\n<td>Canad\u00e1<\/td>\n<td>Molson Amphitheatre<\/td>\n<\/tr>\n<tr>\n<td>24 de Agosto\u00a0de\u00a02011<\/td>\n<td>Columbia<\/td>\n<td>Estados Unidos<\/td>\n<td>Merriweather Post Pavilion<\/td>\n<\/tr>\n<tr>\n<td>25 de Agosto\u00a0de\u00a02011<\/td>\n<td>Syracuse<\/td>\n<td>Estados Unidos<\/td>\n<td>Empire Expo Center<\/td>\n<\/tr>\n<tr>\n<td>26 de Agosto\u00a0de\u00a02011<\/td>\n<td>Holmdel<\/td>\n<td>Estados Unidos<\/td>\n<td>PNC Bank Arts Center<\/td>\n<\/tr>\n<tr>\n<td>28 de Agosto\u00a0de\u00a02011<\/td>\n<td>Louisville<\/td>\n<td>Estados Unidos<\/td>\n<td>Kuntucky Exposition Center<\/td>\n<\/tr>\n<tr>\n<td>30 de Agosto\u00a0de\u00a02011<\/td>\n<td>West Palm Beach<\/td>\n<td>Estados Unidos<\/td>\n<td>Cruzan Amphitheater<\/td>\n<\/tr>\n<tr>\n<td>31 de Agosto\u00a0de\u00a02011<\/td>\n<td>Tampa<\/td>\n<td>Estados Unidos<\/td>\n<td>1-800-ASK-GARY Amphitheatre<\/td>\n<\/tr>\n<tr>\n<td>01 de Setembro\u00a0de\u00a02011<\/td>\n<td>Alpharetta<\/td>\n<td>Estados Unidos<\/td>\n<td>Verizon Wireless Amphitheatre<\/td>\n<\/tr>\n<tr>\n<td>04 de Setembro\u00a0de\u00a02011<\/td>\n<td>Kansas City<\/td>\n<td>Estados Unidos<\/td>\n<td>Starlight Theatre<\/td>\n<\/tr>\n<tr>\n<td>05 de Setembro\u00a0de\u00a02011<\/td>\n<td>Minneapolis<\/td>\n<td>Estados Unidos<\/td>\n<td>Grandstand[N]<\/td>\n<\/tr>\n<tr>\n<td>07 de Setembro\u00a0de\u00a02011<\/td>\n<td>Winnipeg<\/td>\n<td>Canad\u00e1<\/td>\n<td>MTS Centre<\/td>\n<\/tr>\n<tr>\n<td>09 de Setembro\u00a0de\u00a02011<\/td>\n<td>Saskatoon<\/td>\n<td>Estados Unidos<\/td>\n<td>Credit Union Centre<\/td>\n<\/tr>\n<tr>\n<td>10 de Setembro\u00a0de\u00a02011<\/td>\n<td>Edmonton<\/td>\n<td>Estados Unidos<\/td>\n<td>Rexall Place<\/td>\n<\/tr>\n<tr>\n<td>12 de Setembro\u00a0de\u00a02011<\/td>\n<td>Abbotsford<\/td>\n<td>Estados Unidos<\/td>\n<td>Abbotsford Entertainment and Sports Centre<\/td>\n<\/tr>\n<tr>\n<td>13 de Setembro\u00a0de\u00a02011<\/td>\n<td>Auburn<\/td>\n<td>Estados Unidos<\/td>\n<td>White River Amphitheater<\/td>\n<\/tr>\n<tr>\n<td>15 de Setembro\u00a0de\u00a02011<\/td>\n<td>Concord<\/td>\n<td>Estados Unidos<\/td>\n<td>Sleep Train Pavilion<\/td>\n<\/tr>\n<tr>\n<td>16 de Setembro\u00a0de\u00a02011<\/td>\n<td>Reno<\/td>\n<td>Estados Unidos<\/td>\n<td>Reno Events Center<\/td>\n<\/tr>\n<tr>\n<td>17 de Setembro\u00a0de\u00a02011<\/td>\n<td>Las Vegas<\/td>\n<td>Estados Unidos<\/td>\n<td>The Pearl Concert Theater<\/td>\n<\/tr>\n<tr>\n<td>22 de Setembro\u00a0de\u00a02011<\/td>\n<td>Oklahoma<\/td>\n<td>Estados Unidos<\/td>\n<td>Zoo Amphitheatre<\/td>\n<\/tr>\n<tr>\n<td>23 de Setembro\u00a0de\u00a02011<\/td>\n<td>Dallas<\/td>\n<td>Estados Unidos<\/td>\n<td>Gexa Energy Pavilion<\/td>\n<\/tr>\n<tr>\n<td>24 de Setembro\u00a0de\u00a02011<\/td>\n<td>The Woodlands<\/td>\n<td>Estados Unidos<\/td>\n<td>Cynthia Woods Mitchell Pavilion<\/td>\n<\/tr>\n<tr>\n<th colspan=\"4\">Am\u00e9rica do Sul<\/th>\n<\/tr>\n<tr>\n<td>02 de Outubro\u00a0de\u00a02011<\/td>\n<td>Rio de Janeiro<\/td>\n<td>Brasil<\/td>\n<td>Cidade do Rock<\/td>\n<\/tr>\n<tr>\n<th colspan=\"4\">Am\u00e9rica do Norte<\/th>\n<\/tr>\n<tr>\n<td>06 de Outubro\u00a0de\u00a02011<\/td>\n<td>Williamsport<\/td>\n<td>Estados Unidos<\/td>\n<td>Lycoming College<\/td>\n<\/tr>\n<tr>\n<th colspan=\"4\">Europa<\/th>\n<\/tr>\n<tr>\n<td>27 de Novembro\u00a0de\u00a02011<\/td>\n<td>Moscow<\/td>\n<td>R\u00fassia<\/td>\n<td>Crocus City Hall<\/td>\n<\/tr>\n<tr>\n<td>28 de Novembro\u00a0de\u00a02011<\/td>\n<td>St Petersburg<\/td>\n<td>R\u00fassia<\/td>\n<td>Ice Palace<\/td>\n<\/tr>\n<tr>\n<td>30 de Novembro\u00a0de\u00a02011<\/td>\n<td>Helsinki<\/td>\n<td>Finl\u00e2ndia<\/td>\n<td>Cable Factory<\/td>\n<\/tr>\n<tr>\n<td>02 de Dezembro\u00a0de\u00a02011<\/td>\n<td>Copenhagen<\/td>\n<td>Dinamarca<\/td>\n<td>Store Vega<\/td>\n<\/tr>\n<tr>\n<td>03 de Dezembro\u00a0de\u00a02011<\/td>\n<td>Hamburgo<\/td>\n<td>Alemanha<\/td>\n<td>Docks<\/td>\n<\/tr>\n<tr>\n<td>04 de Dezembro\u00a0de\u00a02011<\/td>\n<td>Berlim<\/td>\n<td>Alemanha<\/td>\n<td>DE Huxleys<\/td>\n<\/tr>\n<tr>\n<td>06 de Dezembro\u00a0de\u00a02011<\/td>\n<td>Munique<\/td>\n<td>Alemanha<\/td>\n<td>Tonhalle<\/td>\n<\/tr>\n<tr>\n<td>07 de Dezembro\u00a0de\u00a02011<\/td>\n<td>Zurique<\/td>\n<td>Su\u00ed\u00e7a<\/td>\n<td>Volkshaus<\/td>\n<\/tr>\n<tr>\n<th colspan=\"4\">Europa<\/th>\n<\/tr>\n<tr>\n<td>31 de Dezembro\u00a0de\u00a02011<\/td>\n<td>Tackerville<\/td>\n<td>Estados Unidos<\/td>\n<td>Winstar Casino<\/td>\n<\/tr>\n<tr>\n<td>20 de Maio\u00a0de\u00a02012<\/td>\n<td>Gulfport<\/td>\n<td>Estados Unidos<\/td>\n<td>Jones Park<\/td>\n<\/tr>\n<tr>\n<th colspan=\"4\">Europa<\/th>\n<\/tr>\n<tr>\n<td>01 de Junho\u00a0de\u00a02012<\/td>\n<td>Lisboa<\/td>\n<td>Portugal<\/td>\n<td>Parque Bela Vista<\/td>\n<\/tr>\n<\/tbody>\n<\/table>\n","protected":false},"excerpt":{"rendered":"<p>A Turn\u00ea A Hands All Over World Tour \u00e9 a s\u00e9tima turn\u00ea americana do Maroon 5, e a terceira a nivel mundial. Anunciado em conjunto com o terceiro \u00e1lbum da banda, a turn\u00ea circulou pelos 5 continentes com um setlist que misturavam os antigos sucessos da banda com as m\u00fasicas do novo disco. Para abrir [&hellip;]<\/p>\n","protected":false},"author":1,"featured_media":16816,"parent":9750,"menu_order":7,"comment_status":"open","ping_status":"closed","template":"","meta":{"_themeisle_gutenberg_block_has_review":false,"footnotes":""},"class_list":["post-9770","page","type-page","status-publish","has-post-thumbnail","hentry"],"_links":{"self":[{"href":"https:\/\/www.maroon5br.com\/site\/wp-json\/wp\/v2\/pages\/9770","targetHints":{"allow":["GET"]}}],"collection":[{"href":"https:\/\/www.maroon5br.com\/site\/wp-json\/wp\/v2\/pages"}],"about":[{"href":"https:\/\/www.maroon5br.com\/site\/wp-json\/wp\/v2\/types\/page"}],"author":[{"embeddable":true,"href":"https:\/\/www.maroon5br.com\/site\/wp-json\/wp\/v2\/users\/1"}],"replies":[{"embeddable":true,"href":"https:\/\/www.maroon5br.com\/site\/wp-json\/wp\/v2\/comments?post=9770"}],"version-history":[{"count":16,"href":"https:\/\/www.maroon5br.com\/site\/wp-json\/wp\/v2\/pages\/9770\/revisions"}],"predecessor-version":[{"id":16858,"href":"https:\/\/www.maroon5br.com\/site\/wp-json\/wp\/v2\/pages\/9770\/revisions\/16858"}],"up":[{"embeddable":true,"href":"https:\/\/www.maroon5br.com\/site\/wp-json\/wp\/v2\/pages\/9750"}],"wp:featuredmedia":[{"embeddable":true,"href":"https:\/\/www.maroon5br.com\/site\/wp-json\/wp\/v2\/media\/16816"}],"wp:attachment":[{"href":"https:\/\/www.maroon5br.com\/site\/wp-json\/wp\/v2\/media?parent=9770"}],"curies":[{"name":"wp","href":"https:\/\/api.w.org\/{rel}","templated":true}]}}