{"id":9772,"date":"2012-05-19T12:58:44","date_gmt":"2012-05-19T15:58:44","guid":{"rendered":"http:\/\/www.maroon5br.com\/?page_id=9772"},"modified":"2017-06-15T19:25:32","modified_gmt":"2017-06-15T22:25:32","slug":"maroon-5-train-summer-tour-2011","status":"publish","type":"page","link":"https:\/\/www.maroon5br.com\/site\/maroon5\/turnes\/maroon-5-train-summer-tour-2011\/","title":{"rendered":"Maroon 5 \/ Train Summer Tour 2011"},"content":{"rendered":"<h3>A turn\u00ea<\/h3>\n<p>httpv:\/\/www.youtube.com\/watch?v=3eYN1ac0kcE<\/p>\n<p>Em <strong>Julho de 2011<\/strong>, o Maroon 5 divulgou um pequeno v\u00eddeo onde Adam Levine anunciou uma parceria com a banda <strong>Train<\/strong> para uma turn\u00ea de <strong>40 datas<\/strong> durante o ver\u00e3o americano, com <strong>Gavin DeGraw<\/strong> e <strong>Matt Nahanson<\/strong> como n\u00fameros de abertura.<\/p>\n<h3>Setlist<\/h3>\n<blockquote>\n<p style=\"text-align: center;\">1.Moves Like Jagger<br \/>\n2.Harder to Breathe<em> (com trecho de &#8220;Power&#8221;, de Kanye West)<\/em><br \/>\n3.Sunday Morning<br \/>\n4.If I Never See Your Face Again<br \/>\n5.Misery<br \/>\n6.Makes Me Wonder<br \/>\n7.The Sun<br \/>\n8.Won&#8217;t Go Home Without You<br \/>\n9.Man in the Mirror\u00a0<em>(Michael Jackson cover)<\/em><br \/>\n10.Never Gonna Leave This Bed<br \/>\n11.Wake Up Call<br \/>\n12.Stutter<br \/>\n13.This Love<\/p>\n<p style=\"text-align: center;\">Encore:<br \/>\n14.Hands All Over<br \/>\n15.She Will Be Loved<\/p>\n<\/blockquote>\n<h3>Poster oficial<\/h3>\n<p style=\"text-align: center;\"><img decoding=\"async\" data-id=\"16852\"  src=\"https:\/\/www.maroon5br.com\/site\/wp-content\/uploads\/2012\/05\/m5train-poster.png\" alt=\"m5train-poster\" width=\"550\" class=\"alignnone size-full wp-image-16852\" srcset=\"https:\/\/www.maroon5br.com\/site\/wp-content\/uploads\/2012\/05\/m5train-poster.png 650w, https:\/\/www.maroon5br.com\/site\/wp-content\/uploads\/2012\/05\/m5train-poster-229x150.png 229w, https:\/\/www.maroon5br.com\/site\/wp-content\/uploads\/2012\/05\/m5train-poster-300x196.png 300w, https:\/\/www.maroon5br.com\/site\/wp-content\/uploads\/2012\/05\/m5train-poster-581x380.png 581w\" sizes=\"(max-width: 650px) 100vw, 650px\" \/><\/p>\n<h3>Videos<\/h3>\n<blockquote><p>httpv:\/\/www.youtube.com\/watch?v=YMNS-wVbON0<br \/>\nhttpv:\/\/www.youtube.com\/watch?v=O48yrWlZwxA<br \/>\nhttpv:\/\/www.youtube.com\/watch?v=_EgK857grhQ<\/p><\/blockquote>\n<h3>Datas<\/h3>\n<table>\n<tbody>\n<tr>\n<th rowspan=\"1\">Data<\/th>\n<th rowspan=\"1\">Cidade<\/th>\n<th rowspan=\"1\">Local<\/th>\n<\/tr>\n<tr>\n<td>22 de Julho de 2011<\/td>\n<td>Chula Vista, CA<\/td>\n<td>Cricket Wireless Amphitheater w\/ Gavin DeGraw<\/td>\n<\/tr>\n<tr>\n<td>23 de Julho de 2011<\/td>\n<td>Paso Robles, CA<\/td>\n<td>California Mid-State Fair w\/ Gavin DeGraw<\/td>\n<\/tr>\n<tr>\n<td>25 de Julho de 2011<\/td>\n<td>Hollywood, CA<\/td>\n<td>Hollywood Bowl w\/ Gavin DeGraw<\/td>\n<\/tr>\n<tr>\n<td>27 de Julho de 2011<\/td>\n<td>Albuquerque, NM<\/td>\n<td>Sandia Casino w\/ Gavin DeGraw<\/td>\n<\/tr>\n<tr>\n<td>28 de Julho de 2011<\/td>\n<td>Morrison, CO<\/td>\n<td>Red Rocks Amphitheatre w\/ Gavin DeGraw<\/td>\n<\/tr>\n<tr>\n<td>31 de Julho de 2011<\/td>\n<td>Mount Pleasant, MI<\/td>\n<td>Soaring Eagle Casino Resort w\/ Gavin DeGraw<\/td>\n<\/tr>\n<tr>\n<td>2 de Agosto de 2011<\/td>\n<td>Charlotte, NC<\/td>\n<td>Verizon Wireless Amphitheatre w\/ Gavin DeGraw<\/td>\n<\/tr>\n<tr>\n<td>3 de Agosto de 2011<\/td>\n<td>Virginia Beach, VA<\/td>\n<td>Farm Bureau Live @ Virginia Beach w\/ Gavin DeGraw<\/td>\n<\/tr>\n<tr>\n<td>5 de Agosto de 2011<\/td>\n<td>Camden, NJ<\/td>\n<td>Susquehanna Bank Center w\/ Gavin DeGraw<\/td>\n<\/tr>\n<tr>\n<td>7 de Agosto de 2011<\/td>\n<td>Mashantucket, CT<\/td>\n<td>MGM Grand Theater at Foxwoods w\/ Gavin DeGraw<\/td>\n<\/tr>\n<tr>\n<td>9 de Agosto de 2011<\/td>\n<td>Saratoga Springs, NY<\/td>\n<td>Saratoga Performing Arts Center w\/ Gavin DeGraw<\/td>\n<\/tr>\n<tr>\n<td>12 de Agosto de 2011<\/td>\n<td>Wantagh, NY<\/td>\n<td>Nikon at Jones Beach Theater w\/ Gavin DeGraw<\/td>\n<\/tr>\n<tr>\n<td>13 de Agosto de 2011<\/td>\n<td>Mansfield, MA<\/td>\n<td>Comcast Center w\/ Gavin DeGraw<\/td>\n<\/tr>\n<tr>\n<td>15 de Agosto de 2011<\/td>\n<td>Hershey, PA<\/td>\n<td>Hershey Park Pavilion\/Stadium w\/ Gavin DeGraw<\/td>\n<\/tr>\n<tr>\n<td>17 de Agosto de 2011<\/td>\n<td>Nashville, TN<\/td>\n<td>Bridgestone Arena w\/ Gavin DeGraw<\/td>\n<\/tr>\n<tr>\n<td>18 de Agosto de 2011<\/td>\n<td>Indianapolis, IN<\/td>\n<td>Indiana State Fair w\/ Gavin DeGraw<\/td>\n<\/tr>\n<tr>\n<td>19 de Agosto de 2011<\/td>\n<td>Des Moines, IA<\/td>\n<td>Iowa State Fair Grandstands w\/ Gavin DeGraw<\/td>\n<\/tr>\n<tr>\n<td>21 de Agosto de 2011<\/td>\n<td>Clarkston, MI<\/td>\n<td>DTE Energy Music Theatre w\/ Gavin DeGraw<\/td>\n<\/tr>\n<tr>\n<td>22 de Agosto de 2011<\/td>\n<td>Toronto, ON<\/td>\n<td>Molson Canadian Amphitheater w\/ Gavin DeGraw<\/td>\n<\/tr>\n<tr>\n<td>25 de Agosto de 2011<\/td>\n<td>Syracuse, NY<\/td>\n<td>New York State Fair w\/ Gavin DeGraw<\/td>\n<\/tr>\n<tr>\n<td>26 de Agosto de 2011<\/td>\n<td>Holmdel, NJ<\/td>\n<td>PNC Bank Arts Center w\/ Gavin DeGraw<\/td>\n<\/tr>\n<tr>\n<td>28 de Agosto de 2011<\/td>\n<td>Louisville, KY<\/td>\n<td>Freedom Hall\/ Kentucky State Fair w\/ Matt Nathanson<\/td>\n<\/tr>\n<tr>\n<td>30 de Agosto de 2011<\/td>\n<td>West Palm Beach, FL<\/td>\n<td>Cruzan Amphitheater w\/ Matt Nathanson<\/td>\n<\/tr>\n<tr>\n<td>31 de Agosto de 2011<\/td>\n<td>Tampa, FL<\/td>\n<td>1-800-Ask Gary Amphitheater w\/ Matt Nathanson<\/td>\n<\/tr>\n<tr>\n<td>1 de Setembro de 2011<\/td>\n<td>Alpharetta, GA<\/td>\n<td>Verizon Wireess Amphitheatre w\/ Matt Nathanson<\/td>\n<\/tr>\n<tr>\n<td>4 de Setembro de 2011<\/td>\n<td>Kansas City, MO<\/td>\n<td>Starlight Theater w\/ Matt Nathanson<\/td>\n<\/tr>\n<tr>\n<td>5 de Setembro de 2011<\/td>\n<td>Minneapolis, MN<\/td>\n<td>Minnesota State Fair w\/ Matt Nathanson<\/td>\n<\/tr>\n<tr>\n<td>7 de Setembro de 2011<\/td>\n<td>Winnipeg, MB<\/td>\n<td>MTS Centre w\/ Matt Nathanson<\/td>\n<\/tr>\n<tr>\n<td>9 de Setembro de 2011<\/td>\n<td>Saskatoon, SK<\/td>\n<td>Credit Union Centre w\/ Matt Nathanson<\/td>\n<\/tr>\n<tr>\n<td>10 de Setembro de 2011<\/td>\n<td>Edmonton, AB<\/td>\n<td>Rexall Place w\/ Matt Nathanson<\/td>\n<\/tr>\n<tr>\n<td>12 de Setembro de 2011<\/td>\n<td>Abbotsford, BC<\/td>\n<td>Abbotsford Ent &amp; Sports Centre w\/ Matt Nathanson<\/td>\n<\/tr>\n<tr>\n<td>13 de Setembro de 2011<\/td>\n<td>Auburn, WA<\/td>\n<td>White River Amphitheatre w\/ Matt Nathanson<\/td>\n<\/tr>\n<tr>\n<td>15 de Setembro de 2011<\/td>\n<td>Concord, CA<\/td>\n<td>Sleep Train Pavilion at Concord w\/ Matt Nathanson<\/td>\n<\/tr>\n<tr>\n<td>16 de Setembro de 2011<\/td>\n<td>Las Vegas, NV<\/td>\n<td>The Pearl at The Palms w\/ Matt Nathanson<\/td>\n<\/tr>\n<tr>\n<td>22 de Setembro de 2011<\/td>\n<td>Oklahoma City, OK<\/td>\n<td>Zoo Amphitheater w\/ Matt Nathanson<\/td>\n<\/tr>\n<tr>\n<td>23 de Setembro de 2011<\/td>\n<td>Dallas, TX<\/td>\n<td>Gexa Energy Pavilion w\/ Matt Nathanson<\/td>\n<\/tr>\n<tr>\n<td>24 de Setembro de 2011<\/td>\n<td>The Woodlands, TX<\/td>\n<td>Cynthia Woods Mitchell Pavilion w\/ Matt Nathanson<\/td>\n<\/tr>\n<\/tbody>\n<\/table>\n","protected":false},"excerpt":{"rendered":"<p>A turn\u00ea httpv:\/\/www.youtube.com\/watch?v=3eYN1ac0kcE Em Julho de 2011, o Maroon 5 divulgou um pequeno v\u00eddeo onde Adam Levine anunciou uma parceria com a banda Train para uma turn\u00ea de 40 datas durante o ver\u00e3o americano, com Gavin DeGraw e Matt Nahanson como n\u00fameros de abertura. Setlist 1.Moves Like Jagger 2.Harder to Breathe (com trecho de &#8220;Power&#8221;, [&hellip;]<\/p>\n","protected":false},"author":1,"featured_media":16359,"parent":9750,"menu_order":8,"comment_status":"open","ping_status":"closed","template":"","meta":{"_themeisle_gutenberg_block_has_review":false,"footnotes":""},"class_list":["post-9772","page","type-page","status-publish","has-post-thumbnail","hentry"],"_links":{"self":[{"href":"https:\/\/www.maroon5br.com\/site\/wp-json\/wp\/v2\/pages\/9772","targetHints":{"allow":["GET"]}}],"collection":[{"href":"https:\/\/www.maroon5br.com\/site\/wp-json\/wp\/v2\/pages"}],"about":[{"href":"https:\/\/www.maroon5br.com\/site\/wp-json\/wp\/v2\/types\/page"}],"author":[{"embeddable":true,"href":"https:\/\/www.maroon5br.com\/site\/wp-json\/wp\/v2\/users\/1"}],"replies":[{"embeddable":true,"href":"https:\/\/www.maroon5br.com\/site\/wp-json\/wp\/v2\/comments?post=9772"}],"version-history":[{"count":21,"href":"https:\/\/www.maroon5br.com\/site\/wp-json\/wp\/v2\/pages\/9772\/revisions"}],"predecessor-version":[{"id":22434,"href":"https:\/\/www.maroon5br.com\/site\/wp-json\/wp\/v2\/pages\/9772\/revisions\/22434"}],"up":[{"embeddable":true,"href":"https:\/\/www.maroon5br.com\/site\/wp-json\/wp\/v2\/pages\/9750"}],"wp:featuredmedia":[{"embeddable":true,"href":"https:\/\/www.maroon5br.com\/site\/wp-json\/wp\/v2\/media\/16359"}],"wp:attachment":[{"href":"https:\/\/www.maroon5br.com\/site\/wp-json\/wp\/v2\/media?parent=9772"}],"curies":[{"name":"wp","href":"https:\/\/api.w.org\/{rel}","templated":true}]}}