{"id":9868,"date":"2012-05-24T01:42:08","date_gmt":"2012-05-24T04:42:08","guid":{"rendered":"http:\/\/www.maroon5br.com\/?page_id=9868"},"modified":"2014-08-27T00:07:15","modified_gmt":"2014-08-27T03:07:15","slug":"palm-trees-and-power-lines-tour-2010","status":"publish","type":"page","link":"https:\/\/www.maroon5br.com\/site\/maroon5\/turnes\/palm-trees-and-power-lines-tour-2010\/","title":{"rendered":"Palm Trees And Power Lines Tour 2010"},"content":{"rendered":"<h3>A Turn\u00ea<\/h3>\n<p>Anunciada junto com o \u00e1lbum Hands All Over, a sexta turn\u00ea do Maroon 5 percorreu os Estados Unidos durante o ver\u00e3o e outono de 2010.<\/p>\n<p>Entre os artistas escolhidos para abrirem os shows estavam <strong>VV Brown<\/strong>, <strong>Kris Allen<\/strong>, <strong>Guster<\/strong>,<strong> Owl City<\/strong> e <strong>Ry Cuming<\/strong>.<\/p>\n<h3>Setlist<\/h3>\n<blockquote>\n<p style=\"text-align: center;\">Misery<br \/>\nIf I Never See Your Face Again<br \/>\nHarder to Breathe<br \/>\nGive a Little More<br \/>\nThe Sun<br \/>\nWon&#8217;t Go Home Without You<br \/>\nIf I Ain&#8217;t Got You (Cover de Alicia Keys)<br \/>\nMedley: Secret \/ What&#8217;s Love Got to Do With It (Cover de Tina Turner)<br \/>\nShe Will Be Loved<br \/>\nWake Up Call<br \/>\nShiver<br \/>\nStutter<br \/>\nThis Love<\/p>\n<p style=\"text-align: center;\"><strong>Encore:<\/strong><br \/>\nMakes Me Wonder<br \/>\nSunday Morning<\/p>\n<\/blockquote>\n<h3>Poster oficial<\/h3>\n<p style=\"text-align: center;\"><img loading=\"lazy\" decoding=\"async\" data-id=\"16846\"  src=\"https:\/\/www.maroon5br.com\/site\/wp-content\/uploads\/2012\/05\/ptpl-poster.png\" alt=\"ptpl-poster\" width=\"335\" height=\"425\" class=\"alignnone size-full wp-image-16846\" srcset=\"https:\/\/www.maroon5br.com\/site\/wp-content\/uploads\/2012\/05\/ptpl-poster.png 335w, https:\/\/www.maroon5br.com\/site\/wp-content\/uploads\/2012\/05\/ptpl-poster-118x150.png 118w, https:\/\/www.maroon5br.com\/site\/wp-content\/uploads\/2012\/05\/ptpl-poster-236x300.png 236w, https:\/\/www.maroon5br.com\/site\/wp-content\/uploads\/2012\/05\/ptpl-poster-300x380.png 300w\" sizes=\"auto, (max-width: 335px) 100vw, 335px\" \/><\/p>\n<h3>Videos<\/h3>\n<blockquote><p>httpv:\/\/www.youtube.com\/watch?v=qKD2cAm2YVA<br \/>\nhttpv:\/\/www.youtube.com\/watch?v=VCJdcpSBPnA<\/p><\/blockquote>\n<h3>Datas<\/h3>\n<table>\n<tbody>\n<tr>\n<th>Data<\/th>\n<th>Cidade<\/th>\n<th>Pa\u00eds<\/th>\n<th>Local<\/th>\n<\/tr>\n<tr>\n<th colspan=\"4\"><strong>Am\u00e9rica do Norte<\/strong><\/th>\n<\/tr>\n<tr>\n<td>30 de Julho\u00a0de\u00a02010<\/td>\n<td>Saratoga<\/td>\n<td>Estados Unidos<\/td>\n<td>Saratoga Performing Arts Center<\/td>\n<\/tr>\n<tr>\n<td>31 de Julho\u00a0de\u00a02010<\/td>\n<td>Gilford<\/td>\n<td>Estados Unidos<\/td>\n<td>Meadowbrook U.S. Cellular Pavilion<\/td>\n<\/tr>\n<tr>\n<td>01 de Agosto\u00a0de\u00a02010<\/td>\n<td>Uncasville<\/td>\n<td>Estados Unidos<\/td>\n<td>Mohegan Sun Arena<\/td>\n<\/tr>\n<tr>\n<td>04 de Agosto\u00a0de\u00a02010<\/td>\n<td>Toronto<\/td>\n<td>Canad\u00e1<\/td>\n<td>Molson Amphitheatre<\/td>\n<\/tr>\n<tr>\n<td>05 de Agosto\u00a0de\u00a02010<\/td>\n<td>Clarkston<\/td>\n<td>Estados Unidos<\/td>\n<td>DTE Energy Music Theatre<\/td>\n<\/tr>\n<tr>\n<td>07 de Agosto\u00a0de\u00a02010<\/td>\n<td>Canandaigua<\/td>\n<td>Estados Unidos<\/td>\n<td>Constellation Brands Performing Arts<\/td>\n<\/tr>\n<tr>\n<td>09 de Agosto\u00a0de\u00a02010<\/td>\n<td>Boston<\/td>\n<td>Estados Unidos<\/td>\n<td>Bank Of America Pavillion<\/td>\n<\/tr>\n<tr>\n<td>11 de Agosto\u00a0de\u00a02010<\/td>\n<td>Wantagh<\/td>\n<td>Estados Unidos<\/td>\n<td>Nikon at Jones Beach Theater<\/td>\n<\/tr>\n<tr>\n<td>13 de Agosto\u00a0de\u00a02010<\/td>\n<td>Bristol<\/td>\n<td>Estados Unidos<\/td>\n<td>Jiffy Lube Live<\/td>\n<\/tr>\n<tr>\n<td>14 de Agosto\u00a0de\u00a02010<\/td>\n<td>Camden<\/td>\n<td>Estados Unidos<\/td>\n<td>Susquehanna Bank Center<\/td>\n<\/tr>\n<tr>\n<td>15 de Agosto\u00a0de\u00a02010<\/td>\n<td>Holmdel<\/td>\n<td>Estados Unidos<\/td>\n<td>PNC Bank Arts Center<\/td>\n<\/tr>\n<tr>\n<td>17 de Agosto\u00a0de\u00a02010<\/td>\n<td>Raleigh<\/td>\n<td>Estados Unidos<\/td>\n<td>Raleigh Amphitheater and Festival Site<\/td>\n<\/tr>\n<tr>\n<td>19 de Agosto\u00a0de\u00a02010<\/td>\n<td>Miami<\/td>\n<td>Estados Unidos<\/td>\n<td>Bayfront Park Amphitheater<\/td>\n<\/tr>\n<tr>\n<td>21 de Agosto\u00a0de\u00a02010<\/td>\n<td>Alpharreta<\/td>\n<td>Estados Unidos<\/td>\n<td>Verizon Wireless Amphiteather at Encore Park<\/td>\n<\/tr>\n<tr>\n<td>24 de Agosto\u00a0de\u00a02010<\/td>\n<td>Davidson<\/td>\n<td>Estados Unidos<\/td>\n<td>Belk Arena<\/td>\n<\/tr>\n<tr>\n<td>26 de Agosto\u00a0de\u00a02010<\/td>\n<td>Chattanooga<\/td>\n<td>Estados Unidos<\/td>\n<td>McKenzie Arena<\/td>\n<\/tr>\n<tr>\n<td>27 de Agosto\u00a0de\u00a02010<\/td>\n<td>Memphis<\/td>\n<td>Estados Unidos<\/td>\n<td>Mud Island Amphitheater<\/td>\n<\/tr>\n<tr>\n<td>28 de Agosto\u00a0de\u00a02010<\/td>\n<td>Lexington<\/td>\n<td>Estados Unidos<\/td>\n<td>Applebee&#8217;s Park<\/td>\n<\/tr>\n<tr>\n<td>29 de Agosto\u00a0de\u00a02010<\/td>\n<td>Pittsburgh<\/td>\n<td>Estados Unidos<\/td>\n<td>Trib Total Media Amphitheatre at Station Square<\/td>\n<\/tr>\n<tr>\n<td>31 de Agosto\u00a0de\u00a02010<\/td>\n<td>Dayton<\/td>\n<td>Estados Unidos<\/td>\n<td>Fraze Pavilion<\/td>\n<\/tr>\n<tr>\n<td>01 de Setembro\u00a0de\u00a02010<\/td>\n<td>Indianapolis<\/td>\n<td>Estados Unidos<\/td>\n<td>Murat Theatre<\/td>\n<\/tr>\n<tr>\n<td>06 de Outubro\u00a0de\u00a02010<\/td>\n<td>Santa Barbara<\/td>\n<td>Estados Unidos<\/td>\n<td>Santa Barbara Bowl<\/td>\n<\/tr>\n<tr>\n<td>08 de Outubro\u00a0de\u00a02010<\/td>\n<td>Los Angeles<\/td>\n<td>Estados Unidos<\/td>\n<td>Greek Theatre<\/td>\n<\/tr>\n<tr>\n<td>09 de Outubro\u00a0de\u00a02010<\/td>\n<td>Los Angeles<\/td>\n<td>Estados Unidos<\/td>\n<td>Greek Theatre<\/td>\n<\/tr>\n<tr>\n<td>10 de Outubro\u00a0de\u00a02010<\/td>\n<td>Berkeley<\/td>\n<td>Estados Unidos<\/td>\n<td>Greek Theatre<\/td>\n<\/tr>\n<tr>\n<td>12 de Outubro\u00a0de\u00a02010<\/td>\n<td>Tacoma<\/td>\n<td>Estados Unidos<\/td>\n<td>Tacoma Dome<\/td>\n<\/tr>\n<tr>\n<td>14 de Outubro\u00a0de\u00a02010<\/td>\n<td>Fresno<\/td>\n<td>Estados Unidos<\/td>\n<td>Save Mart Center<\/td>\n<\/tr>\n<tr>\n<td>15 de Outubro\u00a0de\u00a02010<\/td>\n<td>Sacramento<\/td>\n<td>Estados Unidos<\/td>\n<td>ARCO Arena<\/td>\n<\/tr>\n<tr>\n<td>16 de Outubro\u00a0de\u00a02010<\/td>\n<td>San Diego<\/td>\n<td>Estados Unidos<\/td>\n<td>Viejas Arena<\/td>\n<\/tr>\n<tr>\n<td>19 de Outubro\u00a0de\u00a02010<\/td>\n<td>Tulsa<\/td>\n<td>Estados Unidos<\/td>\n<td>BOK Center<\/td>\n<\/tr>\n<tr>\n<td>21 de Outubro\u00a0de\u00a02010<\/td>\n<td>Dallas<\/td>\n<td>Estados Unidos<\/td>\n<td>Superpages.com Center<\/td>\n<\/tr>\n<tr>\n<td>22 de Outubro\u00a0de\u00a02010<\/td>\n<td>Spring<\/td>\n<td>Estados Unidos<\/td>\n<td>Woodlands Pavilion<\/td>\n<\/tr>\n<tr>\n<td>23 de Outubro\u00a0de\u00a02010<\/td>\n<td>North Blioxi<\/td>\n<td>Estados Unidos<\/td>\n<td>Hard Rock Live<\/td>\n<\/tr>\n<tr>\n<td>27 de Outubro\u00a0de\u00a02010<\/td>\n<td>Chicago<\/td>\n<td>Estados Unidos<\/td>\n<td>UIC Pavillion<\/td>\n<\/tr>\n<tr>\n<td>28 de Outubro\u00a0de\u00a02010<\/td>\n<td>Minneapolis<\/td>\n<td>Estados Unidos<\/td>\n<td>Target Center<\/td>\n<\/tr>\n<tr>\n<td>29 de Outubro\u00a0de\u00a02010<\/td>\n<td>Mahnomen<\/td>\n<td>Estados Unidos<\/td>\n<td>Shooting Star Casino<\/td>\n<\/tr>\n<\/tbody>\n<\/table>\n","protected":false},"excerpt":{"rendered":"<p>A Turn\u00ea Anunciada junto com o \u00e1lbum Hands All Over, a sexta turn\u00ea do Maroon 5 percorreu os Estados Unidos durante o ver\u00e3o e outono de 2010. Entre os artistas escolhidos para abrirem os shows estavam VV Brown, Kris Allen, Guster, Owl City e Ry Cuming. Setlist Misery If I Never See Your Face Again [&hellip;]<\/p>\n","protected":false},"author":1,"featured_media":16366,"parent":9750,"menu_order":6,"comment_status":"open","ping_status":"closed","template":"","meta":{"_themeisle_gutenberg_block_has_review":false,"footnotes":""},"class_list":["post-9868","page","type-page","status-publish","has-post-thumbnail","hentry"],"_links":{"self":[{"href":"https:\/\/www.maroon5br.com\/site\/wp-json\/wp\/v2\/pages\/9868","targetHints":{"allow":["GET"]}}],"collection":[{"href":"https:\/\/www.maroon5br.com\/site\/wp-json\/wp\/v2\/pages"}],"about":[{"href":"https:\/\/www.maroon5br.com\/site\/wp-json\/wp\/v2\/types\/page"}],"author":[{"embeddable":true,"href":"https:\/\/www.maroon5br.com\/site\/wp-json\/wp\/v2\/users\/1"}],"replies":[{"embeddable":true,"href":"https:\/\/www.maroon5br.com\/site\/wp-json\/wp\/v2\/comments?post=9868"}],"version-history":[{"count":13,"href":"https:\/\/www.maroon5br.com\/site\/wp-json\/wp\/v2\/pages\/9868\/revisions"}],"predecessor-version":[{"id":16856,"href":"https:\/\/www.maroon5br.com\/site\/wp-json\/wp\/v2\/pages\/9868\/revisions\/16856"}],"up":[{"embeddable":true,"href":"https:\/\/www.maroon5br.com\/site\/wp-json\/wp\/v2\/pages\/9750"}],"wp:featuredmedia":[{"embeddable":true,"href":"https:\/\/www.maroon5br.com\/site\/wp-json\/wp\/v2\/media\/16366"}],"wp:attachment":[{"href":"https:\/\/www.maroon5br.com\/site\/wp-json\/wp\/v2\/media?parent=9868"}],"curies":[{"name":"wp","href":"https:\/\/api.w.org\/{rel}","templated":true}]}}